{"id":114,"date":"2020-05-07T09:45:31","date_gmt":"2020-05-07T09:45:31","guid":{"rendered":"http:\/\/hsemsbueren.de\/?page_id=114"},"modified":"2025-10-28T12:03:21","modified_gmt":"2025-10-28T10:03:21","slug":"sv","status":"publish","type":"page","link":"https:\/\/hs-emsbueren.de\/?page_id=114","title":{"rendered":"SV"},"content":{"rendered":"\n<p>Die SV (Sch\u00fclervertretung) besteht aus den gew\u00e4hlten Vertretungen der Klassensprecher*innen und Stellvertretungen und setzt sich u.a. f\u00fcr die Belange der Sch\u00fclerschaft ein.<\/p>\n\n\n\n<p>Im <strong>Schuljahr 2025\/26<\/strong> vertreten uns <strong>Monja Seltier und Mats Teepen<strong> (10c1)<\/strong><\/strong><\/p>\n\n\n\n<figure class=\"wp-block-image size-large is-resized\"><img loading=\"lazy\" decoding=\"async\" width=\"767\" height=\"1024\" src=\"https:\/\/hs-emsbueren.de\/wp-content\/uploads\/2025\/10\/IMG_5089-1-767x1024.jpg\" alt=\"\" class=\"wp-image-5782\" style=\"width:323px;height:auto\" srcset=\"https:\/\/hs-emsbueren.de\/wp-content\/uploads\/2025\/10\/IMG_5089-1-767x1024.jpg 767w, https:\/\/hs-emsbueren.de\/wp-content\/uploads\/2025\/10\/IMG_5089-1-225x300.jpg 225w, https:\/\/hs-emsbueren.de\/wp-content\/uploads\/2025\/10\/IMG_5089-1-768x1026.jpg 768w, https:\/\/hs-emsbueren.de\/wp-content\/uploads\/2025\/10\/IMG_5089-1.jpg 828w\" sizes=\"auto, (max-width: 767px) 100vw, 767px\" \/><figcaption class=\"wp-element-caption\">Screenshot<\/figcaption><\/figure>\n","protected":false},"excerpt":{"rendered":"<p>Die SV (Sch\u00fclervertretung) besteht aus den gew\u00e4hlten Vertretungen der Klassensprecher*innen und Stellvertretungen und setzt sich u.a. f\u00fcr die Belange der Sch\u00fclerschaft ein. Im Schuljahr 2025\/26 vertreten uns Monja Seltier und Mats Teepen (10c1)<\/p>\n","protected":false},"author":2,"featured_media":0,"parent":0,"menu_order":0,"comment_status":"closed","ping_status":"closed","template":"","meta":{"ngg_post_thumbnail":0,"footnotes":""},"class_list":["post-114","page","type-page","status-publish","hentry"],"_links":{"self":[{"href":"https:\/\/hs-emsbueren.de\/index.php?rest_route=\/wp\/v2\/pages\/114","targetHints":{"allow":["GET"]}}],"collection":[{"href":"https:\/\/hs-emsbueren.de\/index.php?rest_route=\/wp\/v2\/pages"}],"about":[{"href":"https:\/\/hs-emsbueren.de\/index.php?rest_route=\/wp\/v2\/types\/page"}],"author":[{"embeddable":true,"href":"https:\/\/hs-emsbueren.de\/index.php?rest_route=\/wp\/v2\/users\/2"}],"replies":[{"embeddable":true,"href":"https:\/\/hs-emsbueren.de\/index.php?rest_route=%2Fwp%2Fv2%2Fcomments&post=114"}],"version-history":[{"count":15,"href":"https:\/\/hs-emsbueren.de\/index.php?rest_route=\/wp\/v2\/pages\/114\/revisions"}],"predecessor-version":[{"id":5783,"href":"https:\/\/hs-emsbueren.de\/index.php?rest_route=\/wp\/v2\/pages\/114\/revisions\/5783"}],"wp:attachment":[{"href":"https:\/\/hs-emsbueren.de\/index.php?rest_route=%2Fwp%2Fv2%2Fmedia&parent=114"}],"curies":[{"name":"wp","href":"https:\/\/api.w.org\/{rel}","templated":true}]}}