{"id":1203,"date":"2020-06-16T13:49:54","date_gmt":"2020-06-16T11:49:54","guid":{"rendered":"https:\/\/hs-emsbueren.de\/?page_id=1203"},"modified":"2020-06-16T13:56:58","modified_gmt":"2020-06-16T11:56:58","slug":"kunst-in-der-hse","status":"publish","type":"page","link":"https:\/\/hs-emsbueren.de\/?page_id=1203","title":{"rendered":"Kunst in der HSE"},"content":{"rendered":"\n<p>Zum Lehrplan unserer Schule geh\u00f6rte schon immer der Kunstunterricht, der die kreativen Anteile bei unseren Sch\u00fclerinnen und Sch\u00fclern f\u00f6rdert. In all den Jahren kamen so zahlreiche \u201eKunstwerke\u201c zusammen. Einige von ihnen waren\/sind so sehenswert, dass sie die W\u00e4nde der Schule zieren, nachdem sie von den betreffenden Sch\u00fclerinnen und Sch\u00fclern der <strong><span class=\"has-inline-color has-luminous-vivid-amber-color\">H<\/span><span class=\"has-inline-color has-vivid-cyan-blue-color\">S<\/span><span class=\"has-inline-color has-vivid-red-color\">E<\/span><\/strong> zur Verf\u00fcgung gestellt wurden. Eine Auswahl dieser Bilder soll in der folgenden Galerie gezeigt werden.<\/p>\n\n\n\nngg_shortcode_0_placeholder\n","protected":false},"excerpt":{"rendered":"<p>Zum Lehrplan unserer Schule geh\u00f6rte schon immer der Kunstunterricht, der die kreativen Anteile bei unseren Sch\u00fclerinnen und Sch\u00fclern f\u00f6rdert. In all den Jahren kamen so zahlreiche \u201eKunstwerke\u201c zusammen. Einige von ihnen waren\/sind so sehenswert, dass sie die W\u00e4nde der Schule zieren, nachdem sie von den betreffenden Sch\u00fclerinnen und Sch\u00fclern der HSE zur Verf\u00fcgung gestellt wurden. [&hellip;]<\/p>\n","protected":false},"author":1,"featured_media":0,"parent":0,"menu_order":0,"comment_status":"closed","ping_status":"closed","template":"","meta":{"ngg_post_thumbnail":0,"footnotes":""},"class_list":["post-1203","page","type-page","status-publish","hentry"],"_links":{"self":[{"href":"https:\/\/hs-emsbueren.de\/index.php?rest_route=\/wp\/v2\/pages\/1203","targetHints":{"allow":["GET"]}}],"collection":[{"href":"https:\/\/hs-emsbueren.de\/index.php?rest_route=\/wp\/v2\/pages"}],"about":[{"href":"https:\/\/hs-emsbueren.de\/index.php?rest_route=\/wp\/v2\/types\/page"}],"author":[{"embeddable":true,"href":"https:\/\/hs-emsbueren.de\/index.php?rest_route=\/wp\/v2\/users\/1"}],"replies":[{"embeddable":true,"href":"https:\/\/hs-emsbueren.de\/index.php?rest_route=%2Fwp%2Fv2%2Fcomments&post=1203"}],"version-history":[{"count":2,"href":"https:\/\/hs-emsbueren.de\/index.php?rest_route=\/wp\/v2\/pages\/1203\/revisions"}],"predecessor-version":[{"id":1221,"href":"https:\/\/hs-emsbueren.de\/index.php?rest_route=\/wp\/v2\/pages\/1203\/revisions\/1221"}],"wp:attachment":[{"href":"https:\/\/hs-emsbueren.de\/index.php?rest_route=%2Fwp%2Fv2%2Fmedia&parent=1203"}],"curies":[{"name":"wp","href":"https:\/\/api.w.org\/{rel}","templated":true}]}}