{"id":1523,"date":"2020-09-18T08:24:46","date_gmt":"2020-09-18T06:24:46","guid":{"rendered":"https:\/\/hs-emsbueren.de\/?page_id=1523"},"modified":"2022-07-05T08:02:41","modified_gmt":"2022-07-05T06:02:41","slug":"adressen-links","status":"publish","type":"page","link":"https:\/\/hs-emsbueren.de\/?page_id=1523","title":{"rendered":"Adressen\/Links"},"content":{"rendered":"\n<p>Im Folgenden gibt es die M\u00f6glichkeit, sich \u00fcber Ausbildungsm\u00f6glichkeiten in Emsb\u00fcren sowie generelle Fragestellungen zum Thema Ausbildung und Beruf zu informieren.<\/p>\n\n\n\n<div data-wp-interactive=\"core\/file\" class=\"wp-block-file\"><object data-wp-bind--hidden=\"!state.hasPdfPreview\" hidden class=\"wp-block-file__embed\" data=\"https:\/\/hs-emsbueren.de\/wp-content\/uploads\/2022\/07\/Ausbildungsflyer-2023.pdf\" type=\"application\/pdf\" style=\"width:100%;height:600px\" aria-label=\"Einbettung von Einbettung von Ausbildungsflyer-2023..\"><\/object><a id=\"wp-block-file--media-f5e9e09e-87e3-4761-89a1-fdd31f176421\" href=\"https:\/\/hs-emsbueren.de\/wp-content\/uploads\/2022\/07\/Ausbildungsflyer-2023.pdf\">Ausbildungsflyer-2023<\/a><a href=\"https:\/\/hs-emsbueren.de\/wp-content\/uploads\/2022\/07\/Ausbildungsflyer-2023.pdf\" class=\"wp-block-file__button\" download aria-describedby=\"wp-block-file--media-f5e9e09e-87e3-4761-89a1-fdd31f176421\">Herunterladen<\/a><\/div>\n\n\n\n<div class=\"wp-block-file\"><a id=\"wp-block-file--media-41b81170-2567-4c07-8eab-0d4e0c23f6a1\" href=\"https:\/\/hs-emsbueren.de\/wp-content\/uploads\/2020\/09\/Adressen-fuer-Informationen-zum-Thema-Berufsausbildung.pdf\">Adressen f\u00fcr Informationen zum Thema Berufsausbildung<\/a><a href=\"https:\/\/hs-emsbueren.de\/wp-content\/uploads\/2020\/09\/Adressen-fuer-Informationen-zum-Thema-Berufsausbildung.pdf\" class=\"wp-block-file__button\" download aria-describedby=\"wp-block-file--media-41b81170-2567-4c07-8eab-0d4e0c23f6a1\">Herunterladen<\/a><\/div>\n","protected":false},"excerpt":{"rendered":"<p>Im Folgenden gibt es die M\u00f6glichkeit, sich \u00fcber Ausbildungsm\u00f6glichkeiten in Emsb\u00fcren sowie generelle Fragestellungen zum Thema Ausbildung und Beruf zu informieren.<\/p>\n","protected":false},"author":1,"featured_media":0,"parent":0,"menu_order":0,"comment_status":"closed","ping_status":"closed","template":"","meta":{"ngg_post_thumbnail":0,"footnotes":""},"class_list":["post-1523","page","type-page","status-publish","hentry"],"_links":{"self":[{"href":"https:\/\/hs-emsbueren.de\/index.php?rest_route=\/wp\/v2\/pages\/1523","targetHints":{"allow":["GET"]}}],"collection":[{"href":"https:\/\/hs-emsbueren.de\/index.php?rest_route=\/wp\/v2\/pages"}],"about":[{"href":"https:\/\/hs-emsbueren.de\/index.php?rest_route=\/wp\/v2\/types\/page"}],"author":[{"embeddable":true,"href":"https:\/\/hs-emsbueren.de\/index.php?rest_route=\/wp\/v2\/users\/1"}],"replies":[{"embeddable":true,"href":"https:\/\/hs-emsbueren.de\/index.php?rest_route=%2Fwp%2Fv2%2Fcomments&post=1523"}],"version-history":[{"count":17,"href":"https:\/\/hs-emsbueren.de\/index.php?rest_route=\/wp\/v2\/pages\/1523\/revisions"}],"predecessor-version":[{"id":3907,"href":"https:\/\/hs-emsbueren.de\/index.php?rest_route=\/wp\/v2\/pages\/1523\/revisions\/3907"}],"wp:attachment":[{"href":"https:\/\/hs-emsbueren.de\/index.php?rest_route=%2Fwp%2Fv2%2Fmedia&parent=1523"}],"curies":[{"name":"wp","href":"https:\/\/api.w.org\/{rel}","templated":true}]}}