{"id":166,"date":"2020-05-08T06:02:02","date_gmt":"2020-05-08T06:02:02","guid":{"rendered":"http:\/\/hsemsbueren.de\/?page_id=166"},"modified":"2025-05-20T08:10:45","modified_gmt":"2025-05-20T06:10:45","slug":"wir-stellen-uns-vor","status":"publish","type":"page","link":"https:\/\/hs-emsbueren.de\/?page_id=166","title":{"rendered":"Wir stellen uns vor"},"content":{"rendered":"\n<figure class=\"wp-block-image size-large\"><img loading=\"lazy\" decoding=\"async\" width=\"1024\" height=\"329\" src=\"http:\/\/hsemsbueren.de\/wp-content\/uploads\/2020\/05\/Logo-HSE-neu-1024x329.jpg\" alt=\"\" class=\"wp-image-8\" srcset=\"https:\/\/hs-emsbueren.de\/wp-content\/uploads\/2020\/05\/Logo-HSE-neu-1024x329.jpg 1024w, https:\/\/hs-emsbueren.de\/wp-content\/uploads\/2020\/05\/Logo-HSE-neu-300x96.jpg 300w, https:\/\/hs-emsbueren.de\/wp-content\/uploads\/2020\/05\/Logo-HSE-neu-768x247.jpg 768w, https:\/\/hs-emsbueren.de\/wp-content\/uploads\/2020\/05\/Logo-HSE-neu-400x129.jpg 400w, https:\/\/hs-emsbueren.de\/wp-content\/uploads\/2020\/05\/Logo-HSE-neu.jpg 1042w\" sizes=\"auto, (max-width: 1024px) 100vw, 1024px\" \/><\/figure>\n\n\n\n<figure class=\"wp-block-image size-large\"><img loading=\"lazy\" decoding=\"async\" width=\"1024\" height=\"683\" src=\"https:\/\/hs-emsbueren.de\/wp-content\/uploads\/2022\/11\/CU2_0281a-1024x683.jpg\" alt=\"\" class=\"wp-image-4308\" srcset=\"https:\/\/hs-emsbueren.de\/wp-content\/uploads\/2022\/11\/CU2_0281a-1024x683.jpg 1024w, https:\/\/hs-emsbueren.de\/wp-content\/uploads\/2022\/11\/CU2_0281a-300x200.jpg 300w, https:\/\/hs-emsbueren.de\/wp-content\/uploads\/2022\/11\/CU2_0281a-768x512.jpg 768w, https:\/\/hs-emsbueren.de\/wp-content\/uploads\/2022\/11\/CU2_0281a-1536x1025.jpg 1536w, https:\/\/hs-emsbueren.de\/wp-content\/uploads\/2022\/11\/CU2_0281a-2048x1367.jpg 2048w, https:\/\/hs-emsbueren.de\/wp-content\/uploads\/2022\/11\/CU2_0281a-400x267.jpg 400w\" sizes=\"auto, (max-width: 1024px) 100vw, 1024px\" \/><\/figure>\n\n\n\n<p><strong>mitten im Ort \u2013 mitten im Geschehen \u2013 mitten im Leben<\/strong><\/p>\n\n\n\n<p>Die Hauptschule Emsb\u00fcren \u2013 die <strong><mark style=\"background-color:rgba(0, 0, 0, 0)\" class=\"has-inline-color has-luminous-vivid-amber-color\">H<\/mark> <mark style=\"background-color:rgba(0, 0, 0, 0)\" class=\"has-inline-color has-vivid-cyan-blue-color\">S<\/mark> <mark style=\"background-color:rgba(0, 0, 0, 0)\" class=\"has-inline-color has-vivid-red-color\">E<\/mark><\/strong> wie wir sie nennen \u2013 ist eine kleine, famili\u00e4re Schule in der Gemeinde Emsb\u00fcren. <strong>133 Sch\u00fclerinnen und Sch\u00fcler<\/strong> kommen t\u00e4glich in<strong> 9<\/strong> <strong>kleinen<\/strong> <strong>Klassen<\/strong>* zusammen. Sie verbringen ihren Schultag in den Klassen-, Kurs- und Fachr\u00e4umen in der Schule und haben auf dem gro\u00dfz\u00fcgig angelegten Schulhof in den Pausen Zeit zum Durchatmen. Der Freizeitbereich und die Mensa bieten ihnen zahlreiche M\u00f6glichkeiten f\u00fcr gemeinsame Aktivit\u00e4ten.<\/p>\n\n\n\n<p>Der Unterricht wird von <strong>12<\/strong> <strong>Stammlehrkr\u00e4ften<\/strong> gestaltet. Unterst\u00fctzt werden sie von abgeordneten <strong>Fach- und F\u00f6rderschullehrern<\/strong>. F\u00fcr einen reibungslosen Ablauf um den Unterricht herum sorgt ein <strong>Team von Mitarbeitern<\/strong>.<\/p>\n\n\n\n<p>Die <strong><span class=\"has-inline-color has-luminous-vivid-amber-color\">H<\/span> <span class=\"has-inline-color has-vivid-cyan-blue-color\">S<\/span> <span class=\"has-inline-color has-vivid-red-color\">E<\/span><\/strong> ist ein Bindeglied zwischen den verschiedenen Typen von Menschen. In der gemeinsam verbrachten Zeit steht die Entwicklung der <strong>pers\u00f6nlichen St\u00e4rken<\/strong> und <strong>Selbst\u00e4ndigkeit<\/strong> jedes Kindes und Jugendlichen im Mittelpunkt. Dabei liegt uns ein <strong>respektvolles, tolerantes und verantwortungsvolles Miteinander<\/strong> besonders am Herzen. Im Unterricht und durch gemeinsame Aktionen wird bei uns <strong>Inklusion<\/strong> gelebt und <strong>Sozialkompetenz<\/strong> gef\u00f6rdert. Die Interessen und Ideen der Sch\u00fcler spielen dabei ebenso eine Rolle wie aktuelle gesellschaftliche Themen oder curriculare Vorgaben.<\/p>\n\n\n\n<p>Die <strong><span class=\"has-inline-color has-luminous-vivid-amber-color\">H<\/span> <span class=\"has-inline-color has-vivid-cyan-blue-color\">S<\/span> <span class=\"has-inline-color has-vivid-red-color\">E<\/span><\/strong> ist auch die Verbindung von Grundschulzeit und Berufsleben. Wir bieten den Kindern Raum, um anzukommen, sich zu entwickeln und zu orientieren. Durch unsere Angebote zur <strong>Berufsorientierung<\/strong> erhalten die Sch\u00fclerinnen und Sch\u00fcler bereits fr\u00fchzeitig Einblicke in das Arbeitsleben und die M\u00f6glichkeiten der beruflichen und schulischen Weiterbildung nach ihrem Abschluss. Aufgrund ihrer Wichtigkeit in vielen Lebensbereichen findet von Anfang an die F\u00f6rderung der <strong>Medienkompetenz<\/strong> statt.<\/p>\n\n\n\n<p>Als Voraussetzung f\u00fcr eine gute, gelingende <strong>Zusammenarbeit<\/strong> aller Beteiligten \u2013 den <strong>Sch\u00fclern, den Eltern und den Lehrern<\/strong> \u2013 wollen wir miteinander im Gespr\u00e4ch sein und bleiben. Nur so funktioniert Schule!<\/p>\n\n\n\n<p>Das waren nur die ersten Infos! Klickt euch durch und schon seid ihr<\/p>\n\n\n\n<p>\u2026 <strong><span class=\"has-inline-color has-vivid-cyan-blue-color\">MITTENDRIN!<\/span><\/strong><\/p>\n\n\n\n<p>*<em>Stand: Schuljahr 2024\/2<\/em>5<\/p>\n","protected":false},"excerpt":{"rendered":"<p>mitten im Ort \u2013 mitten im Geschehen \u2013 mitten im Leben Die Hauptschule Emsb\u00fcren \u2013 die H S E wie wir sie nennen \u2013 ist eine kleine, famili\u00e4re Schule in der Gemeinde Emsb\u00fcren. 133 Sch\u00fclerinnen und Sch\u00fcler kommen t\u00e4glich in 9 kleinen Klassen* zusammen. Sie verbringen ihren Schultag in den Klassen-, Kurs- und Fachr\u00e4umen in [&hellip;]<\/p>\n","protected":false},"author":1,"featured_media":0,"parent":0,"menu_order":0,"comment_status":"closed","ping_status":"closed","template":"","meta":{"ngg_post_thumbnail":0,"footnotes":""},"class_list":["post-166","page","type-page","status-publish","hentry"],"_links":{"self":[{"href":"https:\/\/hs-emsbueren.de\/index.php?rest_route=\/wp\/v2\/pages\/166","targetHints":{"allow":["GET"]}}],"collection":[{"href":"https:\/\/hs-emsbueren.de\/index.php?rest_route=\/wp\/v2\/pages"}],"about":[{"href":"https:\/\/hs-emsbueren.de\/index.php?rest_route=\/wp\/v2\/types\/page"}],"author":[{"embeddable":true,"href":"https:\/\/hs-emsbueren.de\/index.php?rest_route=\/wp\/v2\/users\/1"}],"replies":[{"embeddable":true,"href":"https:\/\/hs-emsbueren.de\/index.php?rest_route=%2Fwp%2Fv2%2Fcomments&post=166"}],"version-history":[{"count":14,"href":"https:\/\/hs-emsbueren.de\/index.php?rest_route=\/wp\/v2\/pages\/166\/revisions"}],"predecessor-version":[{"id":5613,"href":"https:\/\/hs-emsbueren.de\/index.php?rest_route=\/wp\/v2\/pages\/166\/revisions\/5613"}],"wp:attachment":[{"href":"https:\/\/hs-emsbueren.de\/index.php?rest_route=%2Fwp%2Fv2%2Fmedia&parent=166"}],"curies":[{"name":"wp","href":"https:\/\/api.w.org\/{rel}","templated":true}]}}