{"id":171,"date":"2020-05-08T06:08:37","date_gmt":"2020-05-08T06:08:37","guid":{"rendered":"http:\/\/hsemsbueren.de\/?page_id=171"},"modified":"2024-10-01T08:01:30","modified_gmt":"2024-10-01T06:01:30","slug":"kompetenzfeststellung","status":"publish","type":"page","link":"https:\/\/hs-emsbueren.de\/?page_id=171","title":{"rendered":"Kompetenzfeststellung"},"content":{"rendered":"<div class=\"wp-block-image\">\n<figure class=\"alignright size-large is-resized\"><img loading=\"lazy\" decoding=\"async\" width=\"500\" height=\"472\" src=\"http:\/\/hsemsbueren.de\/wp-content\/uploads\/2020\/05\/ProfilAC-2.png\" alt=\"\" class=\"wp-image-291\" style=\"width:192px;height:181px\" srcset=\"https:\/\/hs-emsbueren.de\/wp-content\/uploads\/2020\/05\/ProfilAC-2.png 500w, https:\/\/hs-emsbueren.de\/wp-content\/uploads\/2020\/05\/ProfilAC-2-300x283.png 300w, https:\/\/hs-emsbueren.de\/wp-content\/uploads\/2020\/05\/ProfilAC-2-318x300.png 318w\" sizes=\"auto, (max-width: 500px) 100vw, 500px\" \/><\/figure>\n<\/div>\n\n\n<p>Seit mehreren Jahren f\u00fchrt die Hauptschule Emsb\u00fcren bei den Sch\u00fclerinnen und Sch\u00fclern des 8. Jahrgangs eine Kompetenzanalyse zur Ermittlung der individuellen Entwicklung ihrer F\u00e4higkeiten, Talente und Interessen durch.<\/p>\n\n\n\n<p>Die Kompetenzanalyse PROFIL AC Niedersachsen ist ein erprobtes und bew\u00e4hrtes Verfahren zur Ermittlung der individuellen \u00fcberfachlichen Kompetenzen von Sch\u00fclerinnen und Sch\u00fclern. Es besteht aus mehreren Aufgaben, die die Jugendlichen erledigen. Zus\u00e4tzlich werden Frageb\u00f6gen eingesetzt. Die teilnehmenden Sch\u00fclerinnen und Sch\u00fcler sch\u00e4tzen ihre Kompetenzen zudem selbst ein.<\/p>\n\n\n\n<p>Die Testungen und Bewertungen der Lehrkr\u00e4fte sowie die Selbsteinsch\u00e4tzung der Sch\u00fclerinnen und Sch\u00fcler flie\u00dfen in ein Schaubild, das sogenannte \u201eKompetenzprofil\u201c ein. Dieses individuelle St\u00e4rkenprofil ist das Ergebnis des Verfahrens, das als fundierte Grundlage f\u00fcr das anschlie\u00dfend stattfindende R\u00fcckmeldegespr\u00e4ch dient, in dem \u00fcberlegt wird, wie eine eine sinnvolle Berufswegeplanung erfolgen k\u00f6nnte.<\/p>\n\n\n\n<p>F\u00fcr die Durchf\u00fchrung der Kompetenzanalyse sind an unserer Schule Frau Poprawa und Herr Vehring verantwortlich.<\/p>\n\n\n\n<p>Die personenbezogenen Daten, die wir im Zuge der Erhebung erfassen, werden anonymisiert und sind nicht durch Dritte einsehbar.<\/p>\n","protected":false},"excerpt":{"rendered":"<p>Seit mehreren Jahren f\u00fchrt die Hauptschule Emsb\u00fcren bei den Sch\u00fclerinnen und Sch\u00fclern des 8. Jahrgangs eine Kompetenzanalyse zur Ermittlung der individuellen Entwicklung ihrer F\u00e4higkeiten, Talente und Interessen durch. Die Kompetenzanalyse PROFIL AC Niedersachsen ist ein erprobtes und bew\u00e4hrtes Verfahren zur Ermittlung der individuellen \u00fcberfachlichen Kompetenzen von Sch\u00fclerinnen und Sch\u00fclern. Es besteht aus mehreren Aufgaben, die [&hellip;]<\/p>\n","protected":false},"author":1,"featured_media":0,"parent":0,"menu_order":0,"comment_status":"closed","ping_status":"closed","template":"","meta":{"ngg_post_thumbnail":0,"footnotes":""},"class_list":["post-171","page","type-page","status-publish","hentry"],"_links":{"self":[{"href":"https:\/\/hs-emsbueren.de\/index.php?rest_route=\/wp\/v2\/pages\/171","targetHints":{"allow":["GET"]}}],"collection":[{"href":"https:\/\/hs-emsbueren.de\/index.php?rest_route=\/wp\/v2\/pages"}],"about":[{"href":"https:\/\/hs-emsbueren.de\/index.php?rest_route=\/wp\/v2\/types\/page"}],"author":[{"embeddable":true,"href":"https:\/\/hs-emsbueren.de\/index.php?rest_route=\/wp\/v2\/users\/1"}],"replies":[{"embeddable":true,"href":"https:\/\/hs-emsbueren.de\/index.php?rest_route=%2Fwp%2Fv2%2Fcomments&post=171"}],"version-history":[{"count":8,"href":"https:\/\/hs-emsbueren.de\/index.php?rest_route=\/wp\/v2\/pages\/171\/revisions"}],"predecessor-version":[{"id":5327,"href":"https:\/\/hs-emsbueren.de\/index.php?rest_route=\/wp\/v2\/pages\/171\/revisions\/5327"}],"wp:attachment":[{"href":"https:\/\/hs-emsbueren.de\/index.php?rest_route=%2Fwp%2Fv2%2Fmedia&parent=171"}],"curies":[{"name":"wp","href":"https:\/\/api.w.org\/{rel}","templated":true}]}}