{"id":173,"date":"2020-05-08T06:09:01","date_gmt":"2020-05-08T06:09:01","guid":{"rendered":"http:\/\/hsemsbueren.de\/?page_id=173"},"modified":"2026-01-09T12:47:21","modified_gmt":"2026-01-09T10:47:21","slug":"praktikum","status":"publish","type":"page","link":"https:\/\/hs-emsbueren.de\/?page_id=173","title":{"rendered":"Praktikum"},"content":{"rendered":"<div class=\"wp-block-image\">\n<figure class=\"alignright size-large is-resized\"><img loading=\"lazy\" decoding=\"async\" width=\"720\" height=\"720\" src=\"https:\/\/hs-emsbueren.de\/wp-content\/uploads\/2020\/06\/schraubenschl\u00fcssel.png\" alt=\"\" class=\"wp-image-1249\" style=\"width:225px;height:225px\" srcset=\"https:\/\/hs-emsbueren.de\/wp-content\/uploads\/2020\/06\/schraubenschl\u00fcssel.png 720w, https:\/\/hs-emsbueren.de\/wp-content\/uploads\/2020\/06\/schraubenschl\u00fcssel-300x300.png 300w, https:\/\/hs-emsbueren.de\/wp-content\/uploads\/2020\/06\/schraubenschl\u00fcssel-150x150.png 150w\" sizes=\"auto, (max-width: 720px) 100vw, 720px\" \/><\/figure>\n<\/div>\n\n\n<p>An der <strong><span class=\"has-inline-color has-luminous-vivid-amber-color\">H<\/span><span class=\"has-inline-color has-vivid-cyan-blue-color\">S<\/span><span class=\"has-inline-color has-vivid-red-color\">E<\/span><\/strong> z\u00e4hlt das Praktikum zu den entscheidenden Elementen in der Beruflichen Orientierung. F\u00fcr unsere Sch\u00fclerinnen und Sch\u00fcler finden 2 Praktika w\u00e4hrend ihrer Schullaufbahn statt. Diese werden jeweils zweiw\u00f6chig im 8. und 9. Jahrgang absolviert. W\u00e4hrend das Praktikum im Jahrgang 8 ausschlie\u00dflich in Emsb\u00fcren stattfindet, k\u00f6nnen die Sch\u00fcler im Jahrgang 9 auch in Einzelf\u00e4llen ihr Praktikum in Nachbarorten verrichten (abh\u00e4ngig vom beruflichen Schwerpunkt).<\/p>\n\n\n\n<p>Die Praktikantenvereinbarung mit dem Betrieb\/der Einrichtung, die der Schule vorzulegen ist, sowie die Praktikumsbescheinigung kann man hier herunterladen.<\/p>\n\n\n\n<div class=\"wp-block-file\"><a id=\"wp-block-file--media-5f83af48-cc5c-4124-90b5-1ff9f9227a6a\" href=\"https:\/\/hs-emsbueren.de\/wp-content\/uploads\/2026\/01\/Praktikumsvereinbarung-vertrag.pdf\">Praktikumsvereinbarung-vertrag<\/a><a href=\"https:\/\/hs-emsbueren.de\/wp-content\/uploads\/2026\/01\/Praktikumsvereinbarung-vertrag.pdf\" class=\"wp-block-file__button wp-element-button\" download aria-describedby=\"wp-block-file--media-5f83af48-cc5c-4124-90b5-1ff9f9227a6a\">Herunterladen<\/a><\/div>\n\n\n\n<div class=\"wp-block-file\"><a id=\"wp-block-file--media-b41a228f-d3ba-45d2-b0b1-b964e3eb7432\" href=\"https:\/\/hs-emsbueren.de\/wp-content\/uploads\/2026\/01\/Praktikumsbescheinigung.pdf\">Praktikumsbescheinigung<\/a><a href=\"https:\/\/hs-emsbueren.de\/wp-content\/uploads\/2026\/01\/Praktikumsbescheinigung.pdf\" class=\"wp-block-file__button wp-element-button\" download aria-describedby=\"wp-block-file--media-b41a228f-d3ba-45d2-b0b1-b964e3eb7432\">Herunterladen<\/a><\/div>\n\n\n\n<p><\/p>\n\n\n\n<p><\/p>\n\n\n\n<p><\/p>\n\n\n\n<p><\/p>\n\n\n\n<h4 class=\"wp-block-heading\"><strong>Im Schuljahr 2025\/26 finden folgende Praktika statt<strong><mark style=\"background-color:rgba(0, 0, 0, 0)\" class=\"has-inline-color has-vivid-red-color\">*<\/mark><\/strong>: <\/strong><\/h4>\n\n\n\n<h4 class=\"wp-block-heading\"><strong>Jahrgang 9:     29. September &#8211; 10. Oktober 2025<\/strong><\/h4>\n\n\n\n<h4 class=\"wp-block-heading\"><strong>Jahrgang 8:     9. M\u00e4rz &#8211; 20. M\u00e4rz 2026 <\/strong><\/h4>\n\n\n\n<p><strong><mark style=\"background-color:rgba(0, 0, 0, 0)\" class=\"has-inline-color has-cyan-bluish-gray-color\">*<\/mark><\/strong><em><sub><mark style=\"background-color:rgba(0, 0, 0, 0)\" class=\"has-inline-color has-vivid-cyan-blue-color\">Die Sch\u00fclerinnen und Sch\u00fcler sollen sich nach R\u00fccksprache mit der Schule eigenst\u00e4ndig um einen Praktikumsplatz bem\u00fchen. Die Schule (Klassenleitung\/Schulsozialarbeit) steht hierbei beratend zur Seite (Berufsfeld, Bewerbungsmodalit\u00e4ten etc.). <\/mark><strong><mark style=\"background-color:#f78da7\" class=\"has-inline-color has-black-color\">Alle Sch\u00fclerinnen und Sch\u00fcler des 8. Jahrgangs m\u00fcssen bis zum 30. Januar 2026 (Ausgabe der Halbjahreszeugnisse) einen Praktikumsplatz nachweisen! <\/mark><\/strong><\/sub><\/em><\/p>\n\n\n\n<p><\/p>\n","protected":false},"excerpt":{"rendered":"<p>An der HSE z\u00e4hlt das Praktikum zu den entscheidenden Elementen in der Beruflichen Orientierung. F\u00fcr unsere Sch\u00fclerinnen und Sch\u00fcler finden 2 Praktika w\u00e4hrend ihrer Schullaufbahn statt. Diese werden jeweils zweiw\u00f6chig im 8. und 9. Jahrgang absolviert. W\u00e4hrend das Praktikum im Jahrgang 8 ausschlie\u00dflich in Emsb\u00fcren stattfindet, k\u00f6nnen die Sch\u00fcler im Jahrgang 9 auch in Einzelf\u00e4llen [&hellip;]<\/p>\n","protected":false},"author":1,"featured_media":0,"parent":0,"menu_order":0,"comment_status":"closed","ping_status":"closed","template":"","meta":{"ngg_post_thumbnail":0,"footnotes":""},"class_list":["post-173","page","type-page","status-publish","hentry"],"_links":{"self":[{"href":"https:\/\/hs-emsbueren.de\/index.php?rest_route=\/wp\/v2\/pages\/173","targetHints":{"allow":["GET"]}}],"collection":[{"href":"https:\/\/hs-emsbueren.de\/index.php?rest_route=\/wp\/v2\/pages"}],"about":[{"href":"https:\/\/hs-emsbueren.de\/index.php?rest_route=\/wp\/v2\/types\/page"}],"author":[{"embeddable":true,"href":"https:\/\/hs-emsbueren.de\/index.php?rest_route=\/wp\/v2\/users\/1"}],"replies":[{"embeddable":true,"href":"https:\/\/hs-emsbueren.de\/index.php?rest_route=%2Fwp%2Fv2%2Fcomments&post=173"}],"version-history":[{"count":30,"href":"https:\/\/hs-emsbueren.de\/index.php?rest_route=\/wp\/v2\/pages\/173\/revisions"}],"predecessor-version":[{"id":5908,"href":"https:\/\/hs-emsbueren.de\/index.php?rest_route=\/wp\/v2\/pages\/173\/revisions\/5908"}],"wp:attachment":[{"href":"https:\/\/hs-emsbueren.de\/index.php?rest_route=%2Fwp%2Fv2%2Fmedia&parent=173"}],"curies":[{"name":"wp","href":"https:\/\/api.w.org\/{rel}","templated":true}]}}