{"id":175,"date":"2020-05-08T06:09:21","date_gmt":"2020-05-08T06:09:21","guid":{"rendered":"http:\/\/hsemsbueren.de\/?page_id=175"},"modified":"2020-05-19T06:49:27","modified_gmt":"2020-05-19T06:49:27","slug":"lernpatenschaft","status":"publish","type":"page","link":"https:\/\/hs-emsbueren.de\/?page_id=175","title":{"rendered":"Lernpatenschaft"},"content":{"rendered":"\n<div class=\"wp-block-image\"><figure class=\"alignright size-large is-resized\"><img loading=\"lazy\" decoding=\"async\" src=\"http:\/\/hsemsbueren.de\/wp-content\/uploads\/2020\/05\/pauslogo.jpg\" alt=\"\" class=\"wp-image-296\" width=\"189\" height=\"87\" srcset=\"https:\/\/hs-emsbueren.de\/wp-content\/uploads\/2020\/05\/pauslogo.jpg 830w, https:\/\/hs-emsbueren.de\/wp-content\/uploads\/2020\/05\/pauslogo-300x139.jpg 300w, https:\/\/hs-emsbueren.de\/wp-content\/uploads\/2020\/05\/pauslogo-768x355.jpg 768w, https:\/\/hs-emsbueren.de\/wp-content\/uploads\/2020\/05\/pauslogo-400x185.jpg 400w\" sizes=\"auto, (max-width: 189px) 100vw, 189px\" \/><\/figure><\/div>\n\n\n\n<div class=\"wp-block-image\"><figure class=\"alignright size-large is-resized\"><img loading=\"lazy\" decoding=\"async\" src=\"http:\/\/hsemsbueren.de\/wp-content\/uploads\/2020\/05\/BvL_Logokompakt_2c_RGB.jpg\" alt=\"\" class=\"wp-image-297\" width=\"160\" height=\"120\" srcset=\"https:\/\/hs-emsbueren.de\/wp-content\/uploads\/2020\/05\/BvL_Logokompakt_2c_RGB.jpg 458w, https:\/\/hs-emsbueren.de\/wp-content\/uploads\/2020\/05\/BvL_Logokompakt_2c_RGB-300x225.jpg 300w, https:\/\/hs-emsbueren.de\/wp-content\/uploads\/2020\/05\/BvL_Logokompakt_2c_RGB-400x300.jpg 400w\" sizes=\"auto, (max-width: 160px) 100vw, 160px\" \/><\/figure><\/div>\n\n\n\n<p>Im September 2014 unterzeichneten die  <strong><span class=\"has-inline-color has-luminous-vivid-amber-color\">H<\/span><span class=\"has-inline-color has-vivid-cyan-blue-color\">S<\/span><span class=\"has-inline-color has-vivid-red-color\">E<\/span><\/strong> und die Liudger-Realschule mit den Emsb\u00fcrener Unternehmen Paus Maschinenfabrik und Bernhard van Lengerich einen Kooperationsvertrag, der eine intensivere Arbeit der Schulen mit den Firmen festschreibt. Hierdurch werden u.a. Betriebserkundungen im Zuge der Beruflichen Orientierung intensiviert. Seitens der Vertragspartner wird eine feste Anzahl an Praktikumsstellen garantiert, au\u00dferdem bieten Paus und BvL Projekte im Ganztagsunterricht f\u00fcr die Jahrg\u00e4nge 9+10 an. Die Zusammenarbeit soll daf\u00fcr sorgen, dass Sch\u00fcler der beiden Schulen die Arbeits- und Wirtschaftswelt kennenlernen.<\/p>\n\n\n\n<h4 class=\"wp-block-heading\">Ausbildungsm\u00f6glichkeiten bei unseren Kooperationspartnern<\/h4>\n\n\n\n<div class=\"wp-block-buttons is-layout-flex wp-block-buttons-is-layout-flex\">\n<div class=\"wp-block-button\"><a class=\"wp-block-button__link\" href=\"https:\/\/www.paus.de\/unternehmen\/karriere\/ausbildung-bei-paus.html\" target=\"_blank\" rel=\"noreferrer noopener\">Paus<\/a><\/div>\n\n\n\n<div class=\"wp-block-button\"><a class=\"wp-block-button__link\" href=\"https:\/\/www.bvl-group.de\/de\/karriere\/\" target=\"_blank\" rel=\"noreferrer noopener\">BvL Group<\/a><\/div>\n<\/div>\n\n\n\n<p><\/p>\n","protected":false},"excerpt":{"rendered":"<p>Im September 2014 unterzeichneten die HSE und die Liudger-Realschule mit den Emsb\u00fcrener Unternehmen Paus Maschinenfabrik und Bernhard van Lengerich einen Kooperationsvertrag, der eine intensivere Arbeit der Schulen mit den Firmen festschreibt. Hierdurch werden u.a. Betriebserkundungen im Zuge der Beruflichen Orientierung intensiviert. Seitens der Vertragspartner wird eine feste Anzahl an Praktikumsstellen garantiert, au\u00dferdem bieten Paus und [&hellip;]<\/p>\n","protected":false},"author":1,"featured_media":0,"parent":0,"menu_order":0,"comment_status":"closed","ping_status":"closed","template":"","meta":{"ngg_post_thumbnail":0,"footnotes":""},"class_list":["post-175","page","type-page","status-publish","hentry"],"_links":{"self":[{"href":"https:\/\/hs-emsbueren.de\/index.php?rest_route=\/wp\/v2\/pages\/175","targetHints":{"allow":["GET"]}}],"collection":[{"href":"https:\/\/hs-emsbueren.de\/index.php?rest_route=\/wp\/v2\/pages"}],"about":[{"href":"https:\/\/hs-emsbueren.de\/index.php?rest_route=\/wp\/v2\/types\/page"}],"author":[{"embeddable":true,"href":"https:\/\/hs-emsbueren.de\/index.php?rest_route=\/wp\/v2\/users\/1"}],"replies":[{"embeddable":true,"href":"https:\/\/hs-emsbueren.de\/index.php?rest_route=%2Fwp%2Fv2%2Fcomments&post=175"}],"version-history":[{"count":7,"href":"https:\/\/hs-emsbueren.de\/index.php?rest_route=\/wp\/v2\/pages\/175\/revisions"}],"predecessor-version":[{"id":690,"href":"https:\/\/hs-emsbueren.de\/index.php?rest_route=\/wp\/v2\/pages\/175\/revisions\/690"}],"wp:attachment":[{"href":"https:\/\/hs-emsbueren.de\/index.php?rest_route=%2Fwp%2Fv2%2Fmedia&parent=175"}],"curies":[{"name":"wp","href":"https:\/\/api.w.org\/{rel}","templated":true}]}}