{"id":179,"date":"2020-05-08T06:09:59","date_gmt":"2020-05-08T06:09:59","guid":{"rendered":"http:\/\/hsemsbueren.de\/?page_id=179"},"modified":"2024-08-27T08:58:19","modified_gmt":"2024-08-27T06:58:19","slug":"schuelerfirma","status":"publish","type":"page","link":"https:\/\/hs-emsbueren.de\/?page_id=179","title":{"rendered":"Sch\u00fclerfirma"},"content":{"rendered":"\n<p><strong><mark style=\"background-color:rgba(0, 0, 0, 0)\" class=\"has-inline-color has-vivid-red-color\"><\/mark><\/strong>Die Sch\u00fclerfirma der <strong><mark style=\"background-color:rgba(0, 0, 0, 0)\" class=\"has-inline-color has-luminous-vivid-amber-color\">H<\/mark><mark style=\"background-color:rgba(0, 0, 0, 0)\" class=\"has-inline-color has-vivid-cyan-blue-color\">S<\/mark><mark style=\"background-color:rgba(0, 0, 0, 0)\" class=\"has-inline-color has-vivid-red-color\">E<\/mark><\/strong> besteht seit 2007 und verkauft in der Pause von 9.20 &#8211; 9.40 Uhr Backwaren und Getr\u00e4nke sowie Schulbedarf in begrenztem Umfang. <\/p>\n\n\n\n<p>Dar\u00fcber hinaus erfolgt \u00fcber die Sch\u00fclerfirma auch die Ball- und Spieleausgabe in den gro\u00dfen Pausen.<\/p>\n\n\n\n<h2 class=\"wp-block-heading\">Preistafel<\/h2>\n\n\n\n<h3 class=\"wp-block-heading\">Pizzabr\u00f6tchen <mark style=\"background-color:rgba(0, 0, 0, 0)\" class=\"has-inline-color has-vivid-cyan-blue-color\">1,50\u20ac<\/mark><\/h3>\n\n\n\n<h3 class=\"wp-block-heading\">Schokocroissant <mark style=\"background-color:rgba(0, 0, 0, 0)\" class=\"has-inline-color has-vivid-cyan-blue-color\">1,50\u20ac<\/mark><\/h3>\n\n\n\n<h3 class=\"wp-block-heading\">K\u00e4sebr\u00f6tchen <mark style=\"background-color:rgba(0, 0, 0, 0)\" class=\"has-inline-color has-vivid-cyan-blue-color\">1,20\u20ac<\/mark><\/h3>\n\n\n\n<h3 class=\"wp-block-heading\">*Kakao (0,5l) <mark style=\"background-color:rgba(0, 0, 0, 0)\" class=\"has-inline-color has-vivid-cyan-blue-color\">1\u20ac zzgl. 0,50\u20ac Pfand<\/mark><\/h3>\n\n\n\n<p>*Nicht dauerhaft im Angebot<\/p>\n\n\n\n<p><strong><span class=\"has-inline-color has-vivid-cyan-blue-color\"><\/span><\/strong><\/p>\n\n\n\n<ul class=\"wp-block-list\"><\/ul>\n\n\n\n<p><\/p>\n\n\n\n<figure class=\"wp-block-image size-large\"><img loading=\"lazy\" decoding=\"async\" width=\"724\" height=\"1024\" src=\"https:\/\/hs-emsbueren.de\/wp-content\/uploads\/2020\/11\/Verkauf-Schulbedarf-724x1024.png\" alt=\"\" class=\"wp-image-1831\" srcset=\"https:\/\/hs-emsbueren.de\/wp-content\/uploads\/2020\/11\/Verkauf-Schulbedarf-724x1024.png 724w, https:\/\/hs-emsbueren.de\/wp-content\/uploads\/2020\/11\/Verkauf-Schulbedarf-212x300.png 212w, https:\/\/hs-emsbueren.de\/wp-content\/uploads\/2020\/11\/Verkauf-Schulbedarf-768x1086.png 768w, https:\/\/hs-emsbueren.de\/wp-content\/uploads\/2020\/11\/Verkauf-Schulbedarf-1086x1536.png 1086w, https:\/\/hs-emsbueren.de\/wp-content\/uploads\/2020\/11\/Verkauf-Schulbedarf-1448x2048.png 1448w\" sizes=\"auto, (max-width: 724px) 100vw, 724px\" \/><\/figure>\n\n\n\n<h3 class=\"wp-block-heading\">Sch\u00fclerfirma: Aktionen f\u00fcr den guten Zweck 2019<\/h3>\n\n\n\n<p>Jedes Jahr macht die Sch\u00fclerfirma in der Vorweihnachtszeit Sonderaktionen f\u00fcr die &#8222;Wunschzettelaktion&#8220; f\u00fcr bed\u00fcrftige Kinder und Jugendliche, die von der Initiative <a href=\"https:\/\/www.kirchspiel-emsbueren.de\/soz\/soz_blick\/index.html\" target=\"_blank\" rel=\"noreferrer noopener\">&#8222;Seitenblicke&#8220;<\/a> ins Leben gerufen wurde. <\/p>\n\n\n\n<figure class=\"wp-block-gallery has-nested-images columns-default is-cropped wp-block-gallery-1 is-layout-flex wp-block-gallery-is-layout-flex\">\n<figure class=\"wp-block-image size-large\"><a href=\"https:\/\/hs-emsbueren.de\/?attachment_id=306\"><img loading=\"lazy\" decoding=\"async\" width=\"768\" height=\"1024\" data-id=\"306\" src=\"http:\/\/hsemsbueren.de\/wp-content\/uploads\/2020\/05\/4.jpg\" alt=\"\" class=\"wp-image-306\" srcset=\"https:\/\/hs-emsbueren.de\/wp-content\/uploads\/2020\/05\/4.jpg 768w, https:\/\/hs-emsbueren.de\/wp-content\/uploads\/2020\/05\/4-225x300.jpg 225w\" sizes=\"auto, (max-width: 768px) 100vw, 768px\" \/><\/a><\/figure>\n\n\n\n<figure class=\"wp-block-image size-large\"><a href=\"https:\/\/hs-emsbueren.de\/?attachment_id=307\"><img loading=\"lazy\" decoding=\"async\" width=\"1024\" height=\"576\" data-id=\"307\" src=\"http:\/\/hsemsbueren.de\/wp-content\/uploads\/2020\/05\/1.jpg\" alt=\"\" class=\"wp-image-307\" srcset=\"https:\/\/hs-emsbueren.de\/wp-content\/uploads\/2020\/05\/1.jpg 1024w, https:\/\/hs-emsbueren.de\/wp-content\/uploads\/2020\/05\/1-300x169.jpg 300w, https:\/\/hs-emsbueren.de\/wp-content\/uploads\/2020\/05\/1-768x432.jpg 768w, https:\/\/hs-emsbueren.de\/wp-content\/uploads\/2020\/05\/1-400x225.jpg 400w\" sizes=\"auto, (max-width: 1024px) 100vw, 1024px\" \/><\/a><\/figure>\n<figcaption class=\"blocks-gallery-caption wp-element-caption\">Vorbereitungen f\u00fcr das Waffelbacken und die Schlemmerbr\u00f6tchen<\/figcaption><\/figure>\n","protected":false},"excerpt":{"rendered":"<p>Die Sch\u00fclerfirma der HSE besteht seit 2007 und verkauft in der Pause von 9.20 &#8211; 9.40 Uhr Backwaren und Getr\u00e4nke sowie Schulbedarf in begrenztem Umfang. Dar\u00fcber hinaus erfolgt \u00fcber die Sch\u00fclerfirma auch die Ball- und Spieleausgabe in den gro\u00dfen Pausen. Preistafel Pizzabr\u00f6tchen 1,50\u20ac Schokocroissant 1,50\u20ac K\u00e4sebr\u00f6tchen 1,20\u20ac *Kakao (0,5l) 1\u20ac zzgl. 0,50\u20ac Pfand *Nicht dauerhaft [&hellip;]<\/p>\n","protected":false},"author":1,"featured_media":2055,"parent":0,"menu_order":0,"comment_status":"closed","ping_status":"closed","template":"","meta":{"ngg_post_thumbnail":0,"footnotes":""},"class_list":["post-179","page","type-page","status-publish","has-post-thumbnail","hentry"],"_links":{"self":[{"href":"https:\/\/hs-emsbueren.de\/index.php?rest_route=\/wp\/v2\/pages\/179","targetHints":{"allow":["GET"]}}],"collection":[{"href":"https:\/\/hs-emsbueren.de\/index.php?rest_route=\/wp\/v2\/pages"}],"about":[{"href":"https:\/\/hs-emsbueren.de\/index.php?rest_route=\/wp\/v2\/types\/page"}],"author":[{"embeddable":true,"href":"https:\/\/hs-emsbueren.de\/index.php?rest_route=\/wp\/v2\/users\/1"}],"replies":[{"embeddable":true,"href":"https:\/\/hs-emsbueren.de\/index.php?rest_route=%2Fwp%2Fv2%2Fcomments&post=179"}],"version-history":[{"count":19,"href":"https:\/\/hs-emsbueren.de\/index.php?rest_route=\/wp\/v2\/pages\/179\/revisions"}],"predecessor-version":[{"id":5247,"href":"https:\/\/hs-emsbueren.de\/index.php?rest_route=\/wp\/v2\/pages\/179\/revisions\/5247"}],"wp:featuredmedia":[{"embeddable":true,"href":"https:\/\/hs-emsbueren.de\/index.php?rest_route=\/wp\/v2\/media\/2055"}],"wp:attachment":[{"href":"https:\/\/hs-emsbueren.de\/index.php?rest_route=%2Fwp%2Fv2%2Fmedia&parent=179"}],"curies":[{"name":"wp","href":"https:\/\/api.w.org\/{rel}","templated":true}]}}