{"id":181,"date":"2020-05-08T06:10:40","date_gmt":"2020-05-08T06:10:40","guid":{"rendered":"http:\/\/hsemsbueren.de\/?page_id=181"},"modified":"2022-05-02T08:38:58","modified_gmt":"2022-05-02T06:38:58","slug":"berufsorientierende-projekte","status":"publish","type":"page","link":"https:\/\/hs-emsbueren.de\/?page_id=181","title":{"rendered":"Berufsorientierende Projekte"},"content":{"rendered":"\n<div class=\"wp-block-image\"><figure class=\"alignright size-large is-resized\"><img loading=\"lazy\" decoding=\"async\" src=\"http:\/\/hsemsbueren.de\/wp-content\/uploads\/2020\/05\/tool-145376_1280-1024x978.png\" alt=\"\" class=\"wp-image-348\" width=\"195\" height=\"186\" srcset=\"https:\/\/hs-emsbueren.de\/wp-content\/uploads\/2020\/05\/tool-145376_1280-1024x978.png 1024w, https:\/\/hs-emsbueren.de\/wp-content\/uploads\/2020\/05\/tool-145376_1280-300x286.png 300w, https:\/\/hs-emsbueren.de\/wp-content\/uploads\/2020\/05\/tool-145376_1280-768x733.png 768w, https:\/\/hs-emsbueren.de\/wp-content\/uploads\/2020\/05\/tool-145376_1280-314x300.png 314w, https:\/\/hs-emsbueren.de\/wp-content\/uploads\/2020\/05\/tool-145376_1280.png 1280w\" sizes=\"auto, (max-width: 195px) 100vw, 195px\" \/><\/figure><\/div>\n\n\n\n<p>Neben dem Praktikum und der Kompetenzfeststellung gibt es noch weitere Projekte, die in den Schulalltag verankert sind und bei denen sich unsere Sch\u00fclerinnen und Sch\u00fcler in unterschiedlichen Bereichen und Bet\u00e4tigungsfeldern ausprobieren k\u00f6nnen. Diese Ma\u00dfnahmen dienen der Orientierung f\u00fcr die Berufsfindung nach der Zeit an der <strong><span class=\"has-inline-color has-luminous-vivid-amber-color\">H<\/span><span class=\"has-inline-color has-vivid-cyan-blue-color\">S<\/span><span class=\"has-inline-color has-vivid-red-color\">E<\/span><\/strong>.<\/p>\n\n\n\n<h4 class=\"wp-block-heading\" id=\"experimentiertage-bei-royouth-rosen-gruppe-lingen\">Experimentiertage bei &#8222;RoYouth&#8220; (ROSEN Gruppe Lingen)<\/h4>\n\n\n\n<div class=\"wp-block-buttons is-layout-flex wp-block-buttons-is-layout-flex\">\n<div class=\"wp-block-button\"><a class=\"wp-block-button__link\" href=\"https:\/\/www.royouth.de\/angebote\/Pages\/experimentiertage.aspx\" target=\"_blank\" rel=\"noreferrer noopener\">Experimentiertage<\/a><\/div>\n<\/div>\n\n\n\n<h4 class=\"wp-block-heading\" id=\"vocatium-fachmesse-fur-ausbildung-und-studium\">Vocatium- Fachmesse f\u00fcr Ausbildung und Studium<\/h4>\n\n\n\n<div class=\"wp-block-buttons is-layout-flex wp-block-buttons-is-layout-flex\">\n<div class=\"wp-block-button\"><a class=\"wp-block-button__link\" href=\"https:\/\/www.vocatium.de\/vocatium-konzept\">Vocatium-Fachmesse<\/a><\/div>\n<\/div>\n\n\n\n<p><\/p>\n\n\n\n<p><\/p>\n\n\n\n<h3 class=\"wp-block-heading\"><a href=\"https:\/\/hs-emsbueren.de\/?p=3729\">\u201eBetriebe in die Schule\u201c-Praktische Berufsweltorientierung f\u00fcr die Jahrg\u00e4nge 7+8<\/a><\/h3>\n\n\n\n<p>Die Praktische Berufsweltorientierung dient den Sch\u00fcler*innen zum Abgleich ihrer Eignungen und Interessen mit den Inhalten von Berufen. Au\u00dferdem werden somit erste Kontakte zu Arbeitgebern hergestellt und das in einem f\u00fcr die Jugendlichen vertrauten Umfeld. Am <strong>Freitag, den 29. April<\/strong> <strong>2022<\/strong> konnten unsere Sch\u00fcler*innen des 7.+8. Jahrgangs an unterschiedlichen Stationen in der Mensa der Schule erste Erfahrungen machen und Kontakte kn\u00fcpfen.<\/p>\n\n\n\n<p>Folgende Unternehmen stellten sich und ihre Arbeitsfelder vor: GaLaBau Emsland, Kampmann GmbH, Hermann Paus Maschinenfabrik GmbH, Caritas Bildungszentrum Rheine, Georg Utz GmbH, BvL Group, H&amp;R Chemisch-Pharmazeutische Spezialit\u00e4ten GmbH.<\/p>\n\n\n\nngg_shortcode_0_placeholder\n\n\n\n<h3 class=\"wp-block-heading\" id=\"digitaler-experimentiertag-mit-royouth-am-9-februar-2022\">Digitaler Experimentiertag mit RoYouth am 9.Februar 2022<\/h3>\n\n\n\n<p>Zurzeit sind Besuche bei Unternehmen im Bereich der Beruflichen Orientierung aufgrund der Pandemielage nicht m\u00f6glich. Dennoch konnte ein bereits vor l\u00e4ngerer Zeit geplanter Termin mit RoYouth (Rosen Engineering, Lingen) in digitaler Form stattfinden. \u00dcber einen &#8222;Videocall&#8220; f\u00fchrten die Miarbeiter*innen mit der 9c1, im Computerraum der <strong><mark style=\"background-color:rgba(0, 0, 0, 0)\" class=\"has-inline-color has-luminous-vivid-amber-color\">H<\/mark><mark style=\"background-color:rgba(0, 0, 0, 0)\" class=\"has-inline-color has-vivid-cyan-blue-color\">S<\/mark><mark style=\"background-color:rgba(0, 0, 0, 0)\" class=\"has-inline-color has-vivid-red-color\">E<\/mark><\/strong>, einen digitalen Programmierkurs f\u00fcr Einsteiger durch. Nach einer kurzen Einf\u00fchrung zum &#8222;Calliope mini&#8220;, einem Einplatinencomputer, und seiner Programmierumgebung startete man direkt mit dem praktischen Teil. Ziel war dabei der spielerische Einstieg in das Programmieren und das algorithmische Denken. So erlebten die Sch\u00fcler*innen einen kurzweiligen Vormittag, wo sie im Bereich des Programmierens schnell erste Erfolge erzielten und die verschiedenen Funktionen des &#8222;Calliope mini&#8220; kennenlernten.<\/p>\n\n\n\n<p>Einen Bericht von RoYouth \u00fcber diese Veranstaltung findet man <strong><a rel=\"noreferrer noopener\" href=\"https:\/\/www.royouth.de\/news\/Pages\/Calliope-mini-in-Emsb\u00fcren.aspx\" data-type=\"URL\" data-id=\"https:\/\/www.royouth.de\/news\/Pages\/Calliope-mini-in-Emsb\u00fcren.aspx\" target=\"_blank\">&gt;hier&lt;<\/a><\/strong><\/p>\n\n\n\nngg_shortcode_1_placeholder\n","protected":false},"excerpt":{"rendered":"<p>Neben dem Praktikum und der Kompetenzfeststellung gibt es noch weitere Projekte, die in den Schulalltag verankert sind und bei denen sich unsere Sch\u00fclerinnen und Sch\u00fcler in unterschiedlichen Bereichen und Bet\u00e4tigungsfeldern ausprobieren k\u00f6nnen. Diese Ma\u00dfnahmen dienen der Orientierung f\u00fcr die Berufsfindung nach der Zeit an der HSE. Experimentiertage bei &#8222;RoYouth&#8220; (ROSEN Gruppe Lingen) Vocatium- Fachmesse f\u00fcr [&hellip;]<\/p>\n","protected":false},"author":1,"featured_media":0,"parent":0,"menu_order":0,"comment_status":"closed","ping_status":"closed","template":"","meta":{"ngg_post_thumbnail":0,"footnotes":""},"class_list":["post-181","page","type-page","status-publish","hentry"],"_links":{"self":[{"href":"https:\/\/hs-emsbueren.de\/index.php?rest_route=\/wp\/v2\/pages\/181","targetHints":{"allow":["GET"]}}],"collection":[{"href":"https:\/\/hs-emsbueren.de\/index.php?rest_route=\/wp\/v2\/pages"}],"about":[{"href":"https:\/\/hs-emsbueren.de\/index.php?rest_route=\/wp\/v2\/types\/page"}],"author":[{"embeddable":true,"href":"https:\/\/hs-emsbueren.de\/index.php?rest_route=\/wp\/v2\/users\/1"}],"replies":[{"embeddable":true,"href":"https:\/\/hs-emsbueren.de\/index.php?rest_route=%2Fwp%2Fv2%2Fcomments&post=181"}],"version-history":[{"count":10,"href":"https:\/\/hs-emsbueren.de\/index.php?rest_route=\/wp\/v2\/pages\/181\/revisions"}],"predecessor-version":[{"id":3754,"href":"https:\/\/hs-emsbueren.de\/index.php?rest_route=\/wp\/v2\/pages\/181\/revisions\/3754"}],"wp:attachment":[{"href":"https:\/\/hs-emsbueren.de\/index.php?rest_route=%2Fwp%2Fv2%2Fmedia&parent=181"}],"curies":[{"name":"wp","href":"https:\/\/api.w.org\/{rel}","templated":true}]}}