{"id":183,"date":"2020-05-08T06:11:17","date_gmt":"2020-05-08T06:11:17","guid":{"rendered":"http:\/\/hsemsbueren.de\/?page_id=183"},"modified":"2025-11-19T09:05:23","modified_gmt":"2025-11-19T07:05:23","slug":"weiterfuehrende-schulen","status":"publish","type":"page","link":"https:\/\/hs-emsbueren.de\/?page_id=183","title":{"rendered":"Weiterf\u00fchrende Schulen"},"content":{"rendered":"<div class=\"wp-block-image\">\n<figure class=\"alignright size-large is-resized\"><img loading=\"lazy\" decoding=\"async\" width=\"764\" height=\"382\" src=\"http:\/\/hsemsbueren.de\/wp-content\/uploads\/2020\/05\/schule.png\" alt=\"\" class=\"wp-image-675\" style=\"width:195px;height:98px\" srcset=\"https:\/\/hs-emsbueren.de\/wp-content\/uploads\/2020\/05\/schule.png 764w, https:\/\/hs-emsbueren.de\/wp-content\/uploads\/2020\/05\/schule-300x150.png 300w, https:\/\/hs-emsbueren.de\/wp-content\/uploads\/2020\/05\/schule-400x200.png 400w\" sizes=\"auto, (max-width: 764px) 100vw, 764px\" \/><\/figure>\n<\/div>\n\n\n<p>Nachfolgend haben wir eine Liste mit weiterf\u00fchrenden Schulen aufgef\u00fchrt, auf die eine Vielzahl unserer Sch\u00fclerinnen und Sch\u00fcler nach der Zeit bei uns an der <strong><span class=\"has-inline-color has-luminous-vivid-amber-color\">H<\/span><span class=\"has-inline-color has-vivid-cyan-blue-color\">S<\/span><span class=\"has-inline-color has-vivid-red-color\">E<\/span> <\/strong>wechseln.<\/p>\n\n\n\n<p>Dar\u00fcber hinaus sind im Folgenden die Anmeldeformulare sowie Informationsveranstaltungen aufgelistet, die von den weiterf\u00fchrenden Schulen angeboten werden<strong><span style=\"background-color:rgba(0, 0, 0, 0)\" class=\"has-inline-color has-vivid-red-color\"><\/span><\/strong>.<\/p>\n\n\n\n<p><mark style=\"background-color:#ffffff\" class=\"has-inline-color has-vivid-red-color\">Wir m\u00f6chten daran erinnern, dass die Anmeldefristen f\u00fcr die weiterf\u00fchrenden Schulen in der Regel am <\/mark><strong><mark style=\"background-color:#ffffff\" class=\"has-inline-color has-black-color\">15. Februar<\/mark><\/strong><mark style=\"background-color:#ffffff\" class=\"has-inline-color has-vivid-red-color\"> enden. Eine Anmeldung sollte so zeitig wie m\u00f6glich erfolgen! Das Halbjahreszeugnis kann in jedem Fall nachgereicht werden!<\/mark><\/p>\n\n\n\n<p>Hier k\u00f6nnen Sie einen Erhebungsbogen unserer Schule downloaden, ausf\u00fcllen und uns zukommen lassen, damit wir einen \u00dcberblick \u00fcber die weiteren schulischen bzw. beruflichen Pl\u00e4ne ihres Kindes erhalten.<\/p>\n\n\n\n<div class=\"wp-block-file\"><a id=\"wp-block-file--media-5e2def39-fdea-4a91-be37-705cda25c2ce\" href=\"https:\/\/hs-emsbueren.de\/wp-content\/uploads\/2020\/11\/Erhebungsbogen-Weiterfuehrende-Schulen-1.pdf\" target=\"_blank\" rel=\"noreferrer noopener\">Erhebungsbogen Weiterf\u00fchrende Schulen<\/a><a href=\"https:\/\/hs-emsbueren.de\/wp-content\/uploads\/2020\/11\/Erhebungsbogen-Weiterfuehrende-Schulen-1.pdf\" class=\"wp-block-file__button wp-element-button\" download aria-describedby=\"wp-block-file--media-5e2def39-fdea-4a91-be37-705cda25c2ce\">Herunterladen<\/a><\/div>\n\n\n\n<figure class=\"wp-block-table\"><table class=\"has-background\" style=\"background-color:#e7f5fe\"><tbody><tr><td><strong>Schule<\/strong><\/td><td><strong>Bildungsgang\/-g\u00e4nge<\/strong><\/td><td><strong>Web<\/strong><\/td><\/tr><tr><td>BBS Lingen<\/td><td>Technik &amp; Gestaltung<\/td><td><a href=\"http:\/\/www.bbs-lingen-tg.de\/\" target=\"_blank\" rel=\"noreferrer noopener\">http:\/\/www.bbs-lingen-tg.de\/<\/a><\/td><\/tr><tr><td>BBS Lingen<\/td><td>Agrar &amp; Soziales<\/td><td><a href=\"http:\/\/bbs-lingen-as.de\/\" target=\"_blank\" rel=\"noreferrer noopener\">http:\/\/bbs-lingen-as.de\/<\/a><\/td><\/tr><tr><td>BBS Lingen<\/td><td>Wirtschaft<\/td><td><a href=\"http:\/\/www.bbs-lingen-wirtschaft.eu\" target=\"_blank\" rel=\"noreferrer noopener\">http:\/\/80.228.34.219\/html\/bbslingen\/<\/a><\/td><\/tr><tr><td>Berufskolleg Rheine<\/td><td>Technik, Gesundheit<\/td><td><a href=\"https:\/\/www.berufskolleg-rheine.de\/de\/\" target=\"_blank\" rel=\"noreferrer noopener\">https:\/\/www.berufskolleg-rheine.de\/de\/<\/a><\/td><\/tr><tr><td>Kaufm\u00e4nnische Schulen Rheine<\/td><td>Wirtschaft<\/td><td><a href=\"https:\/\/kfmschulen.de\/\" target=\"_blank\" rel=\"noreferrer noopener\">https:\/\/kfmschulen.de\/<\/a><\/td><\/tr><tr><td>Josef-Pieper-Schule, Rheine<\/td><td>Erziehung &amp; Soziales<\/td><td><a href=\"http:\/\/www.josef-pieper-schule.de\/\" target=\"_blank\" rel=\"noreferrer noopener\">http:\/\/www.josef-pieper-schule.de\/<\/a><\/td><\/tr><tr><td>Fachschule St. Franziskus<\/td><td>Erziehung &amp; Soziales<\/td><td><a href=\"https:\/\/www.fachschule-franziskus.de\/\" target=\"_blank\" rel=\"noreferrer noopener\">https:\/\/www.fachschule-franziskus.de\/<\/a><\/td><\/tr><\/tbody><\/table><\/figure>\n\n\n\n<h2 class=\"wp-block-heading\">Neustrukturierung der Bildungsg\u00e4nge der BBS-Lingen 2026\/27<\/h2>\n\n\n\n<figure class=\"wp-block-image size-large\"><img loading=\"lazy\" decoding=\"async\" width=\"1024\" height=\"601\" src=\"https:\/\/hs-emsbueren.de\/wp-content\/uploads\/2025\/10\/BBS-Lingen-TG-26-27-1024x601.png\" alt=\"\" class=\"wp-image-5798\" srcset=\"https:\/\/hs-emsbueren.de\/wp-content\/uploads\/2025\/10\/BBS-Lingen-TG-26-27-1024x601.png 1024w, https:\/\/hs-emsbueren.de\/wp-content\/uploads\/2025\/10\/BBS-Lingen-TG-26-27-300x176.png 300w, https:\/\/hs-emsbueren.de\/wp-content\/uploads\/2025\/10\/BBS-Lingen-TG-26-27-768x451.png 768w, https:\/\/hs-emsbueren.de\/wp-content\/uploads\/2025\/10\/BBS-Lingen-TG-26-27-400x235.png 400w, https:\/\/hs-emsbueren.de\/wp-content\/uploads\/2025\/10\/BBS-Lingen-TG-26-27.png 1079w\" sizes=\"auto, (max-width: 1024px) 100vw, 1024px\" \/><\/figure>\n\n\n\n<figure class=\"wp-block-image size-large\"><img loading=\"lazy\" decoding=\"async\" width=\"1024\" height=\"605\" src=\"https:\/\/hs-emsbueren.de\/wp-content\/uploads\/2025\/10\/BBS-Lingen-AS-26-27-1024x605.png\" alt=\"\" class=\"wp-image-5799\" srcset=\"https:\/\/hs-emsbueren.de\/wp-content\/uploads\/2025\/10\/BBS-Lingen-AS-26-27-1024x605.png 1024w, https:\/\/hs-emsbueren.de\/wp-content\/uploads\/2025\/10\/BBS-Lingen-AS-26-27-300x177.png 300w, https:\/\/hs-emsbueren.de\/wp-content\/uploads\/2025\/10\/BBS-Lingen-AS-26-27-768x453.png 768w, https:\/\/hs-emsbueren.de\/wp-content\/uploads\/2025\/10\/BBS-Lingen-AS-26-27-400x236.png 400w, https:\/\/hs-emsbueren.de\/wp-content\/uploads\/2025\/10\/BBS-Lingen-AS-26-27.png 1089w\" sizes=\"auto, (max-width: 1024px) 100vw, 1024px\" \/><\/figure>\n\n\n\n<figure class=\"wp-block-image size-full\"><img loading=\"lazy\" decoding=\"async\" width=\"995\" height=\"646\" src=\"https:\/\/hs-emsbueren.de\/wp-content\/uploads\/2025\/10\/BBS-Lingen-Wi-26-27.png\" alt=\"\" class=\"wp-image-5800\" srcset=\"https:\/\/hs-emsbueren.de\/wp-content\/uploads\/2025\/10\/BBS-Lingen-Wi-26-27.png 995w, https:\/\/hs-emsbueren.de\/wp-content\/uploads\/2025\/10\/BBS-Lingen-Wi-26-27-300x195.png 300w, https:\/\/hs-emsbueren.de\/wp-content\/uploads\/2025\/10\/BBS-Lingen-Wi-26-27-768x499.png 768w, https:\/\/hs-emsbueren.de\/wp-content\/uploads\/2025\/10\/BBS-Lingen-Wi-26-27-400x260.png 400w\" sizes=\"auto, (max-width: 995px) 100vw, 995px\" \/><\/figure>\n\n\n\n<h2 class=\"wp-block-heading\">Beratungsnachmittag an den Kaufm\u00e4nnischen Schulen Rheine<\/h2>\n\n\n\n<p>Sehr geehrte Damen und Herren,<br><br>die von uns im November des vergangenen Jahres angebotenen Informations- und Beratungstage zum kommenden Schuljahr sind wieder auf gro\u00dfe Resonanz gesto\u00dfen. Unser Beratungsangebot m\u00f6chten wir nunmehr mit einem weiteren Termin abrunden.<\/p>\n\n\n\n<p>Wir bieten Ihren Sch\u00fclerinnen und Sch\u00fcler und deren Erziehungsberechtigten die Gelegenheit, sich individuell \u00fcber folgende Bildungsg\u00e4nge an unserem Berufskolleg beraten zu lassen:<\/p>\n\n\n\n<ul class=\"wp-block-list\">\n<li><strong>Wirtschaftsgymnasium <\/strong>&#8211; auch mit gleichzeitigem Abschluss zum\/zur Fremdsprachenkorrespondenten\/-in<\/li>\n<\/ul>\n\n\n\n<ul class=\"wp-block-list\">\n<li><strong>Zweij\u00e4hrige H\u00f6here Handelsschule<\/strong><\/li>\n\n\n\n<li><strong>Berufsfachschule- BFS I und BFS II (Handelsschule)<\/strong><\/li>\n<\/ul>\n\n\n\n<p>Der Beratungsnachmittag findet an folgendem Termin statt:<\/p>\n\n\n\n<p><strong><mark style=\"background-color:rgba(0, 0, 0, 0)\" class=\"has-inline-color has-vivid-cyan-blue-color\">Montag, den 23. Januar 2023, von 17:00&nbsp;Uhr bis 19:00&nbsp;Uhr<\/mark><\/strong>.<\/p>\n\n\n\n<p>Bitte weisen Sie die in Frage kommenden Sch\u00fcler\/-innen \u00fcber ihre Klassenlehrerinnen und Klassenlehrer bzw. \u00fcber die f\u00fcr die Berufswahlvorbereitung zust\u00e4ndigen Kolleginnen und Kollegen auf diese Veranstaltung hin. Bitte h\u00e4ngen Sie die beiliegenden Plakate an geeigneter Stelle aus.<\/p>\n\n\n\n<p>Die Anmeldung zu den Berufskollegs erfolgt auch in diesem Jahr wieder im Online-Verfahren. Interessenten k\u00f6nnen sich auch am Beratungsnachmittag anmelden. Daf\u00fcr stehen Kolleginnen und Kollegen zur Unterst\u00fctzung bereit. Wir m\u00f6chten Sie daher bitten, den Sch\u00fclerinnen und Sch\u00fclern das f\u00fcr die Anmeldung erforderliche Passwort vorher auszuh\u00e4ndigen.<\/p>\n\n\n\n<div class=\"wp-block-file\"><a id=\"wp-block-file--media-381c041c-2735-4172-a7b7-f07acc36b4ea\" href=\"https:\/\/hs-emsbueren.de\/wp-content\/uploads\/2022\/12\/Flyer_SchuelerOnline-SJ-23-24.pdf\" target=\"_blank\" rel=\"noreferrer noopener\">Flyer_Sch\u00fclerOnline-SJ-23-24<\/a><a href=\"https:\/\/hs-emsbueren.de\/wp-content\/uploads\/2022\/12\/Flyer_SchuelerOnline-SJ-23-24.pdf\" class=\"wp-block-file__button wp-element-button\" download aria-describedby=\"wp-block-file--media-381c041c-2735-4172-a7b7-f07acc36b4ea\">Herunterladen<\/a><\/div>\n\n\n\n<div class=\"wp-block-file\"><a id=\"wp-block-file--media-7b8ab6cb-2701-4e88-8fc7-28cb1d9902c9\" href=\"https:\/\/hs-emsbueren.de\/wp-content\/uploads\/2022\/12\/Flyer_Berufsfachschule.pdf\" target=\"_blank\" rel=\"noreferrer noopener\">Flyer_Berufsfachschule<\/a><a href=\"https:\/\/hs-emsbueren.de\/wp-content\/uploads\/2022\/12\/Flyer_Berufsfachschule.pdf\" class=\"wp-block-file__button wp-element-button\" download aria-describedby=\"wp-block-file--media-7b8ab6cb-2701-4e88-8fc7-28cb1d9902c9\">Herunterladen<\/a><\/div>\n\n\n\n<div class=\"wp-block-file\"><a id=\"wp-block-file--media-fdaeee1b-7045-4c03-8e88-11740de53602\" href=\"https:\/\/hs-emsbueren.de\/wp-content\/uploads\/2022\/12\/Flyer_Hoehere-Handelsschule.pdf\" target=\"_blank\" rel=\"noreferrer noopener\">Flyer_H\u00f6here-Handelsschule<\/a><a href=\"https:\/\/hs-emsbueren.de\/wp-content\/uploads\/2022\/12\/Flyer_Hoehere-Handelsschule.pdf\" class=\"wp-block-file__button wp-element-button\" download aria-describedby=\"wp-block-file--media-fdaeee1b-7045-4c03-8e88-11740de53602\">Herunterladen<\/a><\/div>\n\n\n\n<div class=\"wp-block-file\"><a id=\"wp-block-file--media-e68e2f84-943f-4870-875b-7e3a5ee150cc\" href=\"https:\/\/hs-emsbueren.de\/wp-content\/uploads\/2022\/12\/Flyer_Wirtschafts-Gymnasium.pdf\" target=\"_blank\" rel=\"noreferrer noopener\">Flyer_Wirtschafts-Gymnasium<\/a><a href=\"https:\/\/hs-emsbueren.de\/wp-content\/uploads\/2022\/12\/Flyer_Wirtschafts-Gymnasium.pdf\" class=\"wp-block-file__button wp-element-button\" download aria-describedby=\"wp-block-file--media-e68e2f84-943f-4870-875b-7e3a5ee150cc\">Herunterladen<\/a><\/div>\n\n\n\n<h2 class=\"wp-block-heading\">\u201eRheinenser\u201c Schulen stellen Bildungsangebote vor<\/h2>\n\n\n\n<p>Am Donnerstag, den 17. November stellten Vertreter*innen der \u201cRheinenser\u201c Schulen ihre vielf\u00e4ltigen Bildungsangebote den Sch\u00fcler*innen und Eltern der Abschlussjahrg\u00e4nge aus <strong><mark style=\"background-color:rgba(0, 0, 0, 0)\" class=\"has-inline-color has-luminous-vivid-amber-color\">H<\/mark><mark style=\"background-color:rgba(0, 0, 0, 0)\" class=\"has-inline-color has-vivid-cyan-blue-color\">S<\/mark><mark style=\"background-color:rgba(0, 0, 0, 0)\" class=\"has-inline-color has-vivid-red-color\">E<\/mark><\/strong> und Realschule vor. Die Schulen (verlinkt) im Einzelnen: <a rel=\"noreferrer noopener\" href=\"https:\/\/www.berufskolleg-rheine.de\/\" target=\"_blank\">Berufskolleg Rheine<\/a>, <a rel=\"noreferrer noopener\" href=\"https:\/\/kfmschulen.de\/\" target=\"_blank\">Kaufm\u00e4nnische Schulen Rheine<\/a> sowie die <a rel=\"noreferrer noopener\" href=\"https:\/\/www.josef-pieper-schule.de\/\" target=\"_blank\">Josef-Pieper-Schule<\/a>.<\/p>\n\n\n\n<figure class=\"wp-block-image size-large\"><img loading=\"lazy\" decoding=\"async\" width=\"1024\" height=\"768\" src=\"https:\/\/hs-emsbueren.de\/wp-content\/uploads\/2022\/11\/B4D05BDA-FA33-4ED0-BB06-176288153BB0-1024x768.jpeg\" alt=\"\" class=\"wp-image-4317\" srcset=\"https:\/\/hs-emsbueren.de\/wp-content\/uploads\/2022\/11\/B4D05BDA-FA33-4ED0-BB06-176288153BB0-1024x768.jpeg 1024w, https:\/\/hs-emsbueren.de\/wp-content\/uploads\/2022\/11\/B4D05BDA-FA33-4ED0-BB06-176288153BB0-300x225.jpeg 300w, https:\/\/hs-emsbueren.de\/wp-content\/uploads\/2022\/11\/B4D05BDA-FA33-4ED0-BB06-176288153BB0-768x576.jpeg 768w, https:\/\/hs-emsbueren.de\/wp-content\/uploads\/2022\/11\/B4D05BDA-FA33-4ED0-BB06-176288153BB0-1536x1152.jpeg 1536w, https:\/\/hs-emsbueren.de\/wp-content\/uploads\/2022\/11\/B4D05BDA-FA33-4ED0-BB06-176288153BB0-2048x1536.jpeg 2048w, https:\/\/hs-emsbueren.de\/wp-content\/uploads\/2022\/11\/B4D05BDA-FA33-4ED0-BB06-176288153BB0-400x300.jpeg 400w\" sizes=\"auto, (max-width: 1024px) 100vw, 1024px\" \/><\/figure>\n\n\n\n<h2 class=\"wp-block-heading\">Informations-und Beratungstage am Berufskolleg Rheine<\/h2>\n\n\n\n<p>Am Berufskolleg Rheine finden an folgenden Tagen Informationsveranstaltungen f\u00fcr das kommende Schuljahr statt: <\/p>\n\n\n\n<p><strong>Freitag, 19. November 2021, 15:00 \u2013 18:00 Uhr<\/strong><\/p>\n\n\n\n<p><strong>Samstag, 20. November 2021, 10:00 \u2013 13:00 Uhr<\/strong><br>Hier k\u00f6nnen sich Ihre Sch\u00fclerinnen und Sch\u00fcler \u00fcber die verschiedenen Bildungsg\u00e4nge informieren und spezielle Fragen stellen.<\/p>\n\n\n\n<p>Der Einlass erfolgt nach den bekannten 3G-Regeln (Impf- oder Genesenennachweis oder Antigentest nicht \u00e4lter als 24 Stunden). Im gesamten Schulgeb\u00e4ude besteht Maskenpflicht.<\/p>\n\n\n\n<div class=\"wp-block-file\"><a id=\"wp-block-file--media-d505ccd6-18b9-4c68-8c81-b48d42a69a89\" href=\"https:\/\/hs-emsbueren.de\/wp-content\/uploads\/2021\/11\/Flyer-Infotag-2021.pdf\">Flyer-Infotag-2021<\/a><a href=\"https:\/\/hs-emsbueren.de\/wp-content\/uploads\/2021\/11\/Flyer-Infotag-2021.pdf\" class=\"wp-block-file__button wp-element-button\" download aria-describedby=\"wp-block-file--media-d505ccd6-18b9-4c68-8c81-b48d42a69a89\">Herunterladen<\/a><\/div>\n\n\n\n<div class=\"wp-block-file\"><a id=\"wp-block-file--media-30273567-f1d9-4c43-bf5e-cc17f9b1b0c4\" href=\"https:\/\/hs-emsbueren.de\/wp-content\/uploads\/2021\/11\/Flyer-Infotag-Innenseite-2021.pdf\">Flyer-Infotag-Innenseite-2021<\/a><a href=\"https:\/\/hs-emsbueren.de\/wp-content\/uploads\/2021\/11\/Flyer-Infotag-Innenseite-2021.pdf\" class=\"wp-block-file__button wp-element-button\" download aria-describedby=\"wp-block-file--media-30273567-f1d9-4c43-bf5e-cc17f9b1b0c4\">Herunterladen<\/a><\/div>\n\n\n\n<p><\/p>\n\n\n\n<h2 class=\"wp-block-heading\">Informationsveranstaltung der Kaufm\u00e4nnischen Schulen Rheine<\/h2>\n\n\n\n<p>auch in diesem Jahr werden die Berufskollegs des Kreises Steinfurt ihr Bildungsangebot am Wochenende vor dem 1. Advent vorstellen. So haben interessierte Sch\u00fcler:innen aus Rheine und Umgebung die Gelegenheit, sich \u00fcber die schulischen M\u00f6glichkeiten an unserem Berufskolleg&nbsp; zu informieren und neu zu orientieren.<\/p>\n\n\n\n<p>Aus diesem Grund laden wir alle interessierten Sch\u00fcler:innen und deren Eltern am<\/p>\n\n\n\n<p><strong>Freitag, 19. November 2021, von 15:00 bis 18:00 Uhr, und<\/strong><\/p>\n\n\n\n<p><strong>Samstag, 20. November 2021, von 10:00 bis 13:00 Uhr,<\/strong><\/p>\n\n\n\n<p>in unsere Schule ein. Dort haben sie die M\u00f6glichkeit, sich einen Eindruck von den R\u00e4umlichkeiten und der Lernatmosph\u00e4re zu verschaffen. Von Sch\u00fcler:innen vorbereitete Pr\u00e4sentationen und F\u00fchrungen bieten dar\u00fcber hinaus einen \u00dcberblick \u00fcber die breitgef\u00e4cherten Aktivit\u00e4ten an unserer Schule. In Gespr\u00e4chen mit Kolleg:innen werden Ihre Sch\u00fcler:innen und Eltern individuell beraten und erhalten gezielte Informationen \u00fcber die angestrebten Bildungsg\u00e4nge und Abschl\u00fcsse. <\/p>\n\n\n\n<p>Weitere Einzelheiten \u00fcber das Bildungsangebot unserer Schule und die Aktivit\u00e4ten an den Beratungstagen k\u00f6nnen dem beiliegenden Informationsmaterial f\u00fcr die Sch\u00fcler:innen entnommen werden.<\/p>\n\n\n\n<p>Damit die Info- und Beratungstage vor dem Hintergrund der derzeitigen Infektionslage sicher durchgef\u00fchrt werden k\u00f6nnen, m\u00fcssen Besucher:innen w\u00e4hrend ihres Aufenthaltes im Schulgeb\u00e4ude&nbsp; einen Mund- und Nasenschutz tragen (OP- oder FFP2-Maske) und ihre Kontaktdaten \u00fcber die Luca-App oder handschriftlich hinterlegen. Der Einlass ins Geb\u00e4ude erfolgt \u00fcber den Eingang D gegen\u00fcber vom Hauptbahnhof. Gekennzeichnete Wege und eine vorgeschriebene Laufrichtung sind vorgesehen, um Mindestabst\u00e4nde einhalten zu k\u00f6nnen.<\/p>\n\n\n\n<div class=\"wp-block-file\"><a id=\"wp-block-file--media-4db0436d-5239-467a-ad95-46f19410f264\" href=\"https:\/\/hs-emsbueren.de\/wp-content\/uploads\/2021\/10\/211007_Hygienekonzept.pdf\">Hygienekonzept<\/a><a href=\"https:\/\/hs-emsbueren.de\/wp-content\/uploads\/2021\/10\/211007_Hygienekonzept.pdf\" class=\"wp-block-file__button wp-element-button\" download aria-describedby=\"wp-block-file--media-4db0436d-5239-467a-ad95-46f19410f264\">Herunterladen<\/a><\/div>\n\n\n\n<div class=\"wp-block-file\"><a id=\"wp-block-file--media-ed7e0517-83de-44ff-a4aa-407a42e637ba\" href=\"https:\/\/hs-emsbueren.de\/wp-content\/uploads\/2021\/10\/211001_SchuelerOnline_Flyer.pdf\">Sch\u00fclerOnline Flyer<\/a><a href=\"https:\/\/hs-emsbueren.de\/wp-content\/uploads\/2021\/10\/211001_SchuelerOnline_Flyer.pdf\" class=\"wp-block-file__button wp-element-button\" download aria-describedby=\"wp-block-file--media-ed7e0517-83de-44ff-a4aa-407a42e637ba\">Herunterladen<\/a><\/div>\n\n\n\n<div class=\"wp-block-file\"><a id=\"wp-block-file--media-68c02b98-8cd7-40dc-985e-879262793f72\" href=\"https:\/\/hs-emsbueren.de\/wp-content\/uploads\/2021\/10\/211029_Flyer_HH.pdf\">Flyer H\u00f6here Handelsschule<\/a><a href=\"https:\/\/hs-emsbueren.de\/wp-content\/uploads\/2021\/10\/211029_Flyer_HH.pdf\" class=\"wp-block-file__button wp-element-button\" download aria-describedby=\"wp-block-file--media-68c02b98-8cd7-40dc-985e-879262793f72\">Herunterladen<\/a><\/div>\n\n\n\n<div class=\"wp-block-file\"><a id=\"wp-block-file--media-91953384-70ea-473a-a89c-fa82e14014d8\" href=\"https:\/\/hs-emsbueren.de\/wp-content\/uploads\/2021\/10\/211029_Flyer_HS.pdf\">Flyer Berufsfachschule I+II<\/a><a href=\"https:\/\/hs-emsbueren.de\/wp-content\/uploads\/2021\/10\/211029_Flyer_HS.pdf\" class=\"wp-block-file__button wp-element-button\" download aria-describedby=\"wp-block-file--media-91953384-70ea-473a-a89c-fa82e14014d8\">Herunterladen<\/a><\/div>\n\n\n\n<div class=\"wp-block-file\"><a id=\"wp-block-file--media-e0beb048-17f8-45a3-a903-5abaf4355e6e\" href=\"https:\/\/hs-emsbueren.de\/wp-content\/uploads\/2021\/10\/211029_Flyer_WG.pdf\">Flyer Wirtschaftsgymnasium<\/a><a href=\"https:\/\/hs-emsbueren.de\/wp-content\/uploads\/2021\/10\/211029_Flyer_WG.pdf\" class=\"wp-block-file__button wp-element-button\" download aria-describedby=\"wp-block-file--media-e0beb048-17f8-45a3-a903-5abaf4355e6e\">Herunterladen<\/a><\/div>\n","protected":false},"excerpt":{"rendered":"<p>Nachfolgend haben wir eine Liste mit weiterf\u00fchrenden Schulen aufgef\u00fchrt, auf die eine Vielzahl unserer Sch\u00fclerinnen und Sch\u00fcler nach der Zeit bei uns an der HSE wechseln. Dar\u00fcber hinaus sind im Folgenden die Anmeldeformulare sowie Informationsveranstaltungen aufgelistet, die von den weiterf\u00fchrenden Schulen angeboten werden. Wir m\u00f6chten daran erinnern, dass die Anmeldefristen f\u00fcr die weiterf\u00fchrenden Schulen in [&hellip;]<\/p>\n","protected":false},"author":1,"featured_media":0,"parent":0,"menu_order":0,"comment_status":"closed","ping_status":"closed","template":"","meta":{"ngg_post_thumbnail":0,"footnotes":""},"class_list":["post-183","page","type-page","status-publish","hentry"],"_links":{"self":[{"href":"https:\/\/hs-emsbueren.de\/index.php?rest_route=\/wp\/v2\/pages\/183","targetHints":{"allow":["GET"]}}],"collection":[{"href":"https:\/\/hs-emsbueren.de\/index.php?rest_route=\/wp\/v2\/pages"}],"about":[{"href":"https:\/\/hs-emsbueren.de\/index.php?rest_route=\/wp\/v2\/types\/page"}],"author":[{"embeddable":true,"href":"https:\/\/hs-emsbueren.de\/index.php?rest_route=\/wp\/v2\/users\/1"}],"replies":[{"embeddable":true,"href":"https:\/\/hs-emsbueren.de\/index.php?rest_route=%2Fwp%2Fv2%2Fcomments&post=183"}],"version-history":[{"count":54,"href":"https:\/\/hs-emsbueren.de\/index.php?rest_route=\/wp\/v2\/pages\/183\/revisions"}],"predecessor-version":[{"id":5866,"href":"https:\/\/hs-emsbueren.de\/index.php?rest_route=\/wp\/v2\/pages\/183\/revisions\/5866"}],"wp:attachment":[{"href":"https:\/\/hs-emsbueren.de\/index.php?rest_route=%2Fwp%2Fv2%2Fmedia&parent=183"}],"curies":[{"name":"wp","href":"https:\/\/api.w.org\/{rel}","templated":true}]}}