{"id":209,"date":"2020-05-08T07:12:57","date_gmt":"2020-05-08T07:12:57","guid":{"rendered":"http:\/\/hsemsbueren.de\/?page_id=209"},"modified":"2023-08-09T11:05:35","modified_gmt":"2023-08-09T09:05:35","slug":"freizeitbereich","status":"publish","type":"page","link":"https:\/\/hs-emsbueren.de\/?page_id=209","title":{"rendered":"Freizeitbereich"},"content":{"rendered":"\n<p>Der neu gestaltete Freizeitbereich ist von <strong>Montag bis Donnerstag von 13:55 &#8211; 15:30 Uhr<\/strong> ge\u00f6ffnet und bietet eine Vielzahl an Bet\u00e4tigungsm\u00f6glichkeiten. Ausgestattet mit 2 Billardtischen, einem Kicker, einem Airhockeytisch, und einer gro\u00dfen Sitzecke zum &#8222;Chillen&#8220; kommt bestimmt keine Langeweile auf. Dar\u00fcber hinaus gibt es Gesellschaftsspiele zum Ausleihen und Malutensilien zum Kreativ sein. <\/p>\n\n\n\n<figure class=\"wp-block-image size-large\"><img loading=\"lazy\" decoding=\"async\" width=\"1024\" height=\"579\" src=\"https:\/\/hs-emsbueren.de\/wp-content\/uploads\/2021\/11\/Freizeitbereich-1024x579.png\" alt=\"\" class=\"wp-image-3118\" srcset=\"https:\/\/hs-emsbueren.de\/wp-content\/uploads\/2021\/11\/Freizeitbereich-1024x579.png 1024w, https:\/\/hs-emsbueren.de\/wp-content\/uploads\/2021\/11\/Freizeitbereich-300x170.png 300w, https:\/\/hs-emsbueren.de\/wp-content\/uploads\/2021\/11\/Freizeitbereich-768x434.png 768w, https:\/\/hs-emsbueren.de\/wp-content\/uploads\/2021\/11\/Freizeitbereich-1536x868.png 1536w, https:\/\/hs-emsbueren.de\/wp-content\/uploads\/2021\/11\/Freizeitbereich-400x226.png 400w, https:\/\/hs-emsbueren.de\/wp-content\/uploads\/2021\/11\/Freizeitbereich.png 1626w\" sizes=\"auto, (max-width: 1024px) 100vw, 1024px\" \/><\/figure>\n","protected":false},"excerpt":{"rendered":"<p>Der neu gestaltete Freizeitbereich ist von Montag bis Donnerstag von 13:55 &#8211; 15:30 Uhr ge\u00f6ffnet und bietet eine Vielzahl an Bet\u00e4tigungsm\u00f6glichkeiten. Ausgestattet mit 2 Billardtischen, einem Kicker, einem Airhockeytisch, und einer gro\u00dfen Sitzecke zum &#8222;Chillen&#8220; kommt bestimmt keine Langeweile auf. Dar\u00fcber hinaus gibt es Gesellschaftsspiele zum Ausleihen und Malutensilien zum Kreativ sein.<\/p>\n","protected":false},"author":1,"featured_media":0,"parent":0,"menu_order":0,"comment_status":"closed","ping_status":"closed","template":"","meta":{"ngg_post_thumbnail":0,"footnotes":""},"class_list":["post-209","page","type-page","status-publish","hentry"],"_links":{"self":[{"href":"https:\/\/hs-emsbueren.de\/index.php?rest_route=\/wp\/v2\/pages\/209","targetHints":{"allow":["GET"]}}],"collection":[{"href":"https:\/\/hs-emsbueren.de\/index.php?rest_route=\/wp\/v2\/pages"}],"about":[{"href":"https:\/\/hs-emsbueren.de\/index.php?rest_route=\/wp\/v2\/types\/page"}],"author":[{"embeddable":true,"href":"https:\/\/hs-emsbueren.de\/index.php?rest_route=\/wp\/v2\/users\/1"}],"replies":[{"embeddable":true,"href":"https:\/\/hs-emsbueren.de\/index.php?rest_route=%2Fwp%2Fv2%2Fcomments&post=209"}],"version-history":[{"count":17,"href":"https:\/\/hs-emsbueren.de\/index.php?rest_route=\/wp\/v2\/pages\/209\/revisions"}],"predecessor-version":[{"id":4693,"href":"https:\/\/hs-emsbueren.de\/index.php?rest_route=\/wp\/v2\/pages\/209\/revisions\/4693"}],"wp:attachment":[{"href":"https:\/\/hs-emsbueren.de\/index.php?rest_route=%2Fwp%2Fv2%2Fmedia&parent=209"}],"curies":[{"name":"wp","href":"https:\/\/api.w.org\/{rel}","templated":true}]}}