{"id":2288,"date":"2021-02-11T12:42:40","date_gmt":"2021-02-11T10:42:40","guid":{"rendered":"https:\/\/hs-emsbueren.de\/?page_id=2288"},"modified":"2023-08-09T11:03:03","modified_gmt":"2023-08-09T09:03:03","slug":"schulanmeldung-2","status":"publish","type":"page","link":"https:\/\/hs-emsbueren.de\/?page_id=2288","title":{"rendered":"Schulanmeldung"},"content":{"rendered":"\n<p><strong>Bitte senden oder bringen Sie f\u00fcr die Schulanmeldung folgende Unterlagen mit<\/strong>:<\/p>\n\n\n\n<p>-Eine Kopie des letzten Halbjahreszeugnisses des 4. Jahrgangs<\/p>\n\n\n\n<p>-Eine Kopie des Nachweises des Masernimpfschutzes des Kindes<\/p>\n\n\n\n<p>-Evtl. die Kopie des Sorgerechtsnachweises bei alleinigem Sorgerecht oder eine Kopie der entsprechenden Urkunde bei Vorliegen eines Vormundschaftsverh\u00e4ltnisses (s. Formular: Anlage 2-Sorgerecht)<\/p>\n\n\n\n<p>-Anmeldung Lernmittelausleihe (soweit gew\u00fcnscht). Sie haben die M\u00f6glichkeit, die Lernmittel bei uns auszuleihen. Die Schulbuchliste mit dem zu zahlenden Betrag finden Sie im Bereich \u201eDownload\u201c. Hier finden Sie auch eine Liste mit den Arbeitsheften, die selbst angeschafft werden m\u00fcssen (nicht in der Schule abgeben!!!)<\/p>\n\n\n\n<p>-Sollte ein sonderp\u00e4dagogischer F\u00f6rderbedarf festgestellt worden sein, die Kopie des aktuellen Gutachtens<\/p>\n\n\n\n<p>Die Unterlagen k\u00f6nnen Sie uns ausgef\u00fcllt zukommen lassen:<\/p>\n\n\n\n<p><strong>-pers\u00f6nlich:<\/strong> Bitte rufen Sie vorher an (Tel. 05903\/7663)<\/p>\n\n\n\n<p>&#8211;<strong>per Post an:<\/strong>&nbsp;Hauptschule Emsb\u00fcren, Sch\u00fctzenstra\u00dfe 8, 48488 Emsb\u00fcren<\/p>\n\n\n\n<p>&#8211;<strong>per E-Mail (eingescannt) an:<\/strong>&nbsp;<a rel=\"noreferrer noopener\" href=\"mailto:hauptschule@hs-emsbueren.de\" target=\"_blank\">hauptschule@hs-emsbueren.de<\/a><\/p>\n\n\n\n<p>F\u00fcr R\u00fcckfragen stehen wir telefonisch von&nbsp;<strong>Montag-Freitag in der Zeit von 8-13 Uhr unter der Rufnummer 05903\/7663<\/strong>&nbsp;zur Verf\u00fcgung<\/p>\n\n\n\n<p><\/p>\n\n\n\n<p><strong>Download<\/strong><\/p>\n\n\n\n<p>Alle notwendigen Dateien finden sie <strong><a href=\"https:\/\/hs-emsbueren.de\/?page_id=196\" target=\"_blank\" rel=\"noreferrer noopener\">hier<\/a><\/strong><\/p>\n","protected":false},"excerpt":{"rendered":"<p>Bitte senden oder bringen Sie f\u00fcr die Schulanmeldung folgende Unterlagen mit: -Eine Kopie des letzten Halbjahreszeugnisses des 4. Jahrgangs -Eine Kopie des Nachweises des Masernimpfschutzes des Kindes -Evtl. die Kopie des Sorgerechtsnachweises bei alleinigem Sorgerecht oder eine Kopie der entsprechenden Urkunde bei Vorliegen eines Vormundschaftsverh\u00e4ltnisses (s. Formular: Anlage 2-Sorgerecht) -Anmeldung Lernmittelausleihe (soweit gew\u00fcnscht). Sie haben [&hellip;]<\/p>\n","protected":false},"author":1,"featured_media":0,"parent":0,"menu_order":0,"comment_status":"closed","ping_status":"closed","template":"","meta":{"ngg_post_thumbnail":0,"footnotes":""},"class_list":["post-2288","page","type-page","status-publish","hentry"],"_links":{"self":[{"href":"https:\/\/hs-emsbueren.de\/index.php?rest_route=\/wp\/v2\/pages\/2288","targetHints":{"allow":["GET"]}}],"collection":[{"href":"https:\/\/hs-emsbueren.de\/index.php?rest_route=\/wp\/v2\/pages"}],"about":[{"href":"https:\/\/hs-emsbueren.de\/index.php?rest_route=\/wp\/v2\/types\/page"}],"author":[{"embeddable":true,"href":"https:\/\/hs-emsbueren.de\/index.php?rest_route=\/wp\/v2\/users\/1"}],"replies":[{"embeddable":true,"href":"https:\/\/hs-emsbueren.de\/index.php?rest_route=%2Fwp%2Fv2%2Fcomments&post=2288"}],"version-history":[{"count":37,"href":"https:\/\/hs-emsbueren.de\/index.php?rest_route=\/wp\/v2\/pages\/2288\/revisions"}],"predecessor-version":[{"id":4692,"href":"https:\/\/hs-emsbueren.de\/index.php?rest_route=\/wp\/v2\/pages\/2288\/revisions\/4692"}],"wp:attachment":[{"href":"https:\/\/hs-emsbueren.de\/index.php?rest_route=%2Fwp%2Fv2%2Fmedia&parent=2288"}],"curies":[{"name":"wp","href":"https:\/\/api.w.org\/{rel}","templated":true}]}}