{"id":2877,"date":"2021-08-26T16:25:41","date_gmt":"2021-08-26T14:25:41","guid":{"rendered":"https:\/\/hs-emsbueren.de\/?page_id=2877"},"modified":"2025-12-04T13:53:37","modified_gmt":"2025-12-04T11:53:37","slug":"aktuelles-2","status":"publish","type":"page","link":"https:\/\/hs-emsbueren.de\/?page_id=2877","title":{"rendered":"Aktuelles"},"content":{"rendered":"\n<div data-wp-interactive=\"core\/file\" class=\"wp-block-file\"><object data-wp-bind--hidden=\"!state.hasPdfPreview\" hidden class=\"wp-block-file__embed\" data=\"https:\/\/hs-emsbueren.de\/wp-content\/uploads\/2025\/12\/Info-BBS-TG-SJ-26-27.pdf\" type=\"application\/pdf\" style=\"width:100%;height:600px\" aria-label=\"Einbettung von Info BBS-TG SJ 26 27.\"><\/object><a id=\"wp-block-file--media-798952e0-e56d-43f8-9764-aee48cdaa023\" href=\"https:\/\/hs-emsbueren.de\/wp-content\/uploads\/2025\/12\/Info-BBS-TG-SJ-26-27.pdf\">Info BBS-TG SJ 26 27<\/a><a href=\"https:\/\/hs-emsbueren.de\/wp-content\/uploads\/2025\/12\/Info-BBS-TG-SJ-26-27.pdf\" class=\"wp-block-file__button wp-element-button\" download aria-describedby=\"wp-block-file--media-798952e0-e56d-43f8-9764-aee48cdaa023\">Herunterladen<\/a><\/div>\n\n\n\n<div data-wp-interactive=\"core\/file\" class=\"wp-block-file\"><object data-wp-bind--hidden=\"!state.hasPdfPreview\" hidden class=\"wp-block-file__embed\" data=\"https:\/\/hs-emsbueren.de\/wp-content\/uploads\/2025\/11\/BBS-Thuine.pdf\" type=\"application\/pdf\" style=\"width:100%;height:600px\" aria-label=\"Einbettung von BBS-Thuine.\"><\/object><a id=\"wp-block-file--media-8258ce4c-d403-448b-9101-ddbdb2aa4b3e\" href=\"https:\/\/hs-emsbueren.de\/wp-content\/uploads\/2025\/11\/BBS-Thuine.pdf\">BBS-Thuine<\/a><a href=\"https:\/\/hs-emsbueren.de\/wp-content\/uploads\/2025\/11\/BBS-Thuine.pdf\" class=\"wp-block-file__button wp-element-button\" download aria-describedby=\"wp-block-file--media-8258ce4c-d403-448b-9101-ddbdb2aa4b3e\">Herunterladen<\/a><\/div>\n\n\n\n<h2 class=\"wp-block-heading\">Info-und Beratungstage der Kaufm\u00e4nnischen Schulen Rheine <\/h2>\n\n\n\n<div data-wp-interactive=\"core\/file\" class=\"wp-block-file\"><object data-wp-bind--hidden=\"!state.hasPdfPreview\" hidden class=\"wp-block-file__embed\" data=\"https:\/\/hs-emsbueren.de\/wp-content\/uploads\/2025\/10\/Info-und-Beratungstage-Kfm.Schulen-Rheine-2025.pdf\" type=\"application\/pdf\" style=\"width:100%;height:600px\" aria-label=\"Einbettung von Info- und Beratungstage Kfm.Schulen Rheine 2025.\"><\/object><a id=\"wp-block-file--media-36ffa279-1fbd-48d1-8b53-11fbdb648540\" href=\"https:\/\/hs-emsbueren.de\/wp-content\/uploads\/2025\/10\/Info-und-Beratungstage-Kfm.Schulen-Rheine-2025.pdf\">Info- und Beratungstage Kfm.Schulen Rheine 2025<\/a><a href=\"https:\/\/hs-emsbueren.de\/wp-content\/uploads\/2025\/10\/Info-und-Beratungstage-Kfm.Schulen-Rheine-2025.pdf\" class=\"wp-block-file__button wp-element-button\" download aria-describedby=\"wp-block-file--media-36ffa279-1fbd-48d1-8b53-11fbdb648540\">Herunterladen<\/a><\/div>\n\n\n\n<div data-wp-interactive=\"core\/file\" class=\"wp-block-file\"><object data-wp-bind--hidden=\"!state.hasPdfPreview\" hidden class=\"wp-block-file__embed\" data=\"https:\/\/hs-emsbueren.de\/wp-content\/uploads\/2025\/09\/2025_Job-Busse-Herbstferien-3.pdf\" type=\"application\/pdf\" style=\"width:100%;height:600px\" aria-label=\"Einbettung von 2025_Job-Busse Herbstferien.\"><\/object><a id=\"wp-block-file--media-9d7267b3-1661-4dbb-bc7c-bb3a3b7117a5\" href=\"https:\/\/hs-emsbueren.de\/wp-content\/uploads\/2025\/09\/2025_Job-Busse-Herbstferien-3.pdf\">2025_Job-Busse Herbstferien<\/a><a href=\"https:\/\/hs-emsbueren.de\/wp-content\/uploads\/2025\/09\/2025_Job-Busse-Herbstferien-3.pdf\" class=\"wp-block-file__button wp-element-button\" download aria-describedby=\"wp-block-file--media-9d7267b3-1661-4dbb-bc7c-bb3a3b7117a5\">Herunterladen<\/a><\/div>\n\n\n\n<figure class=\"wp-block-image size-large\"><img loading=\"lazy\" decoding=\"async\" width=\"1024\" height=\"732\" src=\"https:\/\/hs-emsbueren.de\/wp-content\/uploads\/2025\/08\/BIZ-BuPo-1024x732.png\" alt=\"\" class=\"wp-image-5667\" srcset=\"https:\/\/hs-emsbueren.de\/wp-content\/uploads\/2025\/08\/BIZ-BuPo-1024x732.png 1024w, https:\/\/hs-emsbueren.de\/wp-content\/uploads\/2025\/08\/BIZ-BuPo-300x214.png 300w, https:\/\/hs-emsbueren.de\/wp-content\/uploads\/2025\/08\/BIZ-BuPo-768x549.png 768w, https:\/\/hs-emsbueren.de\/wp-content\/uploads\/2025\/08\/BIZ-BuPo-400x286.png 400w, https:\/\/hs-emsbueren.de\/wp-content\/uploads\/2025\/08\/BIZ-BuPo.png 1108w\" sizes=\"auto, (max-width: 1024px) 100vw, 1024px\" \/><\/figure>\n\n\n\n<figure class=\"wp-block-image size-large\"><img loading=\"lazy\" decoding=\"async\" width=\"1024\" height=\"717\" src=\"https:\/\/hs-emsbueren.de\/wp-content\/uploads\/2025\/08\/BIZ-Po-1024x717.png\" alt=\"\" class=\"wp-image-5666\" srcset=\"https:\/\/hs-emsbueren.de\/wp-content\/uploads\/2025\/08\/BIZ-Po-1024x717.png 1024w, https:\/\/hs-emsbueren.de\/wp-content\/uploads\/2025\/08\/BIZ-Po-300x210.png 300w, https:\/\/hs-emsbueren.de\/wp-content\/uploads\/2025\/08\/BIZ-Po-768x538.png 768w, https:\/\/hs-emsbueren.de\/wp-content\/uploads\/2025\/08\/BIZ-Po-400x280.png 400w, https:\/\/hs-emsbueren.de\/wp-content\/uploads\/2025\/08\/BIZ-Po.png 1114w\" sizes=\"auto, (max-width: 1024px) 100vw, 1024px\" \/><\/figure>\n\n\n\n<figure class=\"wp-block-image size-large\"><img loading=\"lazy\" decoding=\"async\" width=\"1024\" height=\"724\" src=\"https:\/\/hs-emsbueren.de\/wp-content\/uploads\/2025\/08\/BIZ-Zoll-1024x724.png\" alt=\"\" class=\"wp-image-5664\" srcset=\"https:\/\/hs-emsbueren.de\/wp-content\/uploads\/2025\/08\/BIZ-Zoll-1024x724.png 1024w, https:\/\/hs-emsbueren.de\/wp-content\/uploads\/2025\/08\/BIZ-Zoll-300x212.png 300w, https:\/\/hs-emsbueren.de\/wp-content\/uploads\/2025\/08\/BIZ-Zoll-768x543.png 768w, https:\/\/hs-emsbueren.de\/wp-content\/uploads\/2025\/08\/BIZ-Zoll-400x283.png 400w, https:\/\/hs-emsbueren.de\/wp-content\/uploads\/2025\/08\/BIZ-Zoll.png 1109w\" sizes=\"auto, (max-width: 1024px) 100vw, 1024px\" \/><\/figure>\n\n\n\n<div data-wp-interactive=\"core\/file\" class=\"wp-block-file\"><object data-wp-bind--hidden=\"!state.hasPdfPreview\" hidden class=\"wp-block-file__embed\" data=\"https:\/\/hs-emsbueren.de\/wp-content\/uploads\/2025\/04\/2025_TalentDay_Plakat_A4_Online_final.pdf\" type=\"application\/pdf\" style=\"width:100%;height:600px\" aria-label=\"Einbettung von 2025_TalentDay_Plakat_A4_Online_final.\"><\/object><a id=\"wp-block-file--media-901992a2-8d84-4963-baa0-072a65c3c47e\" href=\"https:\/\/hs-emsbueren.de\/wp-content\/uploads\/2025\/04\/2025_TalentDay_Plakat_A4_Online_final.pdf\">2025_TalentDay_Plakat_A4_Online_final<\/a><a href=\"https:\/\/hs-emsbueren.de\/wp-content\/uploads\/2025\/04\/2025_TalentDay_Plakat_A4_Online_final.pdf\" class=\"wp-block-file__button wp-element-button\" download aria-describedby=\"wp-block-file--media-901992a2-8d84-4963-baa0-072a65c3c47e\">Herunterladen<\/a><\/div>\n\n\n\n<div data-wp-interactive=\"core\/file\" class=\"wp-block-file\"><object data-wp-bind--hidden=\"!state.hasPdfPreview\" hidden class=\"wp-block-file__embed\" data=\"https:\/\/hs-emsbueren.de\/wp-content\/uploads\/2025\/02\/Ausbildung-Paus_2025.pdf\" type=\"application\/pdf\" style=\"width:100%;height:600px\" aria-label=\"Einbettung von Ausbildung Paus_2025.\"><\/object><a id=\"wp-block-file--media-5f935246-427d-4f15-a457-fb12799b6865\" href=\"https:\/\/hs-emsbueren.de\/wp-content\/uploads\/2025\/02\/Ausbildung-Paus_2025.pdf\">Ausbildung Paus_2025<\/a><a href=\"https:\/\/hs-emsbueren.de\/wp-content\/uploads\/2025\/02\/Ausbildung-Paus_2025.pdf\" class=\"wp-block-file__button wp-element-button\" download aria-describedby=\"wp-block-file--media-5f935246-427d-4f15-a457-fb12799b6865\">Herunterladen<\/a><\/div>\n\n\n\n<figure class=\"wp-block-image size-large\"><img loading=\"lazy\" decoding=\"async\" width=\"1024\" height=\"686\" src=\"https:\/\/hs-emsbueren.de\/wp-content\/uploads\/2024\/11\/IMG_2022-1-1024x686.jpeg\" alt=\"\" class=\"wp-image-5384\" srcset=\"https:\/\/hs-emsbueren.de\/wp-content\/uploads\/2024\/11\/IMG_2022-1-1024x686.jpeg 1024w, https:\/\/hs-emsbueren.de\/wp-content\/uploads\/2024\/11\/IMG_2022-1-300x201.jpeg 300w, https:\/\/hs-emsbueren.de\/wp-content\/uploads\/2024\/11\/IMG_2022-1-768x514.jpeg 768w, https:\/\/hs-emsbueren.de\/wp-content\/uploads\/2024\/11\/IMG_2022-1-400x268.jpeg 400w, https:\/\/hs-emsbueren.de\/wp-content\/uploads\/2024\/11\/IMG_2022-1.jpeg 1460w\" sizes=\"auto, (max-width: 1024px) 100vw, 1024px\" \/><\/figure>\n\n\n\n<div data-wp-interactive=\"core\/file\" class=\"wp-block-file\"><object data-wp-bind--hidden=\"!state.hasPdfPreview\" hidden class=\"wp-block-file__embed\" data=\"https:\/\/hs-emsbueren.de\/wp-content\/uploads\/2024\/11\/Flyer_HS.pdf\" type=\"application\/pdf\" style=\"width:100%;height:600px\" aria-label=\"Einbettung von Flyer_HS.\"><\/object><a id=\"wp-block-file--media-0f6006b9-227c-4e2f-92e1-05fc4ec06b73\" href=\"https:\/\/hs-emsbueren.de\/wp-content\/uploads\/2024\/11\/Flyer_HS.pdf\">Flyer_HS<\/a><a href=\"https:\/\/hs-emsbueren.de\/wp-content\/uploads\/2024\/11\/Flyer_HS.pdf\" class=\"wp-block-file__button wp-element-button\" download aria-describedby=\"wp-block-file--media-0f6006b9-227c-4e2f-92e1-05fc4ec06b73\">Herunterladen<\/a><\/div>\n\n\n\n<div data-wp-interactive=\"core\/file\" class=\"wp-block-file\"><object data-wp-bind--hidden=\"!state.hasPdfPreview\" hidden class=\"wp-block-file__embed\" data=\"https:\/\/hs-emsbueren.de\/wp-content\/uploads\/2024\/11\/Flyer_WG.pdf\" type=\"application\/pdf\" style=\"width:100%;height:600px\" aria-label=\"Einbettung von Flyer_WG.\"><\/object><a id=\"wp-block-file--media-a7a2a772-bc3b-4096-b4a2-86d2d1e7d959\" href=\"https:\/\/hs-emsbueren.de\/wp-content\/uploads\/2024\/11\/Flyer_WG.pdf\">Flyer_WG<\/a><a href=\"https:\/\/hs-emsbueren.de\/wp-content\/uploads\/2024\/11\/Flyer_WG.pdf\" class=\"wp-block-file__button wp-element-button\" download aria-describedby=\"wp-block-file--media-a7a2a772-bc3b-4096-b4a2-86d2d1e7d959\">Herunterladen<\/a><\/div>\n\n\n\n<div data-wp-interactive=\"core\/file\" class=\"wp-block-file\"><object data-wp-bind--hidden=\"!state.hasPdfPreview\" hidden class=\"wp-block-file__embed\" data=\"https:\/\/hs-emsbueren.de\/wp-content\/uploads\/2024\/11\/Flyer_HH.pdf\" type=\"application\/pdf\" style=\"width:100%;height:600px\" aria-label=\"Einbettung von Flyer_HH.\"><\/object><a id=\"wp-block-file--media-f1bc01b0-9602-4531-9abd-2e686e1a4b8a\" href=\"https:\/\/hs-emsbueren.de\/wp-content\/uploads\/2024\/11\/Flyer_HH.pdf\">Flyer_HH<\/a><a href=\"https:\/\/hs-emsbueren.de\/wp-content\/uploads\/2024\/11\/Flyer_HH.pdf\" class=\"wp-block-file__button wp-element-button\" download aria-describedby=\"wp-block-file--media-f1bc01b0-9602-4531-9abd-2e686e1a4b8a\">Herunterladen<\/a><\/div>\n\n\n\n<figure class=\"wp-block-image size-large\"><img loading=\"lazy\" decoding=\"async\" width=\"950\" height=\"1024\" src=\"https:\/\/hs-emsbueren.de\/wp-content\/uploads\/2024\/11\/IMG_2021-950x1024.jpeg\" alt=\"\" class=\"wp-image-5376\" srcset=\"https:\/\/hs-emsbueren.de\/wp-content\/uploads\/2024\/11\/IMG_2021-950x1024.jpeg 950w, https:\/\/hs-emsbueren.de\/wp-content\/uploads\/2024\/11\/IMG_2021-278x300.jpeg 278w, https:\/\/hs-emsbueren.de\/wp-content\/uploads\/2024\/11\/IMG_2021-768x828.jpeg 768w, https:\/\/hs-emsbueren.de\/wp-content\/uploads\/2024\/11\/IMG_2021.jpeg 1311w\" sizes=\"auto, (max-width: 950px) 100vw, 950px\" \/><\/figure>\n\n\n\n<div data-wp-interactive=\"core\/file\" class=\"wp-block-file\"><object data-wp-bind--hidden=\"!state.hasPdfPreview\" hidden class=\"wp-block-file__embed\" data=\"https:\/\/hs-emsbueren.de\/wp-content\/uploads\/2024\/09\/BBS-Thuine_Tag-der-offenen-Tuer.pdf\" type=\"application\/pdf\" style=\"width:100%;height:600px\" aria-label=\"Einbettung von BBS-Thuine_Tag-der-offenen-Tuer.\"><\/object><a id=\"wp-block-file--media-b8284bf0-6461-4071-a6e3-c98eaacb8fde\" href=\"https:\/\/hs-emsbueren.de\/wp-content\/uploads\/2024\/09\/BBS-Thuine_Tag-der-offenen-Tuer.pdf\">BBS-Thuine_Tag-der-offenen-Tuer<\/a><a href=\"https:\/\/hs-emsbueren.de\/wp-content\/uploads\/2024\/09\/BBS-Thuine_Tag-der-offenen-Tuer.pdf\" class=\"wp-block-file__button wp-element-button\" download aria-describedby=\"wp-block-file--media-b8284bf0-6461-4071-a6e3-c98eaacb8fde\">Herunterladen<\/a><\/div>\n\n\n\n<div data-wp-interactive=\"core\/file\" class=\"wp-block-file\"><object data-wp-bind--hidden=\"!state.hasPdfPreview\" hidden class=\"wp-block-file__embed\" data=\"https:\/\/hs-emsbueren.de\/wp-content\/uploads\/2024\/08\/Wir-suchen-Dich-2025.pdf\" type=\"application\/pdf\" style=\"width:100%;height:600px\" aria-label=\"Einbettung von Wir-suchen-Dich-2025.\"><\/object><a id=\"wp-block-file--media-484a94e8-a0a3-4ed6-a5b2-5d50d2496a03\" href=\"https:\/\/hs-emsbueren.de\/wp-content\/uploads\/2024\/08\/Wir-suchen-Dich-2025.pdf\">Wir-suchen-Dich-2025<\/a><a href=\"https:\/\/hs-emsbueren.de\/wp-content\/uploads\/2024\/08\/Wir-suchen-Dich-2025.pdf\" class=\"wp-block-file__button wp-element-button\" download aria-describedby=\"wp-block-file--media-484a94e8-a0a3-4ed6-a5b2-5d50d2496a03\">Herunterladen<\/a><\/div>\n\n\n\n<div data-wp-interactive=\"core\/file\" class=\"wp-block-file\"><object data-wp-bind--hidden=\"!state.hasPdfPreview\" hidden class=\"wp-block-file__embed\" data=\"https:\/\/hs-emsbueren.de\/wp-content\/uploads\/2024\/08\/Anzeige_Ausbildung_BvL25_RZ.pdf\" type=\"application\/pdf\" style=\"width:100%;height:600px\" aria-label=\"Einbettung von Anzeige_Ausbildung_BvL25_RZ.\"><\/object><a id=\"wp-block-file--media-bc160563-a33e-416e-9938-9c4f7bea6845\" href=\"https:\/\/hs-emsbueren.de\/wp-content\/uploads\/2024\/08\/Anzeige_Ausbildung_BvL25_RZ.pdf\">Anzeige_Ausbildung_BvL25_RZ<\/a><a href=\"https:\/\/hs-emsbueren.de\/wp-content\/uploads\/2024\/08\/Anzeige_Ausbildung_BvL25_RZ.pdf\" class=\"wp-block-file__button wp-element-button\" download aria-describedby=\"wp-block-file--media-bc160563-a33e-416e-9938-9c4f7bea6845\">Herunterladen<\/a><\/div>\n\n\n\n<div data-wp-interactive=\"core\/file\" class=\"wp-block-file\"><object data-wp-bind--hidden=\"!state.hasPdfPreview\" hidden class=\"wp-block-file__embed\" data=\"https:\/\/hs-emsbueren.de\/wp-content\/uploads\/2024\/08\/Ausbildung-Paus_2025.pdf\" type=\"application\/pdf\" style=\"width:100%;height:600px\" aria-label=\"Einbettung von Ausbildung-Paus_2025.\"><\/object><a id=\"wp-block-file--media-8c35f53c-952d-4076-a552-0c4c520b6014\" href=\"https:\/\/hs-emsbueren.de\/wp-content\/uploads\/2024\/08\/Ausbildung-Paus_2025.pdf\">Ausbildung-Paus_2025<\/a><a href=\"https:\/\/hs-emsbueren.de\/wp-content\/uploads\/2024\/08\/Ausbildung-Paus_2025.pdf\" class=\"wp-block-file__button wp-element-button\" download aria-describedby=\"wp-block-file--media-8c35f53c-952d-4076-a552-0c4c520b6014\">Herunterladen<\/a><\/div>\n\n\n\n<div data-wp-interactive=\"core\/file\" class=\"wp-block-file\"><object data-wp-bind--hidden=\"!state.hasPdfPreview\" hidden class=\"wp-block-file__embed\" data=\"https:\/\/hs-emsbueren.de\/wp-content\/uploads\/2024\/08\/Paus_Azubi-Date-Night.pdf\" type=\"application\/pdf\" style=\"width:100%;height:600px\" aria-label=\"Einbettung von Paus_Azubi-Date-Night.\"><\/object><a id=\"wp-block-file--media-01dac7b4-56cc-4124-b015-c7c6104b1968\" href=\"https:\/\/hs-emsbueren.de\/wp-content\/uploads\/2024\/08\/Paus_Azubi-Date-Night.pdf\">Paus_Azubi-Date-Night<\/a><a href=\"https:\/\/hs-emsbueren.de\/wp-content\/uploads\/2024\/08\/Paus_Azubi-Date-Night.pdf\" class=\"wp-block-file__button wp-element-button\" download aria-describedby=\"wp-block-file--media-01dac7b4-56cc-4124-b015-c7c6104b1968\">Herunterladen<\/a><\/div>\n\n\n\n<figure class=\"wp-block-image size-full\"><img loading=\"lazy\" decoding=\"async\" width=\"636\" height=\"888\" src=\"https:\/\/hs-emsbueren.de\/wp-content\/uploads\/2024\/04\/Rosen-Job-Tasting.png\" alt=\"\" class=\"wp-image-5083\" srcset=\"https:\/\/hs-emsbueren.de\/wp-content\/uploads\/2024\/04\/Rosen-Job-Tasting.png 636w, https:\/\/hs-emsbueren.de\/wp-content\/uploads\/2024\/04\/Rosen-Job-Tasting-215x300.png 215w\" sizes=\"auto, (max-width: 636px) 100vw, 636px\" \/><\/figure>\n\n\n\n<p>Wir freuen uns, dass wir in diesem Jahr wieder mit unseren ROSEN TALENT DAY 2024 zur Berufsorientierung junger Menschen einladen k\u00f6nnen. In den letzten Jahren wurde der Talent Day von den Sch\u00fclern sehr gut angenommen und einige&nbsp;haben sogar ihren Ausbildungsplatz oder duales Studium bei uns gefunden. Anbei ein paar Impressionen aus der Veranstaltung 2023:&nbsp; <a href=\"https:\/\/www.youtube.com\/watch?v=QZv1qQCf1WY\">https:\/\/www.youtube.com\/watch?v=QZv1qQCf1WY<\/a><\/p>\n\n\n\n<p>Aus diesem Grund wird es in diesem Jahr erneut einen ROSEN TALENT DAY geben.<\/p>\n\n\n\n<p>Im letzten Jahr haben wir ein neues Konzept eingef\u00fchrt, was sowohl bei den Sch\u00fclern als auch bei den Eltern Eindruck hinterlassen hat. Die Sch\u00fcler k\u00f6nnen <strong>selbst testen und ausprobieren was ihnen gef\u00e4llt<\/strong>. Es werden unterschiedliche Schnupperkurse angeboten, die bei der Wahl des richtigen Ausbildungsplatzes oder dualen Studium unterst\u00fctzen sollen.<\/p>\n\n\n\n<p>Beim ROSEN TALENT DAY zeigen wir allen, die mit einem dualen Studium oder einer Ausbildung ihr Berufsleben beginnen wollen, ROSENs 19 vielf\u00e4ltige Ausbildungsberufe und duale Studieng\u00e4nge. In der Zeit von <strong>15 Uhr bis 20 Uhr<\/strong> werden diverse Schnupperkurse f\u00fcr die Sch\u00fcler zur Verf\u00fcgung stehen die von unseren Ausbildern und Auszubildenden gemeinsam durchgef\u00fchrt werden. Dadurch haben die Sch\u00fcler auch die M\u00f6glichkeit Fragen an die Ausbilder aber auch direkt an die Auszubildende zu stellen.<\/p>\n\n\n\n<p>Dar\u00fcber hinaus geben unsere Experten aus der Personalabteilung wertvolle Tipps zu Bewerbungsverfahren. Es besteht die M\u00f6glichkeit eines \u201eBewerbungsmappenchecks\u201c.<\/p>\n\n\n\n<p>Alle Besucher erhalten also direkt vor Ort einen praktischen Einblick in die vielen verschiedenen T\u00e4tigkeiten.<\/p>\n\n\n\n<p>Der ROSEN TALENT DAY findet statt am:<\/p>\n\n\n\n<p><strong>Mittwoch, den 05. Juni 2024, 15:00 Uhr \u2013 20:00 Uhr<\/strong><\/p>\n\n\n\n<p><strong>Innovation Center der ROSEN Gruppe<\/strong><\/p>\n\n\n\n<p><strong>Edisonstra\u00dfe 2 (Besuchereingang)<\/strong><\/p>\n\n\n\n<p><strong>49811 Lingen (Ems)<\/strong><\/p>\n\n\n\n<p>Die Veranstaltung ist nicht \u00f6ffentlich, es ist eine Anmeldung notwendig. Eingeladen sind alle Sch\u00fclerinnen und Sch\u00fcler ab der 8. Klasse. Bei Minderj\u00e4hrigen ist eine Begleitung durch einen Erziehungsberechtigten oder eine andere vollj\u00e4hrige Person notwendig.<\/p>\n\n\n\n<p>Interessierte Sch\u00fclerinnen und Sch\u00fcler k\u00f6nnen sich bis zum 31. Mai 2024 unter <a href=\"https:\/\/ausbildung.rosen-lingen.de\/rosen-talentday\/#804c6-b191\">https:\/\/ausbildung.rosen-lingen.de\/rosen-talentday\/#804c6-b191<\/a><br>f\u00fcr den ROSEN TALENT DAY anmelden.<\/p>\n\n\n\n<div data-wp-interactive=\"core\/file\" class=\"wp-block-file\"><object data-wp-bind--hidden=\"!state.hasPdfPreview\" hidden class=\"wp-block-file__embed\" data=\"https:\/\/hs-emsbueren.de\/wp-content\/uploads\/2024\/01\/EinladungParentsDay08022024.pdf\" type=\"application\/pdf\" style=\"width:100%;height:600px\" aria-label=\"Einbettung von EinladungParentsDay08022024.\"><\/object><a id=\"wp-block-file--media-ea618e1b-45f8-4396-808c-11f4c0af8de0\" href=\"https:\/\/hs-emsbueren.de\/wp-content\/uploads\/2024\/01\/EinladungParentsDay08022024.pdf\">EinladungParentsDay08022024<\/a><a href=\"https:\/\/hs-emsbueren.de\/wp-content\/uploads\/2024\/01\/EinladungParentsDay08022024.pdf\" class=\"wp-block-file__button wp-element-button\" download aria-describedby=\"wp-block-file--media-ea618e1b-45f8-4396-808c-11f4c0af8de0\">Herunterladen<\/a><\/div>\n\n\n\n<div data-wp-interactive=\"core\/file\" class=\"wp-block-file\"><object data-wp-bind--hidden=\"!state.hasPdfPreview\" hidden class=\"wp-block-file__embed\" data=\"https:\/\/hs-emsbueren.de\/wp-content\/uploads\/2024\/01\/Einladung-Schnuppertag-2024.pdf\" type=\"application\/pdf\" style=\"width:100%;height:600px\" aria-label=\"Einbettung von Einladung-Schnuppertag-2024.\"><\/object><a id=\"wp-block-file--media-cd3dada8-a069-4740-9f55-ad6f3b304988\" href=\"https:\/\/hs-emsbueren.de\/wp-content\/uploads\/2024\/01\/Einladung-Schnuppertag-2024.pdf\">Einladung-Schnuppertag-2024<\/a><a href=\"https:\/\/hs-emsbueren.de\/wp-content\/uploads\/2024\/01\/Einladung-Schnuppertag-2024.pdf\" class=\"wp-block-file__button wp-element-button\" download aria-describedby=\"wp-block-file--media-cd3dada8-a069-4740-9f55-ad6f3b304988\">Herunterladen<\/a><\/div>\n\n\n\n<div data-wp-interactive=\"core\/file\" class=\"wp-block-file\"><object data-wp-bind--hidden=\"!state.hasPdfPreview\" hidden class=\"wp-block-file__embed\" data=\"https:\/\/hs-emsbueren.de\/wp-content\/uploads\/2024\/01\/Ausbildungsberufe_Paus_2024.pdf\" type=\"application\/pdf\" style=\"width:100%;height:600px\" aria-label=\"Einbettung von Ausbildungsberufe_Paus_2024.\"><\/object><a id=\"wp-block-file--media-02896a9e-3777-4eac-9bf7-128c1acf4a30\" href=\"https:\/\/hs-emsbueren.de\/wp-content\/uploads\/2024\/01\/Ausbildungsberufe_Paus_2024.pdf\">Ausbildungsberufe_Paus_2024<\/a><a href=\"https:\/\/hs-emsbueren.de\/wp-content\/uploads\/2024\/01\/Ausbildungsberufe_Paus_2024.pdf\" class=\"wp-block-file__button wp-element-button\" download aria-describedby=\"wp-block-file--media-02896a9e-3777-4eac-9bf7-128c1acf4a30\">Herunterladen<\/a><\/div>\n\n\n\n<h2 class=\"wp-block-heading\">Informationsveranstaltung der \u201eRheinenser Schulen\u201c<\/h2>\n\n\n\n<p>Die \u201eRheinenser Schulen\u201c, bestehend aus den Kaufm\u00e4nnischen Schulen, dem Berufskolleg Rheine sowie der Josef-Pieper-Schule, stellten am Donnerstagabend (16. November) Eltern, Erziehungsberechtigten, Sch\u00fclerinnen und Sch\u00fclern, in der gut besuchten Mensa, ihre Bildungsangebote und Anmeldeformalit\u00e4ten vor.<\/p>\n\n\n\n<p>Im Anschluss stellten sich die Vertretungen der Schulen den Fragen an den eingerichteten Infotischen.<\/p>\n\n\n\n<figure class=\"wp-block-image size-large\"><img loading=\"lazy\" decoding=\"async\" width=\"1024\" height=\"576\" src=\"https:\/\/hs-emsbueren.de\/wp-content\/uploads\/2023\/11\/IMG_9330-1024x576.jpeg\" alt=\"\" class=\"wp-image-4905\" srcset=\"https:\/\/hs-emsbueren.de\/wp-content\/uploads\/2023\/11\/IMG_9330-1024x576.jpeg 1024w, https:\/\/hs-emsbueren.de\/wp-content\/uploads\/2023\/11\/IMG_9330-300x169.jpeg 300w, https:\/\/hs-emsbueren.de\/wp-content\/uploads\/2023\/11\/IMG_9330-768x432.jpeg 768w, https:\/\/hs-emsbueren.de\/wp-content\/uploads\/2023\/11\/IMG_9330-1536x864.jpeg 1536w, https:\/\/hs-emsbueren.de\/wp-content\/uploads\/2023\/11\/IMG_9330-2048x1152.jpeg 2048w, https:\/\/hs-emsbueren.de\/wp-content\/uploads\/2023\/11\/IMG_9330-400x225.jpeg 400w\" sizes=\"auto, (max-width: 1024px) 100vw, 1024px\" \/><\/figure>\n","protected":false},"excerpt":{"rendered":"<p>Info-und Beratungstage der Kaufm\u00e4nnischen Schulen Rheine Wir freuen uns, dass wir in diesem Jahr wieder mit unseren ROSEN TALENT DAY 2024 zur Berufsorientierung junger Menschen einladen k\u00f6nnen. In den letzten Jahren wurde der Talent Day von den Sch\u00fclern sehr gut angenommen und einige&nbsp;haben sogar ihren Ausbildungsplatz oder duales Studium bei uns gefunden. Anbei ein paar [&hellip;]<\/p>\n","protected":false},"author":1,"featured_media":0,"parent":0,"menu_order":0,"comment_status":"closed","ping_status":"closed","template":"","meta":{"ngg_post_thumbnail":0,"footnotes":""},"class_list":["post-2877","page","type-page","status-publish","hentry"],"_links":{"self":[{"href":"https:\/\/hs-emsbueren.de\/index.php?rest_route=\/wp\/v2\/pages\/2877","targetHints":{"allow":["GET"]}}],"collection":[{"href":"https:\/\/hs-emsbueren.de\/index.php?rest_route=\/wp\/v2\/pages"}],"about":[{"href":"https:\/\/hs-emsbueren.de\/index.php?rest_route=\/wp\/v2\/types\/page"}],"author":[{"embeddable":true,"href":"https:\/\/hs-emsbueren.de\/index.php?rest_route=\/wp\/v2\/users\/1"}],"replies":[{"embeddable":true,"href":"https:\/\/hs-emsbueren.de\/index.php?rest_route=%2Fwp%2Fv2%2Fcomments&post=2877"}],"version-history":[{"count":48,"href":"https:\/\/hs-emsbueren.de\/index.php?rest_route=\/wp\/v2\/pages\/2877\/revisions"}],"predecessor-version":[{"id":5889,"href":"https:\/\/hs-emsbueren.de\/index.php?rest_route=\/wp\/v2\/pages\/2877\/revisions\/5889"}],"wp:attachment":[{"href":"https:\/\/hs-emsbueren.de\/index.php?rest_route=%2Fwp%2Fv2%2Fmedia&parent=2877"}],"curies":[{"name":"wp","href":"https:\/\/api.w.org\/{rel}","templated":true}]}}