{"id":2970,"date":"2021-09-16T15:28:06","date_gmt":"2021-09-16T13:28:06","guid":{"rendered":"https:\/\/hs-emsbueren.de\/?page_id=2970"},"modified":"2023-09-27T12:12:56","modified_gmt":"2023-09-27T10:12:56","slug":"berufsberatung","status":"publish","type":"page","link":"https:\/\/hs-emsbueren.de\/?page_id=2970","title":{"rendered":"Berufsberatung"},"content":{"rendered":"<div class=\"wp-block-image\">\n<figure class=\"alignright size-large is-resized\"><img loading=\"lazy\" decoding=\"async\" src=\"https:\/\/hs-emsbueren.de\/wp-content\/uploads\/2021\/09\/1200px-Bundesagentur_fuer_Arbeit_logo.svg_-1-1024x1024.png\" alt=\"\" class=\"wp-image-2972\" style=\"width:133px;height:133px\" width=\"133\" height=\"133\" srcset=\"https:\/\/hs-emsbueren.de\/wp-content\/uploads\/2021\/09\/1200px-Bundesagentur_fuer_Arbeit_logo.svg_-1-1024x1024.png 1024w, https:\/\/hs-emsbueren.de\/wp-content\/uploads\/2021\/09\/1200px-Bundesagentur_fuer_Arbeit_logo.svg_-1-300x300.png 300w, https:\/\/hs-emsbueren.de\/wp-content\/uploads\/2021\/09\/1200px-Bundesagentur_fuer_Arbeit_logo.svg_-1-150x150.png 150w, https:\/\/hs-emsbueren.de\/wp-content\/uploads\/2021\/09\/1200px-Bundesagentur_fuer_Arbeit_logo.svg_-1-768x768.png 768w, https:\/\/hs-emsbueren.de\/wp-content\/uploads\/2021\/09\/1200px-Bundesagentur_fuer_Arbeit_logo.svg_-1.png 1200w\" sizes=\"auto, (max-width: 133px) 100vw, 133px\" \/><\/figure>\n<\/div>\n\n\n<p>An unserer Schule ber\u00e4t <strong>Herr Stephan Seidel <\/strong>von der Agentur f\u00fcr Arbeit unsere Sch\u00fclerinnen und Sch\u00fcler der Abschlussjahrg\u00e4nge bez\u00fcglich der schulischen und beruflichen W\u00fcnsche und Perspektiven nach der <strong><mark style=\"background-color:rgba(0, 0, 0, 0)\" class=\"has-inline-color has-luminous-vivid-amber-color\">H<\/mark><mark style=\"background-color:rgba(0, 0, 0, 0)\" class=\"has-inline-color has-vivid-cyan-blue-color\">S<\/mark><mark style=\"background-color:rgba(0, 0, 0, 0)\" class=\"has-inline-color has-vivid-red-color\">E<\/mark><\/strong>-Zeit. Die Beratungszeiten werden in der Schule rechtzeitig bekanntgegeben. Dar\u00fcber hinaus kann \u00fcber Herrn Vehring                      <a rel=\"noreferrer noopener\" href=\"mailto:frank.vehring@szembueren.de\" target=\"_blank\">frank.vehring@hsemsbueren.de<\/a> ein Kontakt hergestellt werden.<\/p>\n\n\n\n<p>Im Folgenden kann die Anmeldung f\u00fcr ein Beratungsgespr\u00e4ch heruntergeladen werden:<\/p>\n\n\n\n<div data-wp-interactive=\"core\/file\" class=\"wp-block-file\"><object data-wp-bind--hidden=\"!state.hasPdfPreview\" hidden class=\"wp-block-file__embed\" data=\"https:\/\/hs-emsbueren.de\/wp-content\/uploads\/2021\/09\/Anmeldebogen-Berufberatung-1.pdf\" type=\"application\/pdf\" style=\"width:100%;height:600px\" aria-label=\"Einbettung von Anmeldebogen-Berufberatung-1.\"><\/object><a id=\"wp-block-file--media-dc44ac18-b1bd-45b7-9c4e-256d6de377fd\" href=\"https:\/\/hs-emsbueren.de\/wp-content\/uploads\/2021\/09\/Anmeldebogen-Berufberatung-1.pdf\">Anmeldebogen-Berufberatung-1<\/a><a href=\"https:\/\/hs-emsbueren.de\/wp-content\/uploads\/2021\/09\/Anmeldebogen-Berufberatung-1.pdf\" class=\"wp-block-file__button wp-element-button\" download aria-describedby=\"wp-block-file--media-dc44ac18-b1bd-45b7-9c4e-256d6de377fd\">Herunterladen<\/a><\/div>\n\n\n\n<div data-wp-interactive=\"core\/file\" class=\"wp-block-file\"><object data-wp-bind--hidden=\"!state.hasPdfPreview\" hidden class=\"wp-block-file__embed\" data=\"https:\/\/hs-emsbueren.de\/wp-content\/uploads\/2022\/01\/Berufe-aktuell.pdf\" type=\"application\/pdf\" style=\"width:100%;height:600px\" aria-label=\"Einbettung von Beruf-aktuell.\"><\/object><a id=\"wp-block-file--media-05e0b591-b767-44d8-b1d7-ea0631e55ec0\" href=\"https:\/\/hs-emsbueren.de\/wp-content\/uploads\/2022\/01\/Berufe-aktuell.pdf\">Beruf-aktuell<\/a><a href=\"https:\/\/hs-emsbueren.de\/wp-content\/uploads\/2022\/01\/Berufe-aktuell.pdf\" class=\"wp-block-file__button wp-element-button\" download aria-describedby=\"wp-block-file--media-05e0b591-b767-44d8-b1d7-ea0631e55ec0\">Herunterladen<\/a><\/div>\n\n\n\n<p><\/p>\n","protected":false},"excerpt":{"rendered":"<p>An unserer Schule ber\u00e4t Herr Stephan Seidel von der Agentur f\u00fcr Arbeit unsere Sch\u00fclerinnen und Sch\u00fcler der Abschlussjahrg\u00e4nge bez\u00fcglich der schulischen und beruflichen W\u00fcnsche und Perspektiven nach der HSE-Zeit. Die Beratungszeiten werden in der Schule rechtzeitig bekanntgegeben. Dar\u00fcber hinaus kann \u00fcber Herrn Vehring frank.vehring@hsemsbueren.de ein Kontakt hergestellt werden. Im Folgenden kann die Anmeldung f\u00fcr ein [&hellip;]<\/p>\n","protected":false},"author":1,"featured_media":0,"parent":0,"menu_order":0,"comment_status":"closed","ping_status":"closed","template":"","meta":{"ngg_post_thumbnail":0,"footnotes":""},"class_list":["post-2970","page","type-page","status-publish","hentry"],"_links":{"self":[{"href":"https:\/\/hs-emsbueren.de\/index.php?rest_route=\/wp\/v2\/pages\/2970","targetHints":{"allow":["GET"]}}],"collection":[{"href":"https:\/\/hs-emsbueren.de\/index.php?rest_route=\/wp\/v2\/pages"}],"about":[{"href":"https:\/\/hs-emsbueren.de\/index.php?rest_route=\/wp\/v2\/types\/page"}],"author":[{"embeddable":true,"href":"https:\/\/hs-emsbueren.de\/index.php?rest_route=\/wp\/v2\/users\/1"}],"replies":[{"embeddable":true,"href":"https:\/\/hs-emsbueren.de\/index.php?rest_route=%2Fwp%2Fv2%2Fcomments&post=2970"}],"version-history":[{"count":17,"href":"https:\/\/hs-emsbueren.de\/index.php?rest_route=\/wp\/v2\/pages\/2970\/revisions"}],"predecessor-version":[{"id":4794,"href":"https:\/\/hs-emsbueren.de\/index.php?rest_route=\/wp\/v2\/pages\/2970\/revisions\/4794"}],"wp:attachment":[{"href":"https:\/\/hs-emsbueren.de\/index.php?rest_route=%2Fwp%2Fv2%2Fmedia&parent=2970"}],"curies":[{"name":"wp","href":"https:\/\/api.w.org\/{rel}","templated":true}]}}