{"id":371,"date":"2020-05-13T11:05:20","date_gmt":"2020-05-13T11:05:20","guid":{"rendered":"http:\/\/hsemsbueren.de\/?page_id=371"},"modified":"2021-05-20T12:14:02","modified_gmt":"2021-05-20T10:14:02","slug":"ausbildungsplatzboerse","status":"publish","type":"page","link":"https:\/\/hs-emsbueren.de\/?page_id=371","title":{"rendered":"Ausbildungsplatzb\u00f6rse"},"content":{"rendered":"\n<div class=\"wp-block-image\"><figure class=\"alignright size-large is-resized\"><img loading=\"lazy\" decoding=\"async\" src=\"http:\/\/hsemsbueren.de\/wp-content\/uploads\/2020\/05\/Logo-My-Job4-1-1024x703.jpg\" alt=\"\" class=\"wp-image-373\" width=\"255\" height=\"175\" srcset=\"https:\/\/hs-emsbueren.de\/wp-content\/uploads\/2020\/05\/Logo-My-Job4-1-1024x703.jpg 1024w, https:\/\/hs-emsbueren.de\/wp-content\/uploads\/2020\/05\/Logo-My-Job4-1-300x206.jpg 300w, https:\/\/hs-emsbueren.de\/wp-content\/uploads\/2020\/05\/Logo-My-Job4-1-768x527.jpg 768w, https:\/\/hs-emsbueren.de\/wp-content\/uploads\/2020\/05\/Logo-My-Job4-1-1536x1055.jpg 1536w, https:\/\/hs-emsbueren.de\/wp-content\/uploads\/2020\/05\/Logo-My-Job4-1-2048x1406.jpg 2048w, https:\/\/hs-emsbueren.de\/wp-content\/uploads\/2020\/05\/Logo-My-Job4-1-400x275.jpg 400w\" sizes=\"auto, (max-width: 255px) 100vw, 255px\" \/><\/figure><\/div>\n\n\n\n<p><span class=\"has-inline-color has-vivid-red-color\"><strong>Das Organisationsteam der HSE und Liudger-Realschule hat sich nach intensiven Beratungen dazu entschlossen keine Ausbildungsplatzb\u00f6rse im Jahr 2021 stattfinden zu lassen. Wir bitten um Verst\u00e4ndnis und sind uns sicher, sie im kommenden Jahr wieder begr\u00fc\u00dfen zu k\u00f6nnen.<\/strong><\/span><\/p>\n\n\n\n<p>Die Ausbildungsplatzb\u00f6rse hatte 2013 Premiere und ist in Emsb\u00fcren mittlerweile zur festen Institution geworden. Jeden Sommer zu Beginn des Schuljahres finden sich zahlreiche heimische und regionale Unternehmen, sowie weiterf\u00fchrende Schulen im Ganztagsbereich des Schulzentrums ein, um umfassend \u00fcber berufliche und schulische Ausbildungsm\u00f6glichkeiten zu informieren.<\/p>\n","protected":false},"excerpt":{"rendered":"<p>Das Organisationsteam der HSE und Liudger-Realschule hat sich nach intensiven Beratungen dazu entschlossen keine Ausbildungsplatzb\u00f6rse im Jahr 2021 stattfinden zu lassen. Wir bitten um Verst\u00e4ndnis und sind uns sicher, sie im kommenden Jahr wieder begr\u00fc\u00dfen zu k\u00f6nnen. Die Ausbildungsplatzb\u00f6rse hatte 2013 Premiere und ist in Emsb\u00fcren mittlerweile zur festen Institution geworden. Jeden Sommer zu Beginn [&hellip;]<\/p>\n","protected":false},"author":1,"featured_media":0,"parent":0,"menu_order":0,"comment_status":"closed","ping_status":"closed","template":"","meta":{"ngg_post_thumbnail":0,"footnotes":""},"class_list":["post-371","page","type-page","status-publish","hentry"],"_links":{"self":[{"href":"https:\/\/hs-emsbueren.de\/index.php?rest_route=\/wp\/v2\/pages\/371","targetHints":{"allow":["GET"]}}],"collection":[{"href":"https:\/\/hs-emsbueren.de\/index.php?rest_route=\/wp\/v2\/pages"}],"about":[{"href":"https:\/\/hs-emsbueren.de\/index.php?rest_route=\/wp\/v2\/types\/page"}],"author":[{"embeddable":true,"href":"https:\/\/hs-emsbueren.de\/index.php?rest_route=\/wp\/v2\/users\/1"}],"replies":[{"embeddable":true,"href":"https:\/\/hs-emsbueren.de\/index.php?rest_route=%2Fwp%2Fv2%2Fcomments&post=371"}],"version-history":[{"count":4,"href":"https:\/\/hs-emsbueren.de\/index.php?rest_route=\/wp\/v2\/pages\/371\/revisions"}],"predecessor-version":[{"id":2678,"href":"https:\/\/hs-emsbueren.de\/index.php?rest_route=\/wp\/v2\/pages\/371\/revisions\/2678"}],"wp:attachment":[{"href":"https:\/\/hs-emsbueren.de\/index.php?rest_route=%2Fwp%2Fv2%2Fmedia&parent=371"}],"curies":[{"name":"wp","href":"https:\/\/api.w.org\/{rel}","templated":true}]}}