{"id":3837,"date":"2022-05-17T12:28:49","date_gmt":"2022-05-17T10:28:49","guid":{"rendered":"https:\/\/hs-emsbueren.de\/?page_id=3837"},"modified":"2024-11-04T18:34:30","modified_gmt":"2024-11-04T16:34:30","slug":"bewerbungstraining","status":"publish","type":"page","link":"https:\/\/hs-emsbueren.de\/?page_id=3837","title":{"rendered":"Bewerbungstraining"},"content":{"rendered":"\n<figure class=\"wp-block-image is-resized\"><a href=\"https:\/\/planet-beruf.de\/schuelerinnen\/wie-bewerbe-ich-mich\" target=\"_blank\" rel=\"noopener\"><img decoding=\"async\" src=\"https:\/\/hs-emsbueren.de\/wp-content\/uploads\/2020\/05\/bwerbungstraining-1024x540-1.png\" alt=\"Dieses Bild hat ein leeres Alt-Attribut. Der Dateiname ist bwerbungstraining-1024x540-1.png\" style=\"width:411px;height:216px\"\/><\/a><\/figure>\n\n\n\n<p><em><mark style=\"background-color:rgba(0, 0, 0, 0)\" class=\"has-inline-color has-vivid-cyan-blue-color\">Durch das Anklicken des Bildes gelangst Du zum Bewerbungstraining der Agentur f\u00fcr Arbeit<\/mark><\/em><\/p>\n\n\n\n<p>Ein Bewerbungstraining f\u00fcr unsere Abschlussjahrg\u00e4nge wird seit vielen Jahren von Frau Julia Janning (AOK) an der <strong><mark style=\"background-color:rgba(0, 0, 0, 0)\" class=\"has-inline-color has-luminous-vivid-amber-color\">H<\/mark><mark style=\"background-color:rgba(0, 0, 0, 0)\" class=\"has-inline-color has-vivid-cyan-blue-color\">S<\/mark><mark style=\"background-color:rgba(0, 0, 0, 0)\" class=\"has-inline-color has-vivid-red-color\">E<\/mark><\/strong> durchgef\u00fchrt. Hierbei steht im Jahrgang 9 das Anschreiben sowie der Lebenslauf im Vordergrund.<\/p>\n\n\n\n<p>Im Jahrgang 10 wird dann anhand unterschiedlicher Beispiele das Vorstellungsgespr\u00e4ch behandelt und einge\u00fcbt.<\/p>\n\n\n\n<p><strong><mark style=\"background-color:rgba(0, 0, 0, 0)\" class=\"has-inline-color has-vivid-cyan-blue-color\"><\/mark><\/strong><\/p>\n","protected":false},"excerpt":{"rendered":"<p>Durch das Anklicken des Bildes gelangst Du zum Bewerbungstraining der Agentur f\u00fcr Arbeit Ein Bewerbungstraining f\u00fcr unsere Abschlussjahrg\u00e4nge wird seit vielen Jahren von Frau Julia Janning (AOK) an der HSE durchgef\u00fchrt. Hierbei steht im Jahrgang 9 das Anschreiben sowie der Lebenslauf im Vordergrund. Im Jahrgang 10 wird dann anhand unterschiedlicher Beispiele das Vorstellungsgespr\u00e4ch behandelt und [&hellip;]<\/p>\n","protected":false},"author":1,"featured_media":0,"parent":0,"menu_order":0,"comment_status":"closed","ping_status":"closed","template":"","meta":{"ngg_post_thumbnail":0,"footnotes":""},"class_list":["post-3837","page","type-page","status-publish","hentry"],"_links":{"self":[{"href":"https:\/\/hs-emsbueren.de\/index.php?rest_route=\/wp\/v2\/pages\/3837","targetHints":{"allow":["GET"]}}],"collection":[{"href":"https:\/\/hs-emsbueren.de\/index.php?rest_route=\/wp\/v2\/pages"}],"about":[{"href":"https:\/\/hs-emsbueren.de\/index.php?rest_route=\/wp\/v2\/types\/page"}],"author":[{"embeddable":true,"href":"https:\/\/hs-emsbueren.de\/index.php?rest_route=\/wp\/v2\/users\/1"}],"replies":[{"embeddable":true,"href":"https:\/\/hs-emsbueren.de\/index.php?rest_route=%2Fwp%2Fv2%2Fcomments&post=3837"}],"version-history":[{"count":12,"href":"https:\/\/hs-emsbueren.de\/index.php?rest_route=\/wp\/v2\/pages\/3837\/revisions"}],"predecessor-version":[{"id":5371,"href":"https:\/\/hs-emsbueren.de\/index.php?rest_route=\/wp\/v2\/pages\/3837\/revisions\/5371"}],"wp:attachment":[{"href":"https:\/\/hs-emsbueren.de\/index.php?rest_route=%2Fwp%2Fv2%2Fmedia&parent=3837"}],"curies":[{"name":"wp","href":"https:\/\/api.w.org\/{rel}","templated":true}]}}