{"id":4167,"date":"2022-09-29T15:02:53","date_gmt":"2022-09-29T13:02:53","guid":{"rendered":"https:\/\/hs-emsbueren.de\/?page_id=4167"},"modified":"2022-09-29T15:02:54","modified_gmt":"2022-09-29T13:02:54","slug":"2022-2","status":"publish","type":"page","link":"https:\/\/hs-emsbueren.de\/?page_id=4167","title":{"rendered":"2022"},"content":{"rendered":"\n<h2 class=\"wp-block-heading\">Emsb\u00fcrener Ausbildungsplatzb\u00f6rse ein voller Erfolg!<\/h2>\n\n\n\n<p>\u201eUnd jetzt geht zu den St\u00e4nden und l\u00f6chert die Mitarbeiterinnen und Mitarbeiter, damit Ihr etwas \u00fcber die f\u00fcr euch interessanten Berufe und schulischen Weiterbildungen erfahrt!\u201c Damit beendete B\u00fcrgermeister Markus Silies seine Begr\u00fc\u00dfung aller Anwesenden der diesj\u00e4hrigen Ausbildungsplatzb\u00f6rse, die nach 2 Jahren \u201eCorona-Pause\u201c wieder stattfinden konnte und zur\u00fcckblickend als voller Erfolg gewertet werden kann. 30 Ausstellende (5 weiterf\u00fchrende Schulen, 25 Betriebe, Unternehmen und Einrichtungen) waren im Ganztagsgeb\u00e4ude des Schulzentrums vertreten und informierten sowohl die Sch\u00fclerinnen und Sch\u00fcler als auch die zahlreich erschienenen Eltern sowie Ausw\u00e4rtigen \u00fcber ihr Bildungsangebot. Zu den Ausstellenden z\u00e4hlten auch die Agentur f\u00fcr Arbeit und YFU (Youth for Understanding), die Sch\u00fcleraust\u00e4usche organisieren.<\/p>\n\n\n\nngg_shortcode_0_placeholder\n","protected":false},"excerpt":{"rendered":"<p>Emsb\u00fcrener Ausbildungsplatzb\u00f6rse ein voller Erfolg! \u201eUnd jetzt geht zu den St\u00e4nden und l\u00f6chert die Mitarbeiterinnen und Mitarbeiter, damit Ihr etwas \u00fcber die f\u00fcr euch interessanten Berufe und schulischen Weiterbildungen erfahrt!\u201c Damit beendete B\u00fcrgermeister Markus Silies seine Begr\u00fc\u00dfung aller Anwesenden der diesj\u00e4hrigen Ausbildungsplatzb\u00f6rse, die nach 2 Jahren \u201eCorona-Pause\u201c wieder stattfinden konnte und zur\u00fcckblickend als voller Erfolg [&hellip;]<\/p>\n","protected":false},"author":1,"featured_media":4129,"parent":0,"menu_order":0,"comment_status":"closed","ping_status":"closed","template":"","meta":{"ngg_post_thumbnail":0,"footnotes":""},"class_list":["post-4167","page","type-page","status-publish","has-post-thumbnail","hentry"],"_links":{"self":[{"href":"https:\/\/hs-emsbueren.de\/index.php?rest_route=\/wp\/v2\/pages\/4167","targetHints":{"allow":["GET"]}}],"collection":[{"href":"https:\/\/hs-emsbueren.de\/index.php?rest_route=\/wp\/v2\/pages"}],"about":[{"href":"https:\/\/hs-emsbueren.de\/index.php?rest_route=\/wp\/v2\/types\/page"}],"author":[{"embeddable":true,"href":"https:\/\/hs-emsbueren.de\/index.php?rest_route=\/wp\/v2\/users\/1"}],"replies":[{"embeddable":true,"href":"https:\/\/hs-emsbueren.de\/index.php?rest_route=%2Fwp%2Fv2%2Fcomments&post=4167"}],"version-history":[{"count":2,"href":"https:\/\/hs-emsbueren.de\/index.php?rest_route=\/wp\/v2\/pages\/4167\/revisions"}],"predecessor-version":[{"id":4169,"href":"https:\/\/hs-emsbueren.de\/index.php?rest_route=\/wp\/v2\/pages\/4167\/revisions\/4169"}],"wp:featuredmedia":[{"embeddable":true,"href":"https:\/\/hs-emsbueren.de\/index.php?rest_route=\/wp\/v2\/media\/4129"}],"wp:attachment":[{"href":"https:\/\/hs-emsbueren.de\/index.php?rest_route=%2Fwp%2Fv2%2Fmedia&parent=4167"}],"curies":[{"name":"wp","href":"https:\/\/api.w.org\/{rel}","templated":true}]}}