{"id":4758,"date":"2023-09-12T11:07:25","date_gmt":"2023-09-12T09:07:25","guid":{"rendered":"https:\/\/hs-emsbueren.de\/?page_id=4758"},"modified":"2023-09-12T11:56:26","modified_gmt":"2023-09-12T09:56:26","slug":"2023-2","status":"publish","type":"page","link":"https:\/\/hs-emsbueren.de\/?page_id=4758","title":{"rendered":"2023"},"content":{"rendered":"\n<h1 class=\"wp-block-heading\">Erfolgreiche Ausbildungsplatzb\u00f6rse<\/h1>\n\n\n\n<p>Bei sch\u00f6nstem Wetter konnten am Donnerstag, den 7. September die Besucher der B\u00f6rse von B\u00fcrgermeister Markus Silies begr\u00fc\u00dft werden. In und um den Ganztagsbereich des Schulzentrum herum hatten sich in diesem Jahr 33 ausstellende Unternehmen, Einrichtungen sowie weiterf\u00fchrende Schulen eingefunden, um ihre Bildungs- und Ausbildungsm\u00f6glichkeiten darzustellen. Auch in diesem Jahr kamen wieder viele Eltern mit zur B\u00f6rse, um sich gemeinsam mit Ihren Kindern zu informieren. Dabei fanden auch aus unserer Nachbargemeinde Salzbergen wieder Interessierte den Weg nach Emsb\u00fcren.    <p>Zahlreiche Unternehmen berichteten \u00fcbereinstimmend, gute und zielf\u00fchrende Gespr\u00e4che gef\u00fchrt zu haben, die weiterf\u00fchrenden Schulen verzeichneten ebenfalls eine steigende Anzahl an Beratungsgespr\u00e4chen.<\/p>   <p>Im kommenden Jahr findet die 10. Emsb\u00fcrener Ausbildungsplatzb\u00f6rse zum ihrem Jubil\u00e4um am <strong>Donnerstag, den 22. August 2024<\/strong> statt.<\/p> <\/p>\n\n\n\nngg_shortcode_0_placeholder\n","protected":false},"excerpt":{"rendered":"<p>Erfolgreiche Ausbildungsplatzb\u00f6rse Bei sch\u00f6nstem Wetter konnten am Donnerstag, den 7. September die Besucher der B\u00f6rse von B\u00fcrgermeister Markus Silies begr\u00fc\u00dft werden. In und um den Ganztagsbereich des Schulzentrum herum hatten sich in diesem Jahr 33 ausstellende Unternehmen, Einrichtungen sowie weiterf\u00fchrende Schulen eingefunden, um ihre Bildungs- und Ausbildungsm\u00f6glichkeiten darzustellen. Auch in diesem Jahr kamen wieder viele [&hellip;]<\/p>\n","protected":false},"author":1,"featured_media":4762,"parent":0,"menu_order":0,"comment_status":"closed","ping_status":"closed","template":"","meta":{"ngg_post_thumbnail":0,"footnotes":""},"class_list":["post-4758","page","type-page","status-publish","has-post-thumbnail","hentry"],"_links":{"self":[{"href":"https:\/\/hs-emsbueren.de\/index.php?rest_route=\/wp\/v2\/pages\/4758","targetHints":{"allow":["GET"]}}],"collection":[{"href":"https:\/\/hs-emsbueren.de\/index.php?rest_route=\/wp\/v2\/pages"}],"about":[{"href":"https:\/\/hs-emsbueren.de\/index.php?rest_route=\/wp\/v2\/types\/page"}],"author":[{"embeddable":true,"href":"https:\/\/hs-emsbueren.de\/index.php?rest_route=\/wp\/v2\/users\/1"}],"replies":[{"embeddable":true,"href":"https:\/\/hs-emsbueren.de\/index.php?rest_route=%2Fwp%2Fv2%2Fcomments&post=4758"}],"version-history":[{"count":2,"href":"https:\/\/hs-emsbueren.de\/index.php?rest_route=\/wp\/v2\/pages\/4758\/revisions"}],"predecessor-version":[{"id":4760,"href":"https:\/\/hs-emsbueren.de\/index.php?rest_route=\/wp\/v2\/pages\/4758\/revisions\/4760"}],"wp:featuredmedia":[{"embeddable":true,"href":"https:\/\/hs-emsbueren.de\/index.php?rest_route=\/wp\/v2\/media\/4762"}],"wp:attachment":[{"href":"https:\/\/hs-emsbueren.de\/index.php?rest_route=%2Fwp%2Fv2%2Fmedia&parent=4758"}],"curies":[{"name":"wp","href":"https:\/\/api.w.org\/{rel}","templated":true}]}}