{"id":549,"date":"2020-05-18T07:16:35","date_gmt":"2020-05-18T07:16:35","guid":{"rendered":"http:\/\/hsemsbueren.de\/?page_id=549"},"modified":"2020-05-18T07:30:20","modified_gmt":"2020-05-18T07:30:20","slug":"2019-2","status":"publish","type":"page","link":"https:\/\/hs-emsbueren.de\/?page_id=549","title":{"rendered":"2019"},"content":{"rendered":"\n<p>Die Ausbildungsplatzb\u00f6rse am 28. August hatte in diesem Jahr einen Teilnehmerrekord zu verzeichnen. Insgesamt 28 Aussteller (24 Firmen &amp; Unternehmen, 4 weiterf\u00fchrende Schulen) stellten aus und informierten \u00fcber vielf\u00e4ltige Ausbildungsm\u00f6glichkeiten sowie zahlreiche Bildungsg\u00e4nge. Zu Beginn der B\u00f6rse begr\u00fc\u00dften B\u00fcrgermeister Overberg, Schulleiterin Christel Schnieder (Hauptschule) und Schulleiter Hermann-Josef Pieper (Liudger-Realschule) alle Sch\u00fcler und Eltern, die sich zu 16 Uhr in der Mensa des Schulzentrums eingefunden hatten. Die Mehrzahl der Aussteller zeichneten zum Ende ein positives Bild von der Veranstaltung, zu der sich auch viele Eltern mit ihren Kindern aus den umliegenden Gemeinden eingefunden hatten. Einen besonderen Service bot das Unternehmen Hermann Paus im Vorfeld der B\u00f6rse. Es wurde ein Shuttleservice f\u00fcr interessierte Sch\u00fcler eingerichtet, die im Unternehmen eine von Auszubildenden begleitete Betriebsbesichtigung erhielten.<\/p>\n\n\n\n<figure class=\"wp-block-gallery columns-3 is-cropped wp-block-gallery-1 is-layout-flex wp-block-gallery-is-layout-flex\"><ul class=\"blocks-gallery-grid\"><li class=\"blocks-gallery-item\"><figure><a href=\"http:\/\/hsemsbueren.de\/?attachment_id=565\"><img loading=\"lazy\" decoding=\"async\" width=\"1024\" height=\"576\" src=\"http:\/\/hsemsbueren.de\/wp-content\/uploads\/2020\/05\/01.jpg\" alt=\"\" data-id=\"565\" data-full-url=\"http:\/\/hsemsbueren.de\/wp-content\/uploads\/2020\/05\/01.jpg\" data-link=\"http:\/\/hsemsbueren.de\/?attachment_id=565\" class=\"wp-image-565\" srcset=\"https:\/\/hs-emsbueren.de\/wp-content\/uploads\/2020\/05\/01.jpg 1024w, https:\/\/hs-emsbueren.de\/wp-content\/uploads\/2020\/05\/01-300x169.jpg 300w, https:\/\/hs-emsbueren.de\/wp-content\/uploads\/2020\/05\/01-768x432.jpg 768w, https:\/\/hs-emsbueren.de\/wp-content\/uploads\/2020\/05\/01-400x225.jpg 400w\" sizes=\"auto, (max-width: 1024px) 100vw, 1024px\" \/><\/a><\/figure><\/li><li class=\"blocks-gallery-item\"><figure><a href=\"http:\/\/hsemsbueren.de\/?attachment_id=566\"><img loading=\"lazy\" decoding=\"async\" width=\"1024\" height=\"576\" src=\"http:\/\/hsemsbueren.de\/wp-content\/uploads\/2020\/05\/02.jpg\" alt=\"\" data-id=\"566\" data-full-url=\"http:\/\/hsemsbueren.de\/wp-content\/uploads\/2020\/05\/02.jpg\" data-link=\"http:\/\/hsemsbueren.de\/?attachment_id=566\" class=\"wp-image-566\" srcset=\"https:\/\/hs-emsbueren.de\/wp-content\/uploads\/2020\/05\/02.jpg 1024w, https:\/\/hs-emsbueren.de\/wp-content\/uploads\/2020\/05\/02-300x169.jpg 300w, https:\/\/hs-emsbueren.de\/wp-content\/uploads\/2020\/05\/02-768x432.jpg 768w, https:\/\/hs-emsbueren.de\/wp-content\/uploads\/2020\/05\/02-400x225.jpg 400w\" sizes=\"auto, (max-width: 1024px) 100vw, 1024px\" \/><\/a><\/figure><\/li><li class=\"blocks-gallery-item\"><figure><a href=\"http:\/\/hsemsbueren.de\/?attachment_id=567\"><img loading=\"lazy\" decoding=\"async\" width=\"1024\" height=\"576\" src=\"http:\/\/hsemsbueren.de\/wp-content\/uploads\/2020\/05\/03.jpg\" alt=\"\" data-id=\"567\" data-full-url=\"http:\/\/hsemsbueren.de\/wp-content\/uploads\/2020\/05\/03.jpg\" data-link=\"http:\/\/hsemsbueren.de\/?attachment_id=567\" class=\"wp-image-567\" srcset=\"https:\/\/hs-emsbueren.de\/wp-content\/uploads\/2020\/05\/03.jpg 1024w, https:\/\/hs-emsbueren.de\/wp-content\/uploads\/2020\/05\/03-300x169.jpg 300w, https:\/\/hs-emsbueren.de\/wp-content\/uploads\/2020\/05\/03-768x432.jpg 768w, https:\/\/hs-emsbueren.de\/wp-content\/uploads\/2020\/05\/03-400x225.jpg 400w\" sizes=\"auto, (max-width: 1024px) 100vw, 1024px\" \/><\/a><\/figure><\/li><li class=\"blocks-gallery-item\"><figure><a href=\"http:\/\/hsemsbueren.de\/?attachment_id=568\"><img loading=\"lazy\" decoding=\"async\" width=\"1024\" height=\"576\" src=\"http:\/\/hsemsbueren.de\/wp-content\/uploads\/2020\/05\/04.jpg\" alt=\"\" data-id=\"568\" data-full-url=\"http:\/\/hsemsbueren.de\/wp-content\/uploads\/2020\/05\/04.jpg\" data-link=\"http:\/\/hsemsbueren.de\/?attachment_id=568\" class=\"wp-image-568\" srcset=\"https:\/\/hs-emsbueren.de\/wp-content\/uploads\/2020\/05\/04.jpg 1024w, https:\/\/hs-emsbueren.de\/wp-content\/uploads\/2020\/05\/04-300x169.jpg 300w, https:\/\/hs-emsbueren.de\/wp-content\/uploads\/2020\/05\/04-768x432.jpg 768w, https:\/\/hs-emsbueren.de\/wp-content\/uploads\/2020\/05\/04-400x225.jpg 400w\" sizes=\"auto, (max-width: 1024px) 100vw, 1024px\" \/><\/a><\/figure><\/li><li class=\"blocks-gallery-item\"><figure><a href=\"http:\/\/hsemsbueren.de\/?attachment_id=569\"><img loading=\"lazy\" decoding=\"async\" width=\"1024\" height=\"576\" src=\"http:\/\/hsemsbueren.de\/wp-content\/uploads\/2020\/05\/05.jpg\" alt=\"\" data-id=\"569\" data-full-url=\"http:\/\/hsemsbueren.de\/wp-content\/uploads\/2020\/05\/05.jpg\" data-link=\"http:\/\/hsemsbueren.de\/?attachment_id=569\" class=\"wp-image-569\" srcset=\"https:\/\/hs-emsbueren.de\/wp-content\/uploads\/2020\/05\/05.jpg 1024w, https:\/\/hs-emsbueren.de\/wp-content\/uploads\/2020\/05\/05-300x169.jpg 300w, https:\/\/hs-emsbueren.de\/wp-content\/uploads\/2020\/05\/05-768x432.jpg 768w, https:\/\/hs-emsbueren.de\/wp-content\/uploads\/2020\/05\/05-400x225.jpg 400w\" sizes=\"auto, (max-width: 1024px) 100vw, 1024px\" \/><\/a><\/figure><\/li><li class=\"blocks-gallery-item\"><figure><a href=\"http:\/\/hsemsbueren.de\/?attachment_id=570\"><img loading=\"lazy\" decoding=\"async\" width=\"1024\" height=\"576\" src=\"http:\/\/hsemsbueren.de\/wp-content\/uploads\/2020\/05\/06.jpg\" alt=\"\" data-id=\"570\" data-full-url=\"http:\/\/hsemsbueren.de\/wp-content\/uploads\/2020\/05\/06.jpg\" data-link=\"http:\/\/hsemsbueren.de\/?attachment_id=570\" class=\"wp-image-570\" srcset=\"https:\/\/hs-emsbueren.de\/wp-content\/uploads\/2020\/05\/06.jpg 1024w, https:\/\/hs-emsbueren.de\/wp-content\/uploads\/2020\/05\/06-300x169.jpg 300w, https:\/\/hs-emsbueren.de\/wp-content\/uploads\/2020\/05\/06-768x432.jpg 768w, https:\/\/hs-emsbueren.de\/wp-content\/uploads\/2020\/05\/06-400x225.jpg 400w\" sizes=\"auto, (max-width: 1024px) 100vw, 1024px\" \/><\/a><\/figure><\/li><li class=\"blocks-gallery-item\"><figure><a href=\"http:\/\/hsemsbueren.de\/?attachment_id=571\"><img loading=\"lazy\" decoding=\"async\" width=\"576\" height=\"1024\" src=\"http:\/\/hsemsbueren.de\/wp-content\/uploads\/2020\/05\/07.jpg\" alt=\"\" data-id=\"571\" data-full-url=\"http:\/\/hsemsbueren.de\/wp-content\/uploads\/2020\/05\/07.jpg\" data-link=\"http:\/\/hsemsbueren.de\/?attachment_id=571\" class=\"wp-image-571\" srcset=\"https:\/\/hs-emsbueren.de\/wp-content\/uploads\/2020\/05\/07.jpg 576w, https:\/\/hs-emsbueren.de\/wp-content\/uploads\/2020\/05\/07-169x300.jpg 169w\" sizes=\"auto, (max-width: 576px) 100vw, 576px\" \/><\/a><\/figure><\/li><li class=\"blocks-gallery-item\"><figure><a href=\"http:\/\/hsemsbueren.de\/?attachment_id=572\"><img loading=\"lazy\" decoding=\"async\" width=\"1024\" height=\"576\" src=\"http:\/\/hsemsbueren.de\/wp-content\/uploads\/2020\/05\/08.jpg\" alt=\"\" data-id=\"572\" data-full-url=\"http:\/\/hsemsbueren.de\/wp-content\/uploads\/2020\/05\/08.jpg\" data-link=\"http:\/\/hsemsbueren.de\/?attachment_id=572\" class=\"wp-image-572\" srcset=\"https:\/\/hs-emsbueren.de\/wp-content\/uploads\/2020\/05\/08.jpg 1024w, https:\/\/hs-emsbueren.de\/wp-content\/uploads\/2020\/05\/08-300x169.jpg 300w, https:\/\/hs-emsbueren.de\/wp-content\/uploads\/2020\/05\/08-768x432.jpg 768w, https:\/\/hs-emsbueren.de\/wp-content\/uploads\/2020\/05\/08-400x225.jpg 400w\" sizes=\"auto, (max-width: 1024px) 100vw, 1024px\" \/><\/a><\/figure><\/li><\/ul><\/figure>\n","protected":false},"excerpt":{"rendered":"<p>Die Ausbildungsplatzb\u00f6rse am 28. August hatte in diesem Jahr einen Teilnehmerrekord zu verzeichnen. Insgesamt 28 Aussteller (24 Firmen &amp; Unternehmen, 4 weiterf\u00fchrende Schulen) stellten aus und informierten \u00fcber vielf\u00e4ltige Ausbildungsm\u00f6glichkeiten sowie zahlreiche Bildungsg\u00e4nge. Zu Beginn der B\u00f6rse begr\u00fc\u00dften B\u00fcrgermeister Overberg, Schulleiterin Christel Schnieder (Hauptschule) und Schulleiter Hermann-Josef Pieper (Liudger-Realschule) alle Sch\u00fcler und Eltern, die sich [&hellip;]<\/p>\n","protected":false},"author":1,"featured_media":0,"parent":0,"menu_order":0,"comment_status":"closed","ping_status":"closed","template":"","meta":{"ngg_post_thumbnail":0,"footnotes":""},"class_list":["post-549","page","type-page","status-publish","hentry"],"_links":{"self":[{"href":"https:\/\/hs-emsbueren.de\/index.php?rest_route=\/wp\/v2\/pages\/549","targetHints":{"allow":["GET"]}}],"collection":[{"href":"https:\/\/hs-emsbueren.de\/index.php?rest_route=\/wp\/v2\/pages"}],"about":[{"href":"https:\/\/hs-emsbueren.de\/index.php?rest_route=\/wp\/v2\/types\/page"}],"author":[{"embeddable":true,"href":"https:\/\/hs-emsbueren.de\/index.php?rest_route=\/wp\/v2\/users\/1"}],"replies":[{"embeddable":true,"href":"https:\/\/hs-emsbueren.de\/index.php?rest_route=%2Fwp%2Fv2%2Fcomments&post=549"}],"version-history":[{"count":3,"href":"https:\/\/hs-emsbueren.de\/index.php?rest_route=\/wp\/v2\/pages\/549\/revisions"}],"predecessor-version":[{"id":597,"href":"https:\/\/hs-emsbueren.de\/index.php?rest_route=\/wp\/v2\/pages\/549\/revisions\/597"}],"wp:attachment":[{"href":"https:\/\/hs-emsbueren.de\/index.php?rest_route=%2Fwp%2Fv2%2Fmedia&parent=549"}],"curies":[{"name":"wp","href":"https:\/\/api.w.org\/{rel}","templated":true}]}}