{"id":551,"date":"2020-05-18T07:16:56","date_gmt":"2020-05-18T07:16:56","guid":{"rendered":"http:\/\/hsemsbueren.de\/?page_id=551"},"modified":"2020-05-18T07:29:46","modified_gmt":"2020-05-18T07:29:46","slug":"2018-2","status":"publish","type":"page","link":"https:\/\/hs-emsbueren.de\/?page_id=551","title":{"rendered":"2018"},"content":{"rendered":"\n<p>Am Mittwoch, 29. August fand die 6. Emsb\u00fcrener Ausbildungsplatzb\u00f6rse im Schulzentrum statt. Erstmals waren unter den 27 Ausstellern auch 4 weiterf\u00fchrende Schulen anwesend, die dem sehr interessierten Publikum ihre Bildungsg\u00e4nge vorstellten. Dar\u00fcber hinaus war erstmal der Bereich Pflege (Elisabethhaus) und Gartenbau (Emsflower) vertreten.<\/p>\n\n\n\n<figure class=\"wp-block-gallery columns-3 is-cropped wp-block-gallery-1 is-layout-flex wp-block-gallery-is-layout-flex\"><ul class=\"blocks-gallery-grid\"><li class=\"blocks-gallery-item\"><figure><a href=\"http:\/\/hsemsbueren.de\/?attachment_id=575\"><img loading=\"lazy\" decoding=\"async\" width=\"1024\" height=\"576\" src=\"http:\/\/hsemsbueren.de\/wp-content\/uploads\/2020\/05\/01-1.jpg\" alt=\"\" data-id=\"575\" data-full-url=\"http:\/\/hsemsbueren.de\/wp-content\/uploads\/2020\/05\/01-1.jpg\" data-link=\"http:\/\/hsemsbueren.de\/?attachment_id=575\" class=\"wp-image-575\" srcset=\"https:\/\/hs-emsbueren.de\/wp-content\/uploads\/2020\/05\/01-1.jpg 1024w, https:\/\/hs-emsbueren.de\/wp-content\/uploads\/2020\/05\/01-1-300x169.jpg 300w, https:\/\/hs-emsbueren.de\/wp-content\/uploads\/2020\/05\/01-1-768x432.jpg 768w, https:\/\/hs-emsbueren.de\/wp-content\/uploads\/2020\/05\/01-1-400x225.jpg 400w\" sizes=\"auto, (max-width: 1024px) 100vw, 1024px\" \/><\/a><\/figure><\/li><li class=\"blocks-gallery-item\"><figure><a href=\"http:\/\/hsemsbueren.de\/?attachment_id=576\"><img loading=\"lazy\" decoding=\"async\" width=\"1024\" height=\"576\" src=\"http:\/\/hsemsbueren.de\/wp-content\/uploads\/2020\/05\/02-1.jpg\" alt=\"\" data-id=\"576\" data-full-url=\"http:\/\/hsemsbueren.de\/wp-content\/uploads\/2020\/05\/02-1.jpg\" data-link=\"http:\/\/hsemsbueren.de\/?attachment_id=576\" class=\"wp-image-576\" srcset=\"https:\/\/hs-emsbueren.de\/wp-content\/uploads\/2020\/05\/02-1.jpg 1024w, https:\/\/hs-emsbueren.de\/wp-content\/uploads\/2020\/05\/02-1-300x169.jpg 300w, https:\/\/hs-emsbueren.de\/wp-content\/uploads\/2020\/05\/02-1-768x432.jpg 768w, https:\/\/hs-emsbueren.de\/wp-content\/uploads\/2020\/05\/02-1-400x225.jpg 400w\" sizes=\"auto, (max-width: 1024px) 100vw, 1024px\" \/><\/a><\/figure><\/li><li class=\"blocks-gallery-item\"><figure><a href=\"http:\/\/hsemsbueren.de\/?attachment_id=577\"><img loading=\"lazy\" decoding=\"async\" width=\"1024\" height=\"576\" src=\"http:\/\/hsemsbueren.de\/wp-content\/uploads\/2020\/05\/03-1.jpg\" alt=\"\" data-id=\"577\" data-full-url=\"http:\/\/hsemsbueren.de\/wp-content\/uploads\/2020\/05\/03-1.jpg\" data-link=\"http:\/\/hsemsbueren.de\/?attachment_id=577\" class=\"wp-image-577\" srcset=\"https:\/\/hs-emsbueren.de\/wp-content\/uploads\/2020\/05\/03-1.jpg 1024w, https:\/\/hs-emsbueren.de\/wp-content\/uploads\/2020\/05\/03-1-300x169.jpg 300w, https:\/\/hs-emsbueren.de\/wp-content\/uploads\/2020\/05\/03-1-768x432.jpg 768w, https:\/\/hs-emsbueren.de\/wp-content\/uploads\/2020\/05\/03-1-400x225.jpg 400w\" sizes=\"auto, (max-width: 1024px) 100vw, 1024px\" \/><\/a><\/figure><\/li><li class=\"blocks-gallery-item\"><figure><a href=\"http:\/\/hsemsbueren.de\/?attachment_id=578\"><img loading=\"lazy\" decoding=\"async\" width=\"1024\" height=\"576\" src=\"http:\/\/hsemsbueren.de\/wp-content\/uploads\/2020\/05\/04-1.jpg\" alt=\"\" data-id=\"578\" data-full-url=\"http:\/\/hsemsbueren.de\/wp-content\/uploads\/2020\/05\/04-1.jpg\" data-link=\"http:\/\/hsemsbueren.de\/?attachment_id=578\" class=\"wp-image-578\" srcset=\"https:\/\/hs-emsbueren.de\/wp-content\/uploads\/2020\/05\/04-1.jpg 1024w, https:\/\/hs-emsbueren.de\/wp-content\/uploads\/2020\/05\/04-1-300x169.jpg 300w, https:\/\/hs-emsbueren.de\/wp-content\/uploads\/2020\/05\/04-1-768x432.jpg 768w, https:\/\/hs-emsbueren.de\/wp-content\/uploads\/2020\/05\/04-1-400x225.jpg 400w\" sizes=\"auto, (max-width: 1024px) 100vw, 1024px\" \/><\/a><\/figure><\/li><li class=\"blocks-gallery-item\"><figure><a href=\"http:\/\/hsemsbueren.de\/?attachment_id=579\"><img loading=\"lazy\" decoding=\"async\" width=\"1024\" height=\"576\" src=\"http:\/\/hsemsbueren.de\/wp-content\/uploads\/2020\/05\/05-1.jpg\" alt=\"\" data-id=\"579\" data-full-url=\"http:\/\/hsemsbueren.de\/wp-content\/uploads\/2020\/05\/05-1.jpg\" data-link=\"http:\/\/hsemsbueren.de\/?attachment_id=579\" class=\"wp-image-579\" srcset=\"https:\/\/hs-emsbueren.de\/wp-content\/uploads\/2020\/05\/05-1.jpg 1024w, https:\/\/hs-emsbueren.de\/wp-content\/uploads\/2020\/05\/05-1-300x169.jpg 300w, https:\/\/hs-emsbueren.de\/wp-content\/uploads\/2020\/05\/05-1-768x432.jpg 768w, https:\/\/hs-emsbueren.de\/wp-content\/uploads\/2020\/05\/05-1-400x225.jpg 400w\" sizes=\"auto, (max-width: 1024px) 100vw, 1024px\" \/><\/a><\/figure><\/li><li class=\"blocks-gallery-item\"><figure><a href=\"http:\/\/hsemsbueren.de\/?attachment_id=580\"><img loading=\"lazy\" decoding=\"async\" width=\"1024\" height=\"576\" src=\"http:\/\/hsemsbueren.de\/wp-content\/uploads\/2020\/05\/06-1.jpg\" alt=\"\" data-id=\"580\" data-full-url=\"http:\/\/hsemsbueren.de\/wp-content\/uploads\/2020\/05\/06-1.jpg\" data-link=\"http:\/\/hsemsbueren.de\/?attachment_id=580\" class=\"wp-image-580\" srcset=\"https:\/\/hs-emsbueren.de\/wp-content\/uploads\/2020\/05\/06-1.jpg 1024w, https:\/\/hs-emsbueren.de\/wp-content\/uploads\/2020\/05\/06-1-300x169.jpg 300w, https:\/\/hs-emsbueren.de\/wp-content\/uploads\/2020\/05\/06-1-768x432.jpg 768w, https:\/\/hs-emsbueren.de\/wp-content\/uploads\/2020\/05\/06-1-400x225.jpg 400w\" sizes=\"auto, (max-width: 1024px) 100vw, 1024px\" \/><\/a><\/figure><\/li><li class=\"blocks-gallery-item\"><figure><a href=\"http:\/\/hsemsbueren.de\/?attachment_id=582\"><img loading=\"lazy\" decoding=\"async\" width=\"1024\" height=\"576\" src=\"http:\/\/hsemsbueren.de\/wp-content\/uploads\/2020\/05\/08-1.jpg\" alt=\"\" data-id=\"582\" data-full-url=\"http:\/\/hsemsbueren.de\/wp-content\/uploads\/2020\/05\/08-1.jpg\" data-link=\"http:\/\/hsemsbueren.de\/?attachment_id=582\" class=\"wp-image-582\" srcset=\"https:\/\/hs-emsbueren.de\/wp-content\/uploads\/2020\/05\/08-1.jpg 1024w, https:\/\/hs-emsbueren.de\/wp-content\/uploads\/2020\/05\/08-1-300x169.jpg 300w, https:\/\/hs-emsbueren.de\/wp-content\/uploads\/2020\/05\/08-1-768x432.jpg 768w, https:\/\/hs-emsbueren.de\/wp-content\/uploads\/2020\/05\/08-1-400x225.jpg 400w\" sizes=\"auto, (max-width: 1024px) 100vw, 1024px\" \/><\/a><\/figure><\/li><li class=\"blocks-gallery-item\"><figure><a href=\"http:\/\/hsemsbueren.de\/?attachment_id=583\"><img loading=\"lazy\" decoding=\"async\" width=\"1024\" height=\"576\" src=\"http:\/\/hsemsbueren.de\/wp-content\/uploads\/2020\/05\/09.jpg\" alt=\"\" data-id=\"583\" data-full-url=\"http:\/\/hsemsbueren.de\/wp-content\/uploads\/2020\/05\/09.jpg\" data-link=\"http:\/\/hsemsbueren.de\/?attachment_id=583\" class=\"wp-image-583\" srcset=\"https:\/\/hs-emsbueren.de\/wp-content\/uploads\/2020\/05\/09.jpg 1024w, https:\/\/hs-emsbueren.de\/wp-content\/uploads\/2020\/05\/09-300x169.jpg 300w, https:\/\/hs-emsbueren.de\/wp-content\/uploads\/2020\/05\/09-768x432.jpg 768w, https:\/\/hs-emsbueren.de\/wp-content\/uploads\/2020\/05\/09-400x225.jpg 400w\" sizes=\"auto, (max-width: 1024px) 100vw, 1024px\" \/><\/a><\/figure><\/li><li class=\"blocks-gallery-item\"><figure><a href=\"http:\/\/hsemsbueren.de\/?attachment_id=584\"><img loading=\"lazy\" decoding=\"async\" width=\"1024\" height=\"576\" src=\"http:\/\/hsemsbueren.de\/wp-content\/uploads\/2020\/05\/10.jpg\" alt=\"\" data-id=\"584\" data-full-url=\"http:\/\/hsemsbueren.de\/wp-content\/uploads\/2020\/05\/10.jpg\" data-link=\"http:\/\/hsemsbueren.de\/?attachment_id=584\" class=\"wp-image-584\" srcset=\"https:\/\/hs-emsbueren.de\/wp-content\/uploads\/2020\/05\/10.jpg 1024w, https:\/\/hs-emsbueren.de\/wp-content\/uploads\/2020\/05\/10-300x169.jpg 300w, https:\/\/hs-emsbueren.de\/wp-content\/uploads\/2020\/05\/10-768x432.jpg 768w, https:\/\/hs-emsbueren.de\/wp-content\/uploads\/2020\/05\/10-400x225.jpg 400w\" sizes=\"auto, (max-width: 1024px) 100vw, 1024px\" \/><\/a><\/figure><\/li><li class=\"blocks-gallery-item\"><figure><a href=\"http:\/\/hsemsbueren.de\/?attachment_id=585\"><img loading=\"lazy\" decoding=\"async\" width=\"1024\" height=\"576\" src=\"http:\/\/hsemsbueren.de\/wp-content\/uploads\/2020\/05\/11.jpg\" alt=\"\" data-id=\"585\" data-full-url=\"http:\/\/hsemsbueren.de\/wp-content\/uploads\/2020\/05\/11.jpg\" data-link=\"http:\/\/hsemsbueren.de\/?attachment_id=585\" class=\"wp-image-585\" srcset=\"https:\/\/hs-emsbueren.de\/wp-content\/uploads\/2020\/05\/11.jpg 1024w, https:\/\/hs-emsbueren.de\/wp-content\/uploads\/2020\/05\/11-300x169.jpg 300w, https:\/\/hs-emsbueren.de\/wp-content\/uploads\/2020\/05\/11-768x432.jpg 768w, https:\/\/hs-emsbueren.de\/wp-content\/uploads\/2020\/05\/11-400x225.jpg 400w\" sizes=\"auto, (max-width: 1024px) 100vw, 1024px\" \/><\/a><\/figure><\/li><li class=\"blocks-gallery-item\"><figure><a href=\"http:\/\/hsemsbueren.de\/?attachment_id=586\"><img loading=\"lazy\" decoding=\"async\" width=\"1024\" height=\"576\" src=\"http:\/\/hsemsbueren.de\/wp-content\/uploads\/2020\/05\/12.jpg\" alt=\"\" data-id=\"586\" data-full-url=\"http:\/\/hsemsbueren.de\/wp-content\/uploads\/2020\/05\/12.jpg\" data-link=\"http:\/\/hsemsbueren.de\/?attachment_id=586\" class=\"wp-image-586\" srcset=\"https:\/\/hs-emsbueren.de\/wp-content\/uploads\/2020\/05\/12.jpg 1024w, https:\/\/hs-emsbueren.de\/wp-content\/uploads\/2020\/05\/12-300x169.jpg 300w, https:\/\/hs-emsbueren.de\/wp-content\/uploads\/2020\/05\/12-768x432.jpg 768w, https:\/\/hs-emsbueren.de\/wp-content\/uploads\/2020\/05\/12-400x225.jpg 400w\" sizes=\"auto, (max-width: 1024px) 100vw, 1024px\" \/><\/a><\/figure><\/li><li class=\"blocks-gallery-item\"><figure><a href=\"http:\/\/hsemsbueren.de\/?attachment_id=588\"><img loading=\"lazy\" decoding=\"async\" width=\"1024\" height=\"576\" src=\"http:\/\/hsemsbueren.de\/wp-content\/uploads\/2020\/05\/14.jpg\" alt=\"\" data-id=\"588\" data-full-url=\"http:\/\/hsemsbueren.de\/wp-content\/uploads\/2020\/05\/14.jpg\" data-link=\"http:\/\/hsemsbueren.de\/?attachment_id=588\" class=\"wp-image-588\" srcset=\"https:\/\/hs-emsbueren.de\/wp-content\/uploads\/2020\/05\/14.jpg 1024w, https:\/\/hs-emsbueren.de\/wp-content\/uploads\/2020\/05\/14-300x169.jpg 300w, https:\/\/hs-emsbueren.de\/wp-content\/uploads\/2020\/05\/14-768x432.jpg 768w, https:\/\/hs-emsbueren.de\/wp-content\/uploads\/2020\/05\/14-400x225.jpg 400w\" sizes=\"auto, (max-width: 1024px) 100vw, 1024px\" \/><\/a><\/figure><\/li><li class=\"blocks-gallery-item\"><figure><a href=\"http:\/\/hsemsbueren.de\/?attachment_id=589\"><img loading=\"lazy\" decoding=\"async\" width=\"1024\" height=\"576\" src=\"http:\/\/hsemsbueren.de\/wp-content\/uploads\/2020\/05\/15.jpg\" alt=\"\" data-id=\"589\" data-full-url=\"http:\/\/hsemsbueren.de\/wp-content\/uploads\/2020\/05\/15.jpg\" data-link=\"http:\/\/hsemsbueren.de\/?attachment_id=589\" class=\"wp-image-589\" srcset=\"https:\/\/hs-emsbueren.de\/wp-content\/uploads\/2020\/05\/15.jpg 1024w, https:\/\/hs-emsbueren.de\/wp-content\/uploads\/2020\/05\/15-300x169.jpg 300w, https:\/\/hs-emsbueren.de\/wp-content\/uploads\/2020\/05\/15-768x432.jpg 768w, https:\/\/hs-emsbueren.de\/wp-content\/uploads\/2020\/05\/15-400x225.jpg 400w\" sizes=\"auto, (max-width: 1024px) 100vw, 1024px\" \/><\/a><\/figure><\/li><li class=\"blocks-gallery-item\"><figure><a href=\"http:\/\/hsemsbueren.de\/?attachment_id=590\"><img loading=\"lazy\" decoding=\"async\" width=\"1024\" height=\"576\" src=\"http:\/\/hsemsbueren.de\/wp-content\/uploads\/2020\/05\/16.jpg\" alt=\"\" data-id=\"590\" data-full-url=\"http:\/\/hsemsbueren.de\/wp-content\/uploads\/2020\/05\/16.jpg\" data-link=\"http:\/\/hsemsbueren.de\/?attachment_id=590\" class=\"wp-image-590\" srcset=\"https:\/\/hs-emsbueren.de\/wp-content\/uploads\/2020\/05\/16.jpg 1024w, https:\/\/hs-emsbueren.de\/wp-content\/uploads\/2020\/05\/16-300x169.jpg 300w, https:\/\/hs-emsbueren.de\/wp-content\/uploads\/2020\/05\/16-768x432.jpg 768w, https:\/\/hs-emsbueren.de\/wp-content\/uploads\/2020\/05\/16-400x225.jpg 400w\" sizes=\"auto, (max-width: 1024px) 100vw, 1024px\" \/><\/a><\/figure><\/li><li class=\"blocks-gallery-item\"><figure><a href=\"http:\/\/hsemsbueren.de\/?attachment_id=592\"><img loading=\"lazy\" decoding=\"async\" width=\"1024\" height=\"576\" src=\"http:\/\/hsemsbueren.de\/wp-content\/uploads\/2020\/05\/18.jpg\" alt=\"\" data-id=\"592\" data-full-url=\"http:\/\/hsemsbueren.de\/wp-content\/uploads\/2020\/05\/18.jpg\" data-link=\"http:\/\/hsemsbueren.de\/?attachment_id=592\" class=\"wp-image-592\" srcset=\"https:\/\/hs-emsbueren.de\/wp-content\/uploads\/2020\/05\/18.jpg 1024w, https:\/\/hs-emsbueren.de\/wp-content\/uploads\/2020\/05\/18-300x169.jpg 300w, https:\/\/hs-emsbueren.de\/wp-content\/uploads\/2020\/05\/18-768x432.jpg 768w, https:\/\/hs-emsbueren.de\/wp-content\/uploads\/2020\/05\/18-400x225.jpg 400w\" sizes=\"auto, (max-width: 1024px) 100vw, 1024px\" \/><\/a><\/figure><\/li><\/ul><\/figure>\n","protected":false},"excerpt":{"rendered":"<p>Am Mittwoch, 29. August fand die 6. Emsb\u00fcrener Ausbildungsplatzb\u00f6rse im Schulzentrum statt. Erstmals waren unter den 27 Ausstellern auch 4 weiterf\u00fchrende Schulen anwesend, die dem sehr interessierten Publikum ihre Bildungsg\u00e4nge vorstellten. Dar\u00fcber hinaus war erstmal der Bereich Pflege (Elisabethhaus) und Gartenbau (Emsflower) vertreten.<\/p>\n","protected":false},"author":1,"featured_media":0,"parent":0,"menu_order":0,"comment_status":"closed","ping_status":"closed","template":"","meta":{"ngg_post_thumbnail":0,"footnotes":""},"class_list":["post-551","page","type-page","status-publish","hentry"],"_links":{"self":[{"href":"https:\/\/hs-emsbueren.de\/index.php?rest_route=\/wp\/v2\/pages\/551","targetHints":{"allow":["GET"]}}],"collection":[{"href":"https:\/\/hs-emsbueren.de\/index.php?rest_route=\/wp\/v2\/pages"}],"about":[{"href":"https:\/\/hs-emsbueren.de\/index.php?rest_route=\/wp\/v2\/types\/page"}],"author":[{"embeddable":true,"href":"https:\/\/hs-emsbueren.de\/index.php?rest_route=\/wp\/v2\/users\/1"}],"replies":[{"embeddable":true,"href":"https:\/\/hs-emsbueren.de\/index.php?rest_route=%2Fwp%2Fv2%2Fcomments&post=551"}],"version-history":[{"count":3,"href":"https:\/\/hs-emsbueren.de\/index.php?rest_route=\/wp\/v2\/pages\/551\/revisions"}],"predecessor-version":[{"id":596,"href":"https:\/\/hs-emsbueren.de\/index.php?rest_route=\/wp\/v2\/pages\/551\/revisions\/596"}],"wp:attachment":[{"href":"https:\/\/hs-emsbueren.de\/index.php?rest_route=%2Fwp%2Fv2%2Fmedia&parent=551"}],"curies":[{"name":"wp","href":"https:\/\/api.w.org\/{rel}","templated":true}]}}