{"id":557,"date":"2020-05-18T07:17:45","date_gmt":"2020-05-18T07:17:45","guid":{"rendered":"http:\/\/hsemsbueren.de\/?page_id=557"},"modified":"2020-05-18T08:07:54","modified_gmt":"2020-05-18T08:07:54","slug":"2015-2","status":"publish","type":"page","link":"https:\/\/hs-emsbueren.de\/?page_id=557","title":{"rendered":"2015"},"content":{"rendered":"\n<p>An erstmals zwei Veranstaltungstagen waren die St\u00e4nde in der Mensa und im Ganztagsbereich des Schulzentrums Emsb\u00fcren sehr gut besucht.<br>Am Dienstag, 14. Juli begr\u00fc\u00dfte B\u00fcrgermeister Overberg alle anwesenden Aussteller und Besucher recht herzlich und w\u00fcnschte ihnen gute Gespr\u00e4ch und Erkenntnisse. Er zeigt sich erfreut, dass die Emsb\u00fcrener Ausbildungsplatzb\u00f6rse stetig wachse und sich auch namhafte Unternehmen aus der Region pr\u00e4sentieren.<br>Viele Eltern nahmen gerne die Gelegenheit war, sich mit ihren Kindern \u00fcber die zahlreichen Ausbildungsm\u00f6glichkeiten vor Ort zu informieren.<br>Dar\u00fcber hinaus war auch der Stand der Agentur f\u00fcr Arbeit stark frequentiert.<br>Es waren sowohl Ausbildungsleiter als auch Auszubildende vor Ort, die aufgrund des geringeren Altersunterschieds oft leichter mit den Sch\u00fclern ins Gespr\u00e4ch kommen. Zur Demonstration der eigenen Arbeit kamen verst\u00e4rkt in der Ausbildung gefertigte Modelle zum Einsatz, die einen \u00dcberblick in die Vielf\u00e4ltigkeit der Ausbildung geben konnten.<\/p>\n\n\n\n<figure class=\"wp-block-gallery columns-3 is-cropped wp-block-gallery-1 is-layout-flex wp-block-gallery-is-layout-flex\"><ul class=\"blocks-gallery-grid\"><li class=\"blocks-gallery-item\"><figure><a href=\"http:\/\/hsemsbueren.de\/?attachment_id=640\"><img loading=\"lazy\" decoding=\"async\" width=\"1024\" height=\"768\" src=\"http:\/\/hsemsbueren.de\/wp-content\/uploads\/2020\/05\/P1070207-1024x768.jpg\" alt=\"\" data-id=\"640\" data-full-url=\"http:\/\/hsemsbueren.de\/wp-content\/uploads\/2020\/05\/P1070207-scaled.jpg\" data-link=\"http:\/\/hsemsbueren.de\/?attachment_id=640\" class=\"wp-image-640\" srcset=\"https:\/\/hs-emsbueren.de\/wp-content\/uploads\/2020\/05\/P1070207-1024x768.jpg 1024w, https:\/\/hs-emsbueren.de\/wp-content\/uploads\/2020\/05\/P1070207-300x225.jpg 300w, https:\/\/hs-emsbueren.de\/wp-content\/uploads\/2020\/05\/P1070207-768x576.jpg 768w, https:\/\/hs-emsbueren.de\/wp-content\/uploads\/2020\/05\/P1070207-1536x1152.jpg 1536w, https:\/\/hs-emsbueren.de\/wp-content\/uploads\/2020\/05\/P1070207-2048x1536.jpg 2048w, https:\/\/hs-emsbueren.de\/wp-content\/uploads\/2020\/05\/P1070207-400x300.jpg 400w\" sizes=\"auto, (max-width: 1024px) 100vw, 1024px\" \/><\/a><\/figure><\/li><li class=\"blocks-gallery-item\"><figure><a href=\"http:\/\/hsemsbueren.de\/?attachment_id=641\"><img loading=\"lazy\" decoding=\"async\" width=\"1024\" height=\"768\" src=\"http:\/\/hsemsbueren.de\/wp-content\/uploads\/2020\/05\/P1070226-1024x768.jpg\" alt=\"\" data-id=\"641\" data-full-url=\"http:\/\/hsemsbueren.de\/wp-content\/uploads\/2020\/05\/P1070226-scaled.jpg\" data-link=\"http:\/\/hsemsbueren.de\/?attachment_id=641\" class=\"wp-image-641\" srcset=\"https:\/\/hs-emsbueren.de\/wp-content\/uploads\/2020\/05\/P1070226-1024x768.jpg 1024w, https:\/\/hs-emsbueren.de\/wp-content\/uploads\/2020\/05\/P1070226-300x225.jpg 300w, https:\/\/hs-emsbueren.de\/wp-content\/uploads\/2020\/05\/P1070226-768x576.jpg 768w, https:\/\/hs-emsbueren.de\/wp-content\/uploads\/2020\/05\/P1070226-1536x1152.jpg 1536w, https:\/\/hs-emsbueren.de\/wp-content\/uploads\/2020\/05\/P1070226-2048x1536.jpg 2048w, https:\/\/hs-emsbueren.de\/wp-content\/uploads\/2020\/05\/P1070226-400x300.jpg 400w\" sizes=\"auto, (max-width: 1024px) 100vw, 1024px\" \/><\/a><\/figure><\/li><li class=\"blocks-gallery-item\"><figure><a href=\"http:\/\/hsemsbueren.de\/?attachment_id=643\"><img loading=\"lazy\" decoding=\"async\" width=\"1024\" height=\"768\" src=\"http:\/\/hsemsbueren.de\/wp-content\/uploads\/2020\/05\/P1070234-1024x768.jpg\" alt=\"\" data-id=\"643\" data-full-url=\"http:\/\/hsemsbueren.de\/wp-content\/uploads\/2020\/05\/P1070234-scaled.jpg\" data-link=\"http:\/\/hsemsbueren.de\/?attachment_id=643\" class=\"wp-image-643\" srcset=\"https:\/\/hs-emsbueren.de\/wp-content\/uploads\/2020\/05\/P1070234-1024x768.jpg 1024w, https:\/\/hs-emsbueren.de\/wp-content\/uploads\/2020\/05\/P1070234-300x225.jpg 300w, https:\/\/hs-emsbueren.de\/wp-content\/uploads\/2020\/05\/P1070234-768x576.jpg 768w, https:\/\/hs-emsbueren.de\/wp-content\/uploads\/2020\/05\/P1070234-1536x1152.jpg 1536w, https:\/\/hs-emsbueren.de\/wp-content\/uploads\/2020\/05\/P1070234-2048x1536.jpg 2048w, https:\/\/hs-emsbueren.de\/wp-content\/uploads\/2020\/05\/P1070234-400x300.jpg 400w\" sizes=\"auto, (max-width: 1024px) 100vw, 1024px\" \/><\/a><\/figure><\/li><li class=\"blocks-gallery-item\"><figure><a href=\"http:\/\/hsemsbueren.de\/?attachment_id=644\"><img loading=\"lazy\" decoding=\"async\" width=\"1024\" height=\"768\" src=\"http:\/\/hsemsbueren.de\/wp-content\/uploads\/2020\/05\/P1070235-1024x768.jpg\" alt=\"\" data-id=\"644\" data-full-url=\"http:\/\/hsemsbueren.de\/wp-content\/uploads\/2020\/05\/P1070235-scaled.jpg\" data-link=\"http:\/\/hsemsbueren.de\/?attachment_id=644\" class=\"wp-image-644\" srcset=\"https:\/\/hs-emsbueren.de\/wp-content\/uploads\/2020\/05\/P1070235-1024x768.jpg 1024w, https:\/\/hs-emsbueren.de\/wp-content\/uploads\/2020\/05\/P1070235-300x225.jpg 300w, https:\/\/hs-emsbueren.de\/wp-content\/uploads\/2020\/05\/P1070235-768x576.jpg 768w, https:\/\/hs-emsbueren.de\/wp-content\/uploads\/2020\/05\/P1070235-1536x1152.jpg 1536w, https:\/\/hs-emsbueren.de\/wp-content\/uploads\/2020\/05\/P1070235-2048x1536.jpg 2048w, https:\/\/hs-emsbueren.de\/wp-content\/uploads\/2020\/05\/P1070235-400x300.jpg 400w\" sizes=\"auto, (max-width: 1024px) 100vw, 1024px\" \/><\/a><\/figure><\/li><li class=\"blocks-gallery-item\"><figure><a href=\"http:\/\/hsemsbueren.de\/?attachment_id=645\"><img loading=\"lazy\" decoding=\"async\" width=\"1024\" height=\"768\" src=\"http:\/\/hsemsbueren.de\/wp-content\/uploads\/2020\/05\/P1070236-1024x768.jpg\" alt=\"\" data-id=\"645\" data-full-url=\"http:\/\/hsemsbueren.de\/wp-content\/uploads\/2020\/05\/P1070236-scaled.jpg\" data-link=\"http:\/\/hsemsbueren.de\/?attachment_id=645\" class=\"wp-image-645\" srcset=\"https:\/\/hs-emsbueren.de\/wp-content\/uploads\/2020\/05\/P1070236-1024x768.jpg 1024w, https:\/\/hs-emsbueren.de\/wp-content\/uploads\/2020\/05\/P1070236-300x225.jpg 300w, https:\/\/hs-emsbueren.de\/wp-content\/uploads\/2020\/05\/P1070236-768x576.jpg 768w, https:\/\/hs-emsbueren.de\/wp-content\/uploads\/2020\/05\/P1070236-1536x1152.jpg 1536w, https:\/\/hs-emsbueren.de\/wp-content\/uploads\/2020\/05\/P1070236-2048x1536.jpg 2048w, https:\/\/hs-emsbueren.de\/wp-content\/uploads\/2020\/05\/P1070236-400x300.jpg 400w\" sizes=\"auto, (max-width: 1024px) 100vw, 1024px\" \/><\/a><\/figure><\/li><li class=\"blocks-gallery-item\"><figure><a href=\"http:\/\/hsemsbueren.de\/?attachment_id=646\"><img loading=\"lazy\" decoding=\"async\" width=\"1024\" height=\"768\" src=\"http:\/\/hsemsbueren.de\/wp-content\/uploads\/2020\/05\/P1070237-1024x768.jpg\" alt=\"\" data-id=\"646\" data-full-url=\"http:\/\/hsemsbueren.de\/wp-content\/uploads\/2020\/05\/P1070237-scaled.jpg\" data-link=\"http:\/\/hsemsbueren.de\/?attachment_id=646\" class=\"wp-image-646\" srcset=\"https:\/\/hs-emsbueren.de\/wp-content\/uploads\/2020\/05\/P1070237-1024x768.jpg 1024w, https:\/\/hs-emsbueren.de\/wp-content\/uploads\/2020\/05\/P1070237-300x225.jpg 300w, https:\/\/hs-emsbueren.de\/wp-content\/uploads\/2020\/05\/P1070237-768x576.jpg 768w, https:\/\/hs-emsbueren.de\/wp-content\/uploads\/2020\/05\/P1070237-1536x1152.jpg 1536w, https:\/\/hs-emsbueren.de\/wp-content\/uploads\/2020\/05\/P1070237-2048x1536.jpg 2048w, https:\/\/hs-emsbueren.de\/wp-content\/uploads\/2020\/05\/P1070237-400x300.jpg 400w\" sizes=\"auto, (max-width: 1024px) 100vw, 1024px\" \/><\/a><\/figure><\/li><li class=\"blocks-gallery-item\"><figure><a href=\"http:\/\/hsemsbueren.de\/?attachment_id=647\"><img loading=\"lazy\" decoding=\"async\" width=\"1024\" height=\"768\" src=\"http:\/\/hsemsbueren.de\/wp-content\/uploads\/2020\/05\/P1070238-1024x768.jpg\" alt=\"\" data-id=\"647\" data-full-url=\"http:\/\/hsemsbueren.de\/wp-content\/uploads\/2020\/05\/P1070238-scaled.jpg\" data-link=\"http:\/\/hsemsbueren.de\/?attachment_id=647\" class=\"wp-image-647\" srcset=\"https:\/\/hs-emsbueren.de\/wp-content\/uploads\/2020\/05\/P1070238-1024x768.jpg 1024w, https:\/\/hs-emsbueren.de\/wp-content\/uploads\/2020\/05\/P1070238-300x225.jpg 300w, https:\/\/hs-emsbueren.de\/wp-content\/uploads\/2020\/05\/P1070238-768x576.jpg 768w, https:\/\/hs-emsbueren.de\/wp-content\/uploads\/2020\/05\/P1070238-1536x1152.jpg 1536w, https:\/\/hs-emsbueren.de\/wp-content\/uploads\/2020\/05\/P1070238-2048x1536.jpg 2048w, https:\/\/hs-emsbueren.de\/wp-content\/uploads\/2020\/05\/P1070238-400x300.jpg 400w\" sizes=\"auto, (max-width: 1024px) 100vw, 1024px\" \/><\/a><\/figure><\/li><li class=\"blocks-gallery-item\"><figure><a href=\"http:\/\/hsemsbueren.de\/?attachment_id=649\"><img loading=\"lazy\" decoding=\"async\" width=\"1024\" height=\"768\" src=\"http:\/\/hsemsbueren.de\/wp-content\/uploads\/2020\/05\/P1070239-1024x768.jpg\" alt=\"\" data-id=\"649\" data-full-url=\"http:\/\/hsemsbueren.de\/wp-content\/uploads\/2020\/05\/P1070239-scaled.jpg\" data-link=\"http:\/\/hsemsbueren.de\/?attachment_id=649\" class=\"wp-image-649\" srcset=\"https:\/\/hs-emsbueren.de\/wp-content\/uploads\/2020\/05\/P1070239-1024x768.jpg 1024w, https:\/\/hs-emsbueren.de\/wp-content\/uploads\/2020\/05\/P1070239-300x225.jpg 300w, https:\/\/hs-emsbueren.de\/wp-content\/uploads\/2020\/05\/P1070239-768x576.jpg 768w, https:\/\/hs-emsbueren.de\/wp-content\/uploads\/2020\/05\/P1070239-1536x1152.jpg 1536w, https:\/\/hs-emsbueren.de\/wp-content\/uploads\/2020\/05\/P1070239-2048x1536.jpg 2048w, https:\/\/hs-emsbueren.de\/wp-content\/uploads\/2020\/05\/P1070239-400x300.jpg 400w\" sizes=\"auto, (max-width: 1024px) 100vw, 1024px\" \/><\/a><\/figure><\/li><li class=\"blocks-gallery-item\"><figure><a href=\"http:\/\/hsemsbueren.de\/?attachment_id=650\"><img loading=\"lazy\" decoding=\"async\" width=\"1024\" height=\"768\" src=\"http:\/\/hsemsbueren.de\/wp-content\/uploads\/2020\/05\/P1070244-1024x768.jpg\" alt=\"\" data-id=\"650\" data-full-url=\"http:\/\/hsemsbueren.de\/wp-content\/uploads\/2020\/05\/P1070244-scaled.jpg\" data-link=\"http:\/\/hsemsbueren.de\/?attachment_id=650\" class=\"wp-image-650\" srcset=\"https:\/\/hs-emsbueren.de\/wp-content\/uploads\/2020\/05\/P1070244-1024x768.jpg 1024w, https:\/\/hs-emsbueren.de\/wp-content\/uploads\/2020\/05\/P1070244-300x225.jpg 300w, https:\/\/hs-emsbueren.de\/wp-content\/uploads\/2020\/05\/P1070244-768x576.jpg 768w, https:\/\/hs-emsbueren.de\/wp-content\/uploads\/2020\/05\/P1070244-1536x1152.jpg 1536w, https:\/\/hs-emsbueren.de\/wp-content\/uploads\/2020\/05\/P1070244-2048x1536.jpg 2048w, https:\/\/hs-emsbueren.de\/wp-content\/uploads\/2020\/05\/P1070244-400x300.jpg 400w\" sizes=\"auto, (max-width: 1024px) 100vw, 1024px\" \/><\/a><\/figure><\/li><\/ul><\/figure>\n","protected":false},"excerpt":{"rendered":"<p>An erstmals zwei Veranstaltungstagen waren die St\u00e4nde in der Mensa und im Ganztagsbereich des Schulzentrums Emsb\u00fcren sehr gut besucht.Am Dienstag, 14. Juli begr\u00fc\u00dfte B\u00fcrgermeister Overberg alle anwesenden Aussteller und Besucher recht herzlich und w\u00fcnschte ihnen gute Gespr\u00e4ch und Erkenntnisse. Er zeigt sich erfreut, dass die Emsb\u00fcrener Ausbildungsplatzb\u00f6rse stetig wachse und sich auch namhafte Unternehmen aus [&hellip;]<\/p>\n","protected":false},"author":1,"featured_media":0,"parent":0,"menu_order":0,"comment_status":"closed","ping_status":"closed","template":"","meta":{"ngg_post_thumbnail":0,"footnotes":""},"class_list":["post-557","page","type-page","status-publish","hentry"],"_links":{"self":[{"href":"https:\/\/hs-emsbueren.de\/index.php?rest_route=\/wp\/v2\/pages\/557","targetHints":{"allow":["GET"]}}],"collection":[{"href":"https:\/\/hs-emsbueren.de\/index.php?rest_route=\/wp\/v2\/pages"}],"about":[{"href":"https:\/\/hs-emsbueren.de\/index.php?rest_route=\/wp\/v2\/types\/page"}],"author":[{"embeddable":true,"href":"https:\/\/hs-emsbueren.de\/index.php?rest_route=\/wp\/v2\/users\/1"}],"replies":[{"embeddable":true,"href":"https:\/\/hs-emsbueren.de\/index.php?rest_route=%2Fwp%2Fv2%2Fcomments&post=557"}],"version-history":[{"count":3,"href":"https:\/\/hs-emsbueren.de\/index.php?rest_route=\/wp\/v2\/pages\/557\/revisions"}],"predecessor-version":[{"id":651,"href":"https:\/\/hs-emsbueren.de\/index.php?rest_route=\/wp\/v2\/pages\/557\/revisions\/651"}],"wp:attachment":[{"href":"https:\/\/hs-emsbueren.de\/index.php?rest_route=%2Fwp%2Fv2%2Fmedia&parent=557"}],"curies":[{"name":"wp","href":"https:\/\/api.w.org\/{rel}","templated":true}]}}