{"id":84,"date":"2020-05-07T08:22:53","date_gmt":"2020-05-07T08:22:53","guid":{"rendered":"http:\/\/hsemsbueren.de\/?page_id=84"},"modified":"2024-01-11T15:31:02","modified_gmt":"2024-01-11T13:31:02","slug":"impressum","status":"publish","type":"page","link":"https:\/\/hs-emsbueren.de\/?page_id=84","title":{"rendered":"Impressum"},"content":{"rendered":"\n<p><strong>Hauptschule Emsb\u00fcren<\/strong><\/p>\n\n\n\n<p>Sch\u00fctzenstra\u00dfe 8<\/p>\n\n\n\n<p>48488 Emsb\u00fcren<\/p>\n\n\n\n<p><strong>Telefon: 05903&nbsp; 7663<\/strong><\/p>\n\n\n\n<p>Telefax: 05903&nbsp; 6195<\/p>\n\n\n\n<p>E-Mail: <a href=\"mailto:hauptschule@hs-emsbueren.de\">hauptschule@hs-emsbueren.de<\/a><\/p>\n\n\n\n<p><strong>Schulleitung<\/strong><\/p>\n\n\n\n<p><strong>Christel Schnieder, Rektorin<\/strong><\/p>\n\n\n\n<p><strong>Schultr\u00e4ger<\/strong><\/p>\n\n\n\n<p>Gemeinde Emsb\u00fcren<\/p>\n\n\n\n<p>vertreten durch:<\/p>\n\n\n\n<p>B\u00fcrgermeister Markus Silies<\/p>\n\n\n\n<p>Magistratstra\u00dfe 5<\/p>\n\n\n\n<p>48488 Emsb\u00fcren<\/p>\n\n\n\n<p>Telefon: 05903 93 05 0<\/p>\n\n\n\n<p>E-Mail: <a href=\"mailto:info@emsbueren.de\">info@emsbueren.de<\/a><\/p>\n\n\n\n<p><strong>Verantwortlich f\u00fcr den Inhalt<\/strong><\/p>\n\n\n\n<p>Christel Schnieder, Rektorin<\/p>\n\n\n\n<p><strong>Jugendschutzbeauftragter i.S. des \u00a7 7 JMStV<\/strong><\/p>\n\n\n\n<p>Frank Vehring, Sozialp\u00e4dagoge<\/p>\n\n\n\n<p>E-Mail: frank.vehring@hsemsbueren.de<\/p>\n","protected":false},"excerpt":{"rendered":"<p>Hauptschule Emsb\u00fcren Sch\u00fctzenstra\u00dfe 8 48488 Emsb\u00fcren Telefon: 05903&nbsp; 7663 Telefax: 05903&nbsp; 6195 E-Mail: hauptschule@hs-emsbueren.de Schulleitung Christel Schnieder, Rektorin Schultr\u00e4ger Gemeinde Emsb\u00fcren vertreten durch: B\u00fcrgermeister Markus Silies Magistratstra\u00dfe 5 48488 Emsb\u00fcren Telefon: 05903 93 05 0 E-Mail: info@emsbueren.de Verantwortlich f\u00fcr den Inhalt Christel Schnieder, Rektorin Jugendschutzbeauftragter i.S. des \u00a7 7 JMStV Frank Vehring, Sozialp\u00e4dagoge E-Mail: frank.vehring@hsemsbueren.de<\/p>\n","protected":false},"author":1,"featured_media":0,"parent":0,"menu_order":7,"comment_status":"closed","ping_status":"closed","template":"tpl-full-width.php","meta":{"ngg_post_thumbnail":0,"footnotes":""},"class_list":["post-84","page","type-page","status-publish","hentry"],"_links":{"self":[{"href":"https:\/\/hs-emsbueren.de\/index.php?rest_route=\/wp\/v2\/pages\/84","targetHints":{"allow":["GET"]}}],"collection":[{"href":"https:\/\/hs-emsbueren.de\/index.php?rest_route=\/wp\/v2\/pages"}],"about":[{"href":"https:\/\/hs-emsbueren.de\/index.php?rest_route=\/wp\/v2\/types\/page"}],"author":[{"embeddable":true,"href":"https:\/\/hs-emsbueren.de\/index.php?rest_route=\/wp\/v2\/users\/1"}],"replies":[{"embeddable":true,"href":"https:\/\/hs-emsbueren.de\/index.php?rest_route=%2Fwp%2Fv2%2Fcomments&post=84"}],"version-history":[{"count":3,"href":"https:\/\/hs-emsbueren.de\/index.php?rest_route=\/wp\/v2\/pages\/84\/revisions"}],"predecessor-version":[{"id":4981,"href":"https:\/\/hs-emsbueren.de\/index.php?rest_route=\/wp\/v2\/pages\/84\/revisions\/4981"}],"wp:attachment":[{"href":"https:\/\/hs-emsbueren.de\/index.php?rest_route=%2Fwp%2Fv2%2Fmedia&parent=84"}],"curies":[{"name":"wp","href":"https:\/\/api.w.org\/{rel}","templated":true}]}}