{"id":974,"date":"2020-06-04T16:42:32","date_gmt":"2020-06-04T16:42:32","guid":{"rendered":"http:\/\/hsemsbueren.de\/?page_id=974"},"modified":"2022-09-30T08:33:54","modified_gmt":"2022-09-30T06:33:54","slug":"berufsorientierung-2","status":"publish","type":"page","link":"https:\/\/hs-emsbueren.de\/?page_id=974","title":{"rendered":"Berufsorientierung"},"content":{"rendered":"\n<p>F\u00fcr die <strong><span class=\"has-inline-color has-luminous-vivid-amber-color\">H<\/span><span class=\"has-inline-color has-vivid-cyan-blue-color\">S<\/span><span class=\"has-inline-color has-vivid-red-color\">E<\/span><\/strong> liegt ein besonderer Schwerpunkt im Bereich der Beruflichen Orientierung. Zu diesem Zweck gibt es eine Vielzahl an Ma\u00dfnahmen, die unsere Sch\u00fclerinnen und Sch\u00fcler auf das Berufsleben, aber auch auf weiterf\u00fchrende Schulen vorbereiten.<\/p>\n\n\n\n<p>Diese werden im Folgenden beschrieben.<\/p>\n","protected":false},"excerpt":{"rendered":"<p>F\u00fcr die HSE liegt ein besonderer Schwerpunkt im Bereich der Beruflichen Orientierung. Zu diesem Zweck gibt es eine Vielzahl an Ma\u00dfnahmen, die unsere Sch\u00fclerinnen und Sch\u00fcler auf das Berufsleben, aber auch auf weiterf\u00fchrende Schulen vorbereiten. Diese werden im Folgenden beschrieben.<\/p>\n","protected":false},"author":1,"featured_media":4174,"parent":0,"menu_order":0,"comment_status":"closed","ping_status":"closed","template":"","meta":{"ngg_post_thumbnail":0,"footnotes":""},"class_list":["post-974","page","type-page","status-publish","has-post-thumbnail","hentry"],"_links":{"self":[{"href":"https:\/\/hs-emsbueren.de\/index.php?rest_route=\/wp\/v2\/pages\/974","targetHints":{"allow":["GET"]}}],"collection":[{"href":"https:\/\/hs-emsbueren.de\/index.php?rest_route=\/wp\/v2\/pages"}],"about":[{"href":"https:\/\/hs-emsbueren.de\/index.php?rest_route=\/wp\/v2\/types\/page"}],"author":[{"embeddable":true,"href":"https:\/\/hs-emsbueren.de\/index.php?rest_route=\/wp\/v2\/users\/1"}],"replies":[{"embeddable":true,"href":"https:\/\/hs-emsbueren.de\/index.php?rest_route=%2Fwp%2Fv2%2Fcomments&post=974"}],"version-history":[{"count":7,"href":"https:\/\/hs-emsbueren.de\/index.php?rest_route=\/wp\/v2\/pages\/974\/revisions"}],"predecessor-version":[{"id":4176,"href":"https:\/\/hs-emsbueren.de\/index.php?rest_route=\/wp\/v2\/pages\/974\/revisions\/4176"}],"wp:featuredmedia":[{"embeddable":true,"href":"https:\/\/hs-emsbueren.de\/index.php?rest_route=\/wp\/v2\/media\/4174"}],"wp:attachment":[{"href":"https:\/\/hs-emsbueren.de\/index.php?rest_route=%2Fwp%2Fv2%2Fmedia&parent=974"}],"curies":[{"name":"wp","href":"https:\/\/api.w.org\/{rel}","templated":true}]}}